{"id":9968,"date":"2022-01-27T20:26:09","date_gmt":"2022-01-27T20:26:09","guid":{"rendered":"https:\/\/store.handsomecake.com\/product\/metal-gear-solid-quiet-14-resin-statue-von-fe-studios\/"},"modified":"2024-06-12T15:05:01","modified_gmt":"2024-06-12T15:05:01","slug":"metal-gear-solid-quiet-14-resin-statue-von-fe-studios","status":"publish","type":"product","link":"https:\/\/store.handsomecake.com\/en\/product\/metal-gear-solid-quiet-14-resin-statue-von-fe-studios\/","title":{"rendered":"Metal Gear Solid &#8211; Quiet | 1:4 Resin Statue | von FE Studios"},"content":{"rendered":"<p>Metal Gear Solid &#8211; Quiet &#8218; 1:4 Resin Statue &#8218; von FE Studios<\/p>\n<p>Tolle Statue von unserer geliebten Scharfsch\u00fctzin<br \/>\nWunderbar verarbeitete und sehr detaillierte Quiet Statue aus Polystone &#8211; k\u00fcnstlichem Stein-Harz-Gemisch.<\/p>\n<p><strong>Besonderheiten:<\/strong><\/p>\n<ul>\n<li>2 austauschbare K\u00f6pfe<\/li>\n<li>290 St\u00fcck weltweit<\/li>\n<\/ul>\n<p><strong>Release-Status:<\/strong><\/p>\n<ul>\n<li>Preorder. Statue wird sch\u00e4tzungsweise Q1 2023 fertiggestellt und wir erwarten sie bei uns im Lager gegen Ende Mai 2023.<\/li>\n<\/ul>\n<p>Wie immer bei meinen Artikeln &#8211; s\u00e4mtliche Geb\u00fchren sind, im Gegensatz zu anderen Angeboten, bereits inkludiert. Versand erfolgt ausschlie\u00dflich aus Deutschland, es fallen keine Zoll- und Importgeb\u00fchren an. Ihr kauft keine Katze im Sack \ud83d\ude42<\/p>\n<p>Ma\u00dfe der Statue:<br \/>\nGr\u00f6\u00dfe: ca. H48cm x W34cm x D27cm<br \/>\nGewicht: TBA, gesch\u00e4tzt: ca. 12kg<\/p>\n<p>You are not prepared! \ud83d\ude42<\/p>","protected":false},"excerpt":{"rendered":"<p>Metal Gear Solid &#8211; Quiet &#8218; 1:4 Resin Statue &#8218; von FE Studios Tolle Statue von unserer geliebten Scharfsch\u00fctzin Wunderbar verarbeitete und sehr detaillierte Quiet Statue aus Polystone &#8211; k\u00fcnstlichem Stein-Harz-Gemisch. Besonderheiten: 2 austauschbare K\u00f6pfe 290 St\u00fcck weltweit Release-Status: Preorder. Statue wird sch\u00e4tzungsweise Q1 2023 fertiggestellt und wir erwarten sie bei uns im Lager gegen [&hellip;]<\/p>\n","protected":false},"featured_media":9969,"comment_status":"closed","ping_status":"closed","template":"","meta":[],"product_brand":[],"product_cat":[568,184,81],"product_tag":[],"class_list":{"0":"post-9968","1":"product","2":"type-product","3":"status-publish","4":"has-post-thumbnail","6":"product_cat-preorder","7":"product_cat-sonstige-resin-statuen","8":"product_cat-statuen-computerspieluniversum","9":"pa_brand-fe-studios","10":"pa_scale-1_to_4","12":"first","13":"instock","14":"taxable","15":"shipping-taxable","16":"product-type-variable"},"_links":{"self":[{"href":"https:\/\/store.handsomecake.com\/en\/wp-json\/wp\/v2\/product\/9968","targetHints":{"allow":["GET"]}}],"collection":[{"href":"https:\/\/store.handsomecake.com\/en\/wp-json\/wp\/v2\/product"}],"about":[{"href":"https:\/\/store.handsomecake.com\/en\/wp-json\/wp\/v2\/types\/product"}],"replies":[{"embeddable":true,"href":"https:\/\/store.handsomecake.com\/en\/wp-json\/wp\/v2\/comments?post=9968"}],"wp:featuredmedia":[{"embeddable":true,"href":"https:\/\/store.handsomecake.com\/en\/wp-json\/wp\/v2\/media\/9969"}],"wp:attachment":[{"href":"https:\/\/store.handsomecake.com\/en\/wp-json\/wp\/v2\/media?parent=9968"}],"wp:term":[{"taxonomy":"product_brand","embeddable":true,"href":"https:\/\/store.handsomecake.com\/en\/wp-json\/wp\/v2\/product_brand?post=9968"},{"taxonomy":"product_cat","embeddable":true,"href":"https:\/\/store.handsomecake.com\/en\/wp-json\/wp\/v2\/product_cat?post=9968"},{"taxonomy":"product_tag","embeddable":true,"href":"https:\/\/store.handsomecake.com\/en\/wp-json\/wp\/v2\/product_tag?post=9968"}],"curies":[{"name":"wp","href":"https:\/\/api.w.org\/{rel}","templated":true}]}}