{"id":9961,"date":"2022-01-27T20:24:54","date_gmt":"2022-01-27T20:24:54","guid":{"rendered":"https:\/\/store.handsomecake.com\/product\/one-piece-roronoa-zoro-16-resin-statue-von-last-sleep-studio\/"},"modified":"2024-06-12T15:04:56","modified_gmt":"2024-06-12T15:04:56","slug":"one-piece-roronoa-zoro-16-resin-statue-von-last-sleep-studio","status":"publish","type":"product","link":"https:\/\/store.handsomecake.com\/en\/product\/one-piece-roronoa-zoro-16-resin-statue-von-last-sleep-studio\/","title":{"rendered":"One Piece &#8211; Roronoa Zoro | 1:6 Resin Statue | von Last Sleep Studio"},"content":{"rendered":"<p>One Piece &#8211; Roronoa Zoro &#8218; 1:6 Resin Statue &#8218; von Last Sleep Studio<\/p>\n<p>Tolle Statue von unserem geliebten Schwertmeister<br \/>\nWunderbar verarbeitete und sehr detaillierte Statue von Roronoa Zoro und 8 weiteren Charakteren aus Polystone &#8211; k\u00fcnstlichem Stein-Harz-Gemisch.<\/p>\n<p><strong>Besonderheiten:<\/strong><\/p>\n<ul>\n<li>188 St\u00fcck weltweit<\/li>\n<\/ul>\n<p><strong>Release-Status:<\/strong><\/p>\n<ul>\n<li>Preorder. Statue wird sch\u00e4tzungsweise Q4 2022 fertiggestellt und wir erwarten sie bei uns im Lager gegen Ende Februar 2023.<\/li>\n<\/ul>\n<p>Wie immer bei meinen Artikeln &#8211; s\u00e4mtliche Geb\u00fchren sind, im Gegensatz zu anderen Angeboten, bereits inkludiert. Versand erfolgt ausschlie\u00dflich aus Deutschland, es fallen keine Zoll- und Importgeb\u00fchren an. Ihr kauft keine Katze im Sack \ud83d\ude42<\/p>\n<p>Ma\u00dfe der Statue:<br \/>\nGr\u00f6\u00dfe: ca. H95cm x W90cm x D72cm<br \/>\nGewicht: TBA, gesch\u00e4tzt: ca. 50kg<\/p>\n<p>You are not prepared! \ud83d\ude42<\/p>","protected":false},"excerpt":{"rendered":"<p>One Piece &#8211; Roronoa Zoro &#8218; 1:6 Resin Statue &#8218; von Last Sleep Studio Tolle Statue von unserem geliebten Schwertmeister Wunderbar verarbeitete und sehr detaillierte Statue von Roronoa Zoro und 8 weiteren Charakteren aus Polystone &#8211; k\u00fcnstlichem Stein-Harz-Gemisch. Besonderheiten: 188 St\u00fcck weltweit Release-Status: Preorder. Statue wird sch\u00e4tzungsweise Q4 2022 fertiggestellt und wir erwarten sie bei [&hellip;]<\/p>\n","protected":false},"featured_media":9962,"comment_status":"closed","ping_status":"closed","template":"","meta":[],"product_brand":[],"product_cat":[89,568,84],"product_tag":[612,663,664,794,662,640,658,147,251,795,164,501,502,165,154,136,137,177,178,179,379,381,665,380,382,718,871],"class_list":{"0":"post-9961","1":"product","2":"type-product","3":"status-publish","4":"has-post-thumbnail","6":"product_cat-one-piece","7":"product_cat-preorder","8":"product_cat-statuen-anime-comic-universum","9":"product_tag-anime","10":"product_tag-anime-figur-shop","11":"product_tag-anime-figuren-one-piece","12":"product_tag-anime-statue","13":"product_tag-anime-statue-shop","14":"product_tag-anime-statuen","15":"product_tag-anime-toys","16":"product_tag-collectibles","17":"product_tag-collectibles-kaufen","18":"product_tag-handsomecake","19":"product_tag-one-piece-collectibles","20":"product_tag-one-piece-lifesize","21":"product_tag-one-piece-resin","22":"product_tag-one-piece-statue","23":"product_tag-resin-collectibles","24":"product_tag-resin-statuen","25":"product_tag-resin-statuen-kaufen","26":"product_tag-roroana-zoro","27":"product_tag-roroana-zoro-collectible","28":"product_tag-roroana-zoro-statue","29":"product_tag-statue-collectible","30":"product_tag-statue-collectibles","31":"product_tag-statuen-shop","32":"product_tag-statues-collectible","33":"product_tag-statues-collectibles","34":"product_tag-toys","35":"product_tag-zoro-toys","36":"pa_brand-las-sleep-studio","37":"pa_scale-1_to_6","39":"first","40":"instock","41":"taxable","42":"shipping-taxable","43":"product-type-variable"},"_links":{"self":[{"href":"https:\/\/store.handsomecake.com\/en\/wp-json\/wp\/v2\/product\/9961","targetHints":{"allow":["GET"]}}],"collection":[{"href":"https:\/\/store.handsomecake.com\/en\/wp-json\/wp\/v2\/product"}],"about":[{"href":"https:\/\/store.handsomecake.com\/en\/wp-json\/wp\/v2\/types\/product"}],"replies":[{"embeddable":true,"href":"https:\/\/store.handsomecake.com\/en\/wp-json\/wp\/v2\/comments?post=9961"}],"wp:featuredmedia":[{"embeddable":true,"href":"https:\/\/store.handsomecake.com\/en\/wp-json\/wp\/v2\/media\/9962"}],"wp:attachment":[{"href":"https:\/\/store.handsomecake.com\/en\/wp-json\/wp\/v2\/media?parent=9961"}],"wp:term":[{"taxonomy":"product_brand","embeddable":true,"href":"https:\/\/store.handsomecake.com\/en\/wp-json\/wp\/v2\/product_brand?post=9961"},{"taxonomy":"product_cat","embeddable":true,"href":"https:\/\/store.handsomecake.com\/en\/wp-json\/wp\/v2\/product_cat?post=9961"},{"taxonomy":"product_tag","embeddable":true,"href":"https:\/\/store.handsomecake.com\/en\/wp-json\/wp\/v2\/product_tag?post=9961"}],"curies":[{"name":"wp","href":"https:\/\/api.w.org\/{rel}","templated":true}]}}