{"id":9940,"date":"2022-01-25T20:30:08","date_gmt":"2022-01-25T20:30:08","guid":{"rendered":"https:\/\/store.handsomecake.com\/product\/dragon-ball-z-shenlong-and-kid-goku-resin-statue-von-yoyo-studio\/"},"modified":"2024-06-12T15:04:52","modified_gmt":"2024-06-12T15:04:52","slug":"dragon-ball-z-shenlong-and-kid-goku-resin-statue-von-yoyo-studio","status":"publish","type":"product","link":"https:\/\/store.handsomecake.com\/en\/product\/dragon-ball-z-shenlong-and-kid-goku-resin-statue-von-yoyo-studio\/","title":{"rendered":"Dragon Ball Z &#8211; Shenlong and Kid Goku | Resin Statue | von YoYo Studio"},"content":{"rendered":"<p>Dragon Ball Z &#8211; Shenlong and Child Goku &#8218; 1:4 Resin Statue &#8218; von YoYo Studio<\/p>\n<p>Tolle Statue des wunscherf\u00fcllenden Drachen und des kleinen Son Goku<br \/>\nWunderbar verarbeitete und sehr detaillierte Shenlong und Kid Goku aus Polystone &#8211; k\u00fcnstlichem Stein-Harz-Gemisch.<\/p>\n<p><strong>Besonderheiten:<\/strong><\/p>\n<ul>\n<li>LED im Sockel und in den Drachenaugen<\/li>\n<li>155 St\u00fcck weltweit<\/li>\n<\/ul>\n<p><strong>Release-Status:<\/strong><\/p>\n<ul>\n<li>Lagernd vor Ort. Versandfertig in ca. 5 Werktagen<\/li>\n<\/ul>\n<p>Wie immer bei meinen Artikeln\u00a0&#8211; s\u00e4mtliche Geb\u00fchren sind, im Gegensatz zu anderen Angeboten, bereits inkludiert. Versand erfolgt ausschlie\u00dflich aus Deutschland, es fallen keine Zoll- und Importgeb\u00fchren an. Ihr kauft keine Katze im Sack \ud83d\ude42<\/p>\n<p>Ma\u00dfe der Statue:<br \/>\nGr\u00f6\u00dfe: ca. H54cm x W53cm x D30cm<br \/>\nGewicht: TBA, gesch\u00e4tzt 16kg<\/p>\n<p>You are not prepared! \ud83d\ude42<\/p>","protected":false},"excerpt":{"rendered":"<p>Dragon Ball Z &#8211; Shenlong and Child Goku &#8218; 1:4 Resin Statue &#8218; von YoYo Studio Tolle Statue des wunscherf\u00fcllenden Drachen und des kleinen Son Goku Wunderbar verarbeitete und sehr detaillierte Shenlong und Kid Goku aus Polystone &#8211; k\u00fcnstlichem Stein-Harz-Gemisch. Besonderheiten: LED im Sockel und in den Drachenaugen 155 St\u00fcck weltweit Release-Status: Lagernd vor Ort. [&hellip;]<\/p>\n","protected":false},"featured_media":9941,"comment_status":"closed","ping_status":"closed","template":"","meta":[],"product_brand":[],"product_cat":[87,826,84,567],"product_tag":[612,659,666,717,794,662,640,658,479,147,251,738,190,191,171,346,741,795,154,255,136,137,472,379,381,552,380,547,718],"class_list":{"0":"post-9940","1":"product","2":"type-product","3":"status-publish","4":"has-post-thumbnail","6":"product_cat-dragon-ball","7":"product_cat-lagernd-vor-ort","8":"product_cat-statuen-anime-comic-universum","9":"product_cat-in_stock_warehouse_china","10":"product_tag-anime","11":"product_tag-anime-figuren","12":"product_tag-anime-figuren-shop","13":"product_tag-anime-shop","14":"product_tag-anime-statue","15":"product_tag-anime-statue-shop","16":"product_tag-anime-statuen","17":"product_tag-anime-toys","18":"product_tag-collectible","19":"product_tag-collectibles","20":"product_tag-collectibles-kaufen","21":"product_tag-dragon-ball","22":"product_tag-dragon-ball-collectibles","23":"product_tag-dragon-ball-resin","24":"product_tag-dragon-ball-son-goku","25":"product_tag-dragon-ball-son-goku-collectible","26":"product_tag-dragon-ball-statuen","27":"product_tag-handsomecake","28":"product_tag-resin-collectibles","29":"product_tag-resin-collectibles-kaufen","30":"product_tag-resin-statuen","31":"product_tag-resin-statuen-kaufen","32":"product_tag-son-goku-statue","33":"product_tag-statue-collectible","34":"product_tag-statue-collectibles","35":"product_tag-statue-collector","36":"product_tag-statues-collectible","37":"product_tag-statues-collector","38":"product_tag-toys","39":"pa_brand-yoyo-studio","40":"pa_scale-1_to_20","42":"first","43":"outofstock","44":"taxable","45":"shipping-taxable","46":"product-type-simple"},"_links":{"self":[{"href":"https:\/\/store.handsomecake.com\/en\/wp-json\/wp\/v2\/product\/9940","targetHints":{"allow":["GET"]}}],"collection":[{"href":"https:\/\/store.handsomecake.com\/en\/wp-json\/wp\/v2\/product"}],"about":[{"href":"https:\/\/store.handsomecake.com\/en\/wp-json\/wp\/v2\/types\/product"}],"replies":[{"embeddable":true,"href":"https:\/\/store.handsomecake.com\/en\/wp-json\/wp\/v2\/comments?post=9940"}],"wp:featuredmedia":[{"embeddable":true,"href":"https:\/\/store.handsomecake.com\/en\/wp-json\/wp\/v2\/media\/9941"}],"wp:attachment":[{"href":"https:\/\/store.handsomecake.com\/en\/wp-json\/wp\/v2\/media?parent=9940"}],"wp:term":[{"taxonomy":"product_brand","embeddable":true,"href":"https:\/\/store.handsomecake.com\/en\/wp-json\/wp\/v2\/product_brand?post=9940"},{"taxonomy":"product_cat","embeddable":true,"href":"https:\/\/store.handsomecake.com\/en\/wp-json\/wp\/v2\/product_cat?post=9940"},{"taxonomy":"product_tag","embeddable":true,"href":"https:\/\/store.handsomecake.com\/en\/wp-json\/wp\/v2\/product_tag?post=9940"}],"curies":[{"name":"wp","href":"https:\/\/api.w.org\/{rel}","templated":true}]}}