{"id":991,"date":"2020-10-16T10:09:22","date_gmt":"2020-10-16T10:09:22","guid":{"rendered":"https:\/\/store.handsomecake.com\/?post_type=product&#038;p=991"},"modified":"2023-07-20T21:11:20","modified_gmt":"2023-07-20T21:11:20","slug":"dragon-ball-z-vegeta-iv-1-4-resin-statue-vom-last-sleep-studio","status":"publish","type":"product","link":"https:\/\/store.handsomecake.com\/en\/product\/dragon-ball-z-vegeta-iv-1-4-resin-statue-vom-last-sleep-studio\/","title":{"rendered":"Dragon Ball Z &#8211; Vegeta IV | 1:4 Resin Statue | vom Last Sleep Studio"},"content":{"rendered":"<p>Dragon Ball Z &#8211; Vegeta IV | 1:4 Resin Statue | vom Last Sleep Studio<br \/>\nI do ship EU-wide, please contact me, should questions arise.<\/p>\n<p>Tolle Statue des Freundes und Rivalen von Son Goku<br \/>\nWunderbar verarbeitete und sehr detaillierte Vegeta Statue aus Polystone &#8211; k\u00fcnstlichem Stein-Harz-Gemisch.<\/p>\n<p>Besonderheiten:<\/p>\n<ul>\n<li>3 austauschbare K\u00f6pfe<\/li>\n<li>3 austauschbare Arme<\/li>\n<li>LED Beleuchtung der Base + einen der Arme<\/li>\n<\/ul>\n<p>Release-Status:<\/p>\n<ul>\n<li>Released<\/li>\n<li>Update 20.07.2023 &#8211; wir konnten beim Gro\u00dfh\u00e4ndler in China noch einige Exemplare ergattern. 1:6 und 1:4 mit Lieferzeit von ca. 3-4 Monaten verf\u00fcgbar<\/li>\n<\/ul>\n<p>Wie immer bei meinen Artikeln &#8211; s\u00e4mtliche Geb\u00fchren sind, im Gegensatz zu anderen Angeboten, bereits inkludiert. Versand erfolgt ausschlie\u00dflich aus Deutschland, es fallen keine Zoll- und Importgeb\u00fchren an. Ihr kauft keine Katze im Sack \ud83d\ude42<\/p>\n<p>Ma\u00dfe der Statue:<br \/>\nGr\u00f6\u00dfe: ca. <strong>H67 x W37 x D57CM<\/strong><br \/>\nGewicht: ca. 34kg<br \/>\nRelease: ca. 15 Jan. 2021<\/p>\n<p>You are not prepared! \ud83d\ude42<\/p>","protected":false},"excerpt":{"rendered":"<p>Dragon Ball Z &#8211; Vegeta IV | 1:4 Resin Statue | vom Last Sleep Studio I do ship EU-wide, please contact me, should questions arise. Tolle Statue des Freundes und Rivalen von Son Goku Wunderbar verarbeitete und sehr detaillierte Vegeta Statue aus Polystone &#8211; k\u00fcnstlichem Stein-Harz-Gemisch. Besonderheiten: 3 austauschbare K\u00f6pfe 3 austauschbare Arme LED Beleuchtung [&hellip;]<\/p>\n","protected":false},"featured_media":1008,"comment_status":"closed","ping_status":"closed","template":"","meta":[],"product_brand":[],"product_cat":[87,84,567],"product_tag":[147,190,191,171,97,98,154,136,137],"class_list":{"0":"post-991","1":"product","2":"type-product","3":"status-publish","4":"has-post-thumbnail","6":"product_cat-dragon-ball","7":"product_cat-statuen-anime-comic-universum","8":"product_cat-in_stock_warehouse_china","9":"product_tag-collectibles","10":"product_tag-dragon-ball-collectibles","11":"product_tag-dragon-ball-resin","12":"product_tag-dragon-ball-son-goku","13":"product_tag-dragon-ball-statue","14":"product_tag-dragon-ball-vegeta","15":"product_tag-resin-collectibles","16":"product_tag-resin-statuen","17":"product_tag-resin-statuen-kaufen","18":"pa_brand-las-sleep-studio","19":"pa_scale-1_to_4","20":"pa_scale-1_to_6","22":"first","23":"instock","24":"taxable","25":"shipping-taxable","26":"product-type-variable"},"_links":{"self":[{"href":"https:\/\/store.handsomecake.com\/en\/wp-json\/wp\/v2\/product\/991","targetHints":{"allow":["GET"]}}],"collection":[{"href":"https:\/\/store.handsomecake.com\/en\/wp-json\/wp\/v2\/product"}],"about":[{"href":"https:\/\/store.handsomecake.com\/en\/wp-json\/wp\/v2\/types\/product"}],"replies":[{"embeddable":true,"href":"https:\/\/store.handsomecake.com\/en\/wp-json\/wp\/v2\/comments?post=991"}],"wp:featuredmedia":[{"embeddable":true,"href":"https:\/\/store.handsomecake.com\/en\/wp-json\/wp\/v2\/media\/1008"}],"wp:attachment":[{"href":"https:\/\/store.handsomecake.com\/en\/wp-json\/wp\/v2\/media?parent=991"}],"wp:term":[{"taxonomy":"product_brand","embeddable":true,"href":"https:\/\/store.handsomecake.com\/en\/wp-json\/wp\/v2\/product_brand?post=991"},{"taxonomy":"product_cat","embeddable":true,"href":"https:\/\/store.handsomecake.com\/en\/wp-json\/wp\/v2\/product_cat?post=991"},{"taxonomy":"product_tag","embeddable":true,"href":"https:\/\/store.handsomecake.com\/en\/wp-json\/wp\/v2\/product_tag?post=991"}],"curies":[{"name":"wp","href":"https:\/\/api.w.org\/{rel}","templated":true}]}}