{"id":9908,"date":"2022-01-24T21:14:54","date_gmt":"2022-01-24T21:14:54","guid":{"rendered":"https:\/\/store.handsomecake.com\/product\/attack-on-titan-sasha-braus-vs-pure-titan-resin-statue-von-jr-studio\/"},"modified":"2024-06-12T15:04:48","modified_gmt":"2024-06-12T15:04:48","slug":"attack-on-titan-sasha-braus-vs-pure-titan-resin-statue-von-jr-studio","status":"publish","type":"product","link":"https:\/\/store.handsomecake.com\/en\/product\/attack-on-titan-sasha-braus-vs-pure-titan-resin-statue-von-jr-studio\/","title":{"rendered":"Attack on Titan &#8211; Sasha Braus vs. Pure Titan | Resin Statue | von JR Studio"},"content":{"rendered":"<p>Attack on Titan &#8211; Sasha Braus vs. Pure Titan &#8218; Resin Statue &#8218; von JR Studio<\/p>\n<p>Tolle Statue von unseres geliebten Vielfra\u00dfes<br \/>\nWunderbar verarbeitete und sehr detaillierte Sasha Braus Statue aus Polystone &#8211; k\u00fcnstlichem Stein-Harz-Gemisch.<\/p>\n<p><u><strong>Ma\u00dfstab-Hinweis bei AoT-Statuen<\/strong><\/u> &#8211; bitte haltet euch nicht strikt oder am besten gar nicht an die Angaben wie 1 zu 4 oder 1 zu 10 usw. Bei den riesigen und unterschiedlichen Gr\u00f6\u00dfen der Titanen ist es sowieso unm\u00f6glich, eine ma\u00dfstabgetreue Reduzierung der K\u00f6rpergr\u00f6\u00dfen einzuhalten. Haltet euch bitte an die endg\u00fcltigen Ma\u00dfe wie HxBxT.<\/p>\n<p><strong>Besonderheiten:<\/strong><\/p>\n<ul>\n<li>Keine<\/li>\n<\/ul>\n<p><strong>Release-Status:<\/strong><\/p>\n<ul>\n<li>Vorbestellung. Statue wird ca. Q4 2022 released und wir erwarten sie sch\u00e4tzungsweise im Lager Ende Februar 2023.<\/li>\n<\/ul>\n<p>Wie immer bei meinen Artikeln &#8211; s\u00e4mtliche Geb\u00fchren sind, im Gegensatz zu anderen Angeboten, bereits inkludiert. Versand erfolgt ausschlie\u00dflich aus Deutschland, es fallen keine Zoll- und Importgeb\u00fchren an. Ihr kauft keine Katze im Sack \ud83d\ude42<\/p>\n<p>Ma\u00dfe der Statue:<br \/>\nGr\u00f6\u00dfe: ca. H60cm x W52cm x D42<br \/>\nGewicht: TBA, gesch\u00e4tzt: ca. 18kg<\/p>\n<p>You are not prepared! \ud83d\ude42<\/p>","protected":false},"excerpt":{"rendered":"<p>Attack on Titan &#8211; Sasha Braus vs. Pure Titan &#8218; Resin Statue &#8218; von JR Studio Tolle Statue von unseres geliebten Vielfra\u00dfes Wunderbar verarbeitete und sehr detaillierte Sasha Braus Statue aus Polystone &#8211; k\u00fcnstlichem Stein-Harz-Gemisch. Ma\u00dfstab-Hinweis bei AoT-Statuen &#8211; bitte haltet euch nicht strikt oder am besten gar nicht an die Angaben wie 1 zu [&hellip;]<\/p>\n","protected":false},"featured_media":9909,"comment_status":"closed","ping_status":"closed","template":"","meta":[],"product_brand":[],"product_cat":[714,568,84],"product_tag":[],"class_list":{"0":"post-9908","1":"product","2":"type-product","3":"status-publish","4":"has-post-thumbnail","6":"product_cat-attack-on-titan","7":"product_cat-preorder","8":"product_cat-statuen-anime-comic-universum","9":"pa_brand-jr-studio","10":"pa_scale-1_to_20","12":"first","13":"outofstock","14":"taxable","15":"shipping-taxable","16":"product-type-variable"},"_links":{"self":[{"href":"https:\/\/store.handsomecake.com\/en\/wp-json\/wp\/v2\/product\/9908","targetHints":{"allow":["GET"]}}],"collection":[{"href":"https:\/\/store.handsomecake.com\/en\/wp-json\/wp\/v2\/product"}],"about":[{"href":"https:\/\/store.handsomecake.com\/en\/wp-json\/wp\/v2\/types\/product"}],"replies":[{"embeddable":true,"href":"https:\/\/store.handsomecake.com\/en\/wp-json\/wp\/v2\/comments?post=9908"}],"wp:featuredmedia":[{"embeddable":true,"href":"https:\/\/store.handsomecake.com\/en\/wp-json\/wp\/v2\/media\/9909"}],"wp:attachment":[{"href":"https:\/\/store.handsomecake.com\/en\/wp-json\/wp\/v2\/media?parent=9908"}],"wp:term":[{"taxonomy":"product_brand","embeddable":true,"href":"https:\/\/store.handsomecake.com\/en\/wp-json\/wp\/v2\/product_brand?post=9908"},{"taxonomy":"product_cat","embeddable":true,"href":"https:\/\/store.handsomecake.com\/en\/wp-json\/wp\/v2\/product_cat?post=9908"},{"taxonomy":"product_tag","embeddable":true,"href":"https:\/\/store.handsomecake.com\/en\/wp-json\/wp\/v2\/product_tag?post=9908"}],"curies":[{"name":"wp","href":"https:\/\/api.w.org\/{rel}","templated":true}]}}