{"id":9871,"date":"2022-01-20T21:37:57","date_gmt":"2022-01-20T21:37:57","guid":{"rendered":"https:\/\/store.handsomecake.com\/?post_type=product&#038;p=9871"},"modified":"2024-06-12T15:36:21","modified_gmt":"2024-06-12T15:36:21","slug":"marvel-colossus-vs-juggernaut-14-resin-statue-von-atf-want-studio","status":"publish","type":"product","link":"https:\/\/store.handsomecake.com\/en\/product\/marvel-colossus-vs-juggernaut-14-resin-statue-von-atf-want-studio\/","title":{"rendered":"Marvel &#8211; Colossus vs. Juggernaut | 1:4 Resin Statue | von ATF Want Studio"},"content":{"rendered":"<p>Marvel &#8211; Colossus vs. Juggernaut | 1:4 Resin Statue | von ATF Want Studio<\/p>\n<p>I do ship EU-wide, please contact me, should questions arise.<\/p>\n<p>Tolles Diorama der Bruiser aus X-Men<br \/>\nWunderbar verarbeitete und sehr detaillierte Colossus vs. Juggernaut aus Polystone &#8211; k\u00fcnstlichem Stein-Harz-Gemisch.<\/p>\n<p>Besonderheiten:<\/p>\n<ul>\n<li>2 austauschbare Torsos f\u00fcr Juggernaut<\/li>\n<li>2 austauschbare K\u00f6pfe f\u00fcr den zweiten Torso<\/li>\n<li>2 austauschbare Armvarianten f\u00fcr Colossush\u00e4nde<\/li>\n<\/ul>\n<p>Release-Status:<\/p>\n<ul>\n<li>Vorbestellung, Release erwartet Ende Q3 2022, Collectible bei uns im Lager sch\u00e4tzungsweise ca. Ende Dezember 2022<\/li>\n<\/ul>\n<p>Wie immer bei meinen Artikeln &#8211; s\u00e4mtliche Geb\u00fchren sind, im Gegensatz zu anderen Angeboten, bereits inkludiert. Versand erfolgt ausschlie\u00dflich aus Deutschland, es fallen keine Zoll- und Importgeb\u00fchren an. Ihr kauft keine Katze im Sack \ud83d\ude42<\/p>\n<p>Ma\u00dfe der Statue:<br \/>\nGr\u00f6\u00dfe: TBA<br \/>\nGewicht: TBA<\/p>\n<p>You are not prepared! \ud83d\ude42<\/p>","protected":false},"excerpt":{"rendered":"<p>Marvel &#8211; Colossus vs. Juggernaut | 1:4 Resin Statue | von ATF Want Studio I do ship EU-wide, please contact me, should questions arise. Tolles Diorama der Bruiser aus X-Men Wunderbar verarbeitete und sehr detaillierte Colossus vs. Juggernaut aus Polystone &#8211; k\u00fcnstlichem Stein-Harz-Gemisch. Besonderheiten: 2 austauschbare Torsos f\u00fcr Juggernaut 2 austauschbare K\u00f6pfe f\u00fcr den zweiten [&hellip;]<\/p>\n","protected":false},"featured_media":9872,"comment_status":"open","ping_status":"closed","template":"","meta":[],"product_brand":[],"product_cat":[269,568,84],"product_tag":[],"class_list":{"0":"post-9871","1":"product","2":"type-product","3":"status-publish","4":"has-post-thumbnail","6":"product_cat-marvel","7":"product_cat-preorder","8":"product_cat-statuen-anime-comic-universum","9":"pa_brand-atf-want","10":"pa_scale-1_to_4","12":"first","13":"outofstock","14":"taxable","15":"shipping-taxable","16":"product-type-simple"},"_links":{"self":[{"href":"https:\/\/store.handsomecake.com\/en\/wp-json\/wp\/v2\/product\/9871","targetHints":{"allow":["GET"]}}],"collection":[{"href":"https:\/\/store.handsomecake.com\/en\/wp-json\/wp\/v2\/product"}],"about":[{"href":"https:\/\/store.handsomecake.com\/en\/wp-json\/wp\/v2\/types\/product"}],"replies":[{"embeddable":true,"href":"https:\/\/store.handsomecake.com\/en\/wp-json\/wp\/v2\/comments?post=9871"}],"wp:featuredmedia":[{"embeddable":true,"href":"https:\/\/store.handsomecake.com\/en\/wp-json\/wp\/v2\/media\/9872"}],"wp:attachment":[{"href":"https:\/\/store.handsomecake.com\/en\/wp-json\/wp\/v2\/media?parent=9871"}],"wp:term":[{"taxonomy":"product_brand","embeddable":true,"href":"https:\/\/store.handsomecake.com\/en\/wp-json\/wp\/v2\/product_brand?post=9871"},{"taxonomy":"product_cat","embeddable":true,"href":"https:\/\/store.handsomecake.com\/en\/wp-json\/wp\/v2\/product_cat?post=9871"},{"taxonomy":"product_tag","embeddable":true,"href":"https:\/\/store.handsomecake.com\/en\/wp-json\/wp\/v2\/product_tag?post=9871"}],"curies":[{"name":"wp","href":"https:\/\/api.w.org\/{rel}","templated":true}]}}