{"id":9795,"date":"2022-01-11T22:34:53","date_gmt":"2022-01-11T22:34:53","guid":{"rendered":"https:\/\/store.handsomecake.com\/product\/attack-on-titan-beast-titan-120-resin-statue-von-chikara-studio\/"},"modified":"2024-06-12T15:04:27","modified_gmt":"2024-06-12T15:04:27","slug":"attack-on-titan-beast-titan-120-resin-statue-von-chikara-studio","status":"publish","type":"product","link":"https:\/\/store.handsomecake.com\/en\/product\/attack-on-titan-beast-titan-120-resin-statue-von-chikara-studio\/","title":{"rendered":"Attack on Titan &#8211; Beast Titan | 1:20 Resin Statue | von Chikara Studio"},"content":{"rendered":"<p><strong>Attack on Titan &#8211; Beast Titan &#8218; 1:20 Resin Statue &#8218; von Chikara Studio<\/strong><\/p>\n<p>I do ship EU-wide, please contact me, should questions arise.<\/p>\n<p>Tolle Statue vom\u00a0Beast Titan<br \/>\nWunderbar verarbeitete und sehr detaillierte Beast Titan aus Polystone &#8211; k\u00fcnstlichem Stein-Harz-Gemisch.<\/p>\n<p><strong>Besonderheiten:<\/strong><\/p>\n<ul>\n<li>Der Beast Titan Kopf aus der Erwin Smith Deluxe Edition kann hier eingesetzt werden<\/li>\n<\/ul>\n<p><strong>Release-Status:<\/strong><\/p>\n<ul>\n<li>Lagernd und vor Ort.<\/li>\n<\/ul>\n<p>Wie immer bei meinen Artikeln &#8211; s\u00e4mtliche Geb\u00fchren sind, im Gegensatz zu anderen Angeboten, bereits inkludiert. Versand erfolgt ausschlie\u00dflich aus Deutschland, es fallen keine Zoll- und Importgeb\u00fchren an. Ihr kauft keine Katze im Sack \ud83d\ude42<\/p>\n<p>Ma\u00dfe der Statue:<br \/>\nGr\u00f6\u00dfe: ca. H60cm x W66cm x D78cm<br \/>\nGewicht: TBA, gesch\u00e4tzt: ca. 24kg<\/p>\n<p>You are not prepared! \ud83d\ude42<\/p>","protected":false},"excerpt":{"rendered":"<p>Attack on Titan &#8211; Beast Titan &#8218; 1:20 Resin Statue &#8218; von Chikara Studio I do ship EU-wide, please contact me, should questions arise. Tolle Statue vom\u00a0Beast Titan Wunderbar verarbeitete und sehr detaillierte Beast Titan aus Polystone &#8211; k\u00fcnstlichem Stein-Harz-Gemisch. Besonderheiten: Der Beast Titan Kopf aus der Erwin Smith Deluxe Edition kann hier eingesetzt werden [&hellip;]<\/p>\n","protected":false},"featured_media":9796,"comment_status":"closed","ping_status":"closed","template":"","meta":[],"product_brand":[],"product_cat":[714,826,84,567],"product_tag":[612,656,659,666,708,1191,1196,1192,1008,709,1195,710,712,1194,713,850,795,704,707,706,705,711,1187,1193,379,381,665,380,382,547],"class_list":{"0":"post-9795","1":"product","2":"type-product","3":"status-publish","4":"has-post-thumbnail","6":"product_cat-attack-on-titan","7":"product_cat-lagernd-vor-ort","8":"product_cat-statuen-anime-comic-universum","9":"product_cat-in_stock_warehouse_china","10":"product_tag-anime","11":"product_tag-anime-collectibles","12":"product_tag-anime-figuren","13":"product_tag-anime-figuren-shop","14":"product_tag-anime-statuen-shop","15":"product_tag-aot","16":"product_tag-aot-collectibles","17":"product_tag-aot-erwin","18":"product_tag-aot-toys","19":"product_tag-attack-on-titan","20":"product_tag-attack-on-titan-collectibles","21":"product_tag-attack-on-titan-figure","22":"product_tag-attack-on-titan-levi","23":"product_tag-attack-on-titan-statuen","24":"product_tag-beast-titan","25":"product_tag-eren-jaeger","26":"product_tag-handsomecake","27":"product_tag-kitsune","28":"product_tag-kitsune-collectibles","29":"product_tag-kitsune-figure","30":"product_tag-kitsune-statue","31":"product_tag-levi","32":"product_tag-levi-ackerman","33":"product_tag-mikasa-ackerman","34":"product_tag-statue-collectible","35":"product_tag-statue-collectibles","36":"product_tag-statuen-shop","37":"product_tag-statues-collectible","38":"product_tag-statues-collectibles","39":"product_tag-statues-collector","40":"pa_brand-chikara-studio","41":"pa_scale-1_to_20","43":"first","44":"outofstock","45":"taxable","46":"shipping-taxable","47":"product-type-simple"},"_links":{"self":[{"href":"https:\/\/store.handsomecake.com\/en\/wp-json\/wp\/v2\/product\/9795","targetHints":{"allow":["GET"]}}],"collection":[{"href":"https:\/\/store.handsomecake.com\/en\/wp-json\/wp\/v2\/product"}],"about":[{"href":"https:\/\/store.handsomecake.com\/en\/wp-json\/wp\/v2\/types\/product"}],"replies":[{"embeddable":true,"href":"https:\/\/store.handsomecake.com\/en\/wp-json\/wp\/v2\/comments?post=9795"}],"wp:featuredmedia":[{"embeddable":true,"href":"https:\/\/store.handsomecake.com\/en\/wp-json\/wp\/v2\/media\/9796"}],"wp:attachment":[{"href":"https:\/\/store.handsomecake.com\/en\/wp-json\/wp\/v2\/media?parent=9795"}],"wp:term":[{"taxonomy":"product_brand","embeddable":true,"href":"https:\/\/store.handsomecake.com\/en\/wp-json\/wp\/v2\/product_brand?post=9795"},{"taxonomy":"product_cat","embeddable":true,"href":"https:\/\/store.handsomecake.com\/en\/wp-json\/wp\/v2\/product_cat?post=9795"},{"taxonomy":"product_tag","embeddable":true,"href":"https:\/\/store.handsomecake.com\/en\/wp-json\/wp\/v2\/product_tag?post=9795"}],"curies":[{"name":"wp","href":"https:\/\/api.w.org\/{rel}","templated":true}]}}