{"id":9748,"date":"2022-01-07T10:07:26","date_gmt":"2022-01-07T10:07:26","guid":{"rendered":"https:\/\/store.handsomecake.com\/product\/dragon-ball-android-18-11-resin-bueste-bust-von-one-one-studio\/"},"modified":"2024-06-12T15:04:08","modified_gmt":"2024-06-12T15:04:08","slug":"dragon-ball-android-18-11-resin-bueste-bust-von-one-one-studio","status":"publish","type":"product","link":"https:\/\/store.handsomecake.com\/en\/product\/dragon-ball-android-18-11-resin-bueste-bust-von-one-one-studio\/","title":{"rendered":"Dragon Ball &#8211; Android 18 | 1:1 Resin B\u00fcste\/Bust | von One One Studio"},"content":{"rendered":"<p>Dragon Ball &#8211; Android 18 &#8218; 1:1 Resin B\u00fcste &#8218; von One One Studio<\/p>\n<p>I do ship EU-wide, please contact me, should questions arise.<\/p>\n<p>Tolle B\u00fcste der sp\u00e4teren Ehefrau von Krillin \ud83d\ude42<br \/>\nWunderbar verarbeitete und sehr detaillierte Android 18 B\u00fcste aus Polystone &#8211; k\u00fcnstlichem Stein-Harz-Gemisch.<\/p>\n<p><strong>Besonderheiten:<\/strong><\/p>\n<ul>\n<li>austauschbare Brustverzierung<\/li>\n<li>entfernbare Stoffjacke<\/li>\n<li>68 St\u00fcck weltweit<\/li>\n<\/ul>\n<p><strong>Release-Status:<\/strong><\/p>\n<ul>\n<li>Preorder. Statue wird voraussichtlich Q4 2022 released, wir erwarten sie im Lager sch\u00e4tzungsweise Ende Februar 2023.<\/li>\n<\/ul>\n<p>Wie immer bei meinen Artikeln &#8211; s\u00e4mtliche Geb\u00fchren sind, im Gegensatz zu anderen Angeboten, bereits inkludiert. Versand erfolgt ausschlie\u00dflich aus Deutschland, es fallen keine Zoll- und Importgeb\u00fchren an. Ihr kauft keine Katze im Sack \ud83d\ude42<\/p>\n<p>Ma\u00dfe der Statue:<br \/>\nGr\u00f6\u00dfe: ca. 70cm x 47cm x 45cm<br \/>\nGewicht: ca. 42kg<\/p>\n<p>You are not prepared! \ud83d\ude42<\/p>","protected":false},"excerpt":{"rendered":"<p>Dragon Ball &#8211; Android 18 &#8218; 1:1 Resin B\u00fcste &#8218; von One One Studio I do ship EU-wide, please contact me, should questions arise. Tolle B\u00fcste der sp\u00e4teren Ehefrau von Krillin \ud83d\ude42 Wunderbar verarbeitete und sehr detaillierte Android 18 B\u00fcste aus Polystone &#8211; k\u00fcnstlichem Stein-Harz-Gemisch. Besonderheiten: austauschbare Brustverzierung entfernbare Stoffjacke 68 St\u00fcck weltweit Release-Status: Preorder. [&hellip;]<\/p>\n","protected":false},"featured_media":9749,"comment_status":"closed","ping_status":"closed","template":"","meta":[],"product_brand":[],"product_cat":[87,568,84],"product_tag":[259,261,920,921,922,612,663,664,666,717,794,662,640,658,479,147,251,738,918,919,190,191,97,741,739,795,514,469,470,154,255,136,137,379,381,552,665,380,382,547,718],"class_list":{"0":"post-9748","1":"product","2":"type-product","3":"status-publish","4":"has-post-thumbnail","6":"product_cat-dragon-ball","7":"product_cat-preorder","8":"product_cat-statuen-anime-comic-universum","9":"product_tag-android-18","10":"product_tag-android-18-collectible","11":"product_tag-android-18-figur","12":"product_tag-android-18-figurine","13":"product_tag-android-18-toys","14":"product_tag-anime","15":"product_tag-anime-figur-shop","16":"product_tag-anime-figuren-one-piece","17":"product_tag-anime-figuren-shop","18":"product_tag-anime-shop","19":"product_tag-anime-statue","20":"product_tag-anime-statue-shop","21":"product_tag-anime-statuen","22":"product_tag-anime-toys","23":"product_tag-collectible","24":"product_tag-collectibles","25":"product_tag-collectibles-kaufen","26":"product_tag-dragon-ball","27":"product_tag-dragon-ball-android-18","28":"product_tag-dragon-ball-android-18-toy","29":"product_tag-dragon-ball-collectibles","30":"product_tag-dragon-ball-resin","31":"product_tag-dragon-ball-statue","32":"product_tag-dragon-ball-statuen","33":"product_tag-dragon-ball-z","34":"product_tag-handsomecake","35":"product_tag-lifesize","36":"product_tag-lifesize-collectibles","37":"product_tag-lifesize-statuen","38":"product_tag-resin-collectibles","39":"product_tag-resin-collectibles-kaufen","40":"product_tag-resin-statuen","41":"product_tag-resin-statuen-kaufen","42":"product_tag-statue-collectible","43":"product_tag-statue-collectibles","44":"product_tag-statue-collector","45":"product_tag-statuen-shop","46":"product_tag-statues-collectible","47":"product_tag-statues-collectibles","48":"product_tag-statues-collector","49":"product_tag-toys","50":"pa_brand-one-one-studio","51":"pa_scale-1_to_1","53":"first","54":"instock","55":"taxable","56":"shipping-taxable","57":"product-type-variable"},"_links":{"self":[{"href":"https:\/\/store.handsomecake.com\/en\/wp-json\/wp\/v2\/product\/9748","targetHints":{"allow":["GET"]}}],"collection":[{"href":"https:\/\/store.handsomecake.com\/en\/wp-json\/wp\/v2\/product"}],"about":[{"href":"https:\/\/store.handsomecake.com\/en\/wp-json\/wp\/v2\/types\/product"}],"replies":[{"embeddable":true,"href":"https:\/\/store.handsomecake.com\/en\/wp-json\/wp\/v2\/comments?post=9748"}],"wp:featuredmedia":[{"embeddable":true,"href":"https:\/\/store.handsomecake.com\/en\/wp-json\/wp\/v2\/media\/9749"}],"wp:attachment":[{"href":"https:\/\/store.handsomecake.com\/en\/wp-json\/wp\/v2\/media?parent=9748"}],"wp:term":[{"taxonomy":"product_brand","embeddable":true,"href":"https:\/\/store.handsomecake.com\/en\/wp-json\/wp\/v2\/product_brand?post=9748"},{"taxonomy":"product_cat","embeddable":true,"href":"https:\/\/store.handsomecake.com\/en\/wp-json\/wp\/v2\/product_cat?post=9748"},{"taxonomy":"product_tag","embeddable":true,"href":"https:\/\/store.handsomecake.com\/en\/wp-json\/wp\/v2\/product_tag?post=9748"}],"curies":[{"name":"wp","href":"https:\/\/api.w.org\/{rel}","templated":true}]}}