{"id":9685,"date":"2022-01-03T17:05:16","date_gmt":"2022-01-03T17:05:16","guid":{"rendered":"https:\/\/store.handsomecake.com\/product\/final-fantasy-zidane-tribal-14-resin-statue-von-solar-studio\/"},"modified":"2024-06-12T15:03:40","modified_gmt":"2024-06-12T15:03:40","slug":"final-fantasy-zidane-tribal-14-resin-statue-von-solar-studio","status":"publish","type":"product","link":"https:\/\/store.handsomecake.com\/en\/product\/final-fantasy-zidane-tribal-14-resin-statue-von-solar-studio\/","title":{"rendered":"Final Fantasy &#8211; Zidane Tribal | 1:4 Resin Statue | von Solar Studio"},"content":{"rendered":"<p>Final Fantasy &#8211; Zidane Tribal &#8218; 1:4 Resin Statue &#8218; von Solar Studio<\/p>\n<p>EU Taxfree! I do ship EU-wide, please contact me, should questions arise.<\/p>\n<p>Tolle Statue des charismatischen Frauenhelden und Mitglieds der Tantalus-Diebesbande<br \/>\nWunderbar verarbeitete und sehr detaillierte Zidane Statue aus Polystone &#8211; k\u00fcnstlichem Stein-Harz-Gemisch.<\/p>\n<p>Besonderheiten:<\/p>\n<ul>\n<li>Austauschbare Waffen &#8211; Double Mage Musher &amp; Ultima Waffe<\/li>\n<li>weltweit auf 100 St\u00fcck begrenzt<\/li>\n<\/ul>\n<p>Release-Status:<\/p>\n<ul>\n<li>Preorder. Statue wird voraussichtlich Ende Q1 2023 released und wir erwarten sie sch\u00e4tzungsweise Ende Mai 2023 bei uns im Lager.<\/li>\n<\/ul>\n<p>Wie immer bei meinen Artikeln &#8211; s\u00e4mtliche Geb\u00fchren sind, im Gegensatz zu anderen Angeboten, bereits inkludiert. Versand erfolgt ausschlie\u00dflich aus Deutschland, es fallen keine Zoll- und Importgeb\u00fchren an. Ihr kauft keine Katze im Sack \ud83d\ude42<\/p>\n<p>Ma\u00dfe der Statue:<br \/>\nGr\u00f6\u00dfe: H52cm x W57cm x D57cm (mit Ultima)<br \/>\nGewicht: ca. 13 kg<\/p>\n<p>You are not prepared! \ud83d\ude42<\/p>","protected":false},"excerpt":{"rendered":"<p>Final Fantasy &#8211; Zidane Tribal &#8218; 1:4 Resin Statue &#8218; von Solar Studio EU Taxfree! I do ship EU-wide, please contact me, should questions arise. Tolle Statue des charismatischen Frauenhelden und Mitglieds der Tantalus-Diebesbande Wunderbar verarbeitete und sehr detaillierte Zidane Statue aus Polystone &#8211; k\u00fcnstlichem Stein-Harz-Gemisch. Besonderheiten: Austauschbare Waffen &#8211; Double Mage Musher &amp; Ultima [&hellip;]<\/p>\n","protected":false},"featured_media":9686,"comment_status":"closed","ping_status":"closed","template":"","meta":[],"product_brand":[],"product_cat":[197,826,81,567],"product_tag":[612,666,717,794,662,640,658,147,251,1136,198,201,199,822,200,1109,1110,1138,795,154,255,136,137,379,381,552,665,380,382,547,718,1134,1137,1135],"class_list":{"0":"post-9685","1":"product","2":"type-product","3":"status-publish","4":"has-post-thumbnail","6":"product_cat-final-fantasy","7":"product_cat-lagernd-vor-ort","8":"product_cat-statuen-computerspieluniversum","9":"product_cat-in_stock_warehouse_china","10":"product_tag-anime","11":"product_tag-anime-figuren-shop","12":"product_tag-anime-shop","13":"product_tag-anime-statue","14":"product_tag-anime-statue-shop","15":"product_tag-anime-statuen","16":"product_tag-anime-toys","17":"product_tag-collectibles","18":"product_tag-collectibles-kaufen","19":"product_tag-ff-zidane-collectible","20":"product_tag-final-fantasy","21":"product_tag-final-fantasy-7-remake","22":"product_tag-final-fantasy-collectibles","23":"product_tag-final-fantasy-resin","24":"product_tag-final-fantasy-statuen","25":"product_tag-final-fantasy-tifa","26":"product_tag-final-fantasy-tifa-toy","27":"product_tag-final-fantasy-zidane-toys","28":"product_tag-handsomecake","29":"product_tag-resin-collectibles","30":"product_tag-resin-collectibles-kaufen","31":"product_tag-resin-statuen","32":"product_tag-resin-statuen-kaufen","33":"product_tag-statue-collectible","34":"product_tag-statue-collectibles","35":"product_tag-statue-collector","36":"product_tag-statuen-shop","37":"product_tag-statues-collectible","38":"product_tag-statues-collectibles","39":"product_tag-statues-collector","40":"product_tag-toys","41":"product_tag-zidane-collectible","42":"product_tag-zidane-statue","43":"product_tag-zidane-tribal","44":"pa_brand-solar-eclipse-studio","45":"pa_scale-1_to_4","47":"first","48":"outofstock","49":"sale","50":"taxable","51":"shipping-taxable","52":"product-type-simple"},"_links":{"self":[{"href":"https:\/\/store.handsomecake.com\/en\/wp-json\/wp\/v2\/product\/9685","targetHints":{"allow":["GET"]}}],"collection":[{"href":"https:\/\/store.handsomecake.com\/en\/wp-json\/wp\/v2\/product"}],"about":[{"href":"https:\/\/store.handsomecake.com\/en\/wp-json\/wp\/v2\/types\/product"}],"replies":[{"embeddable":true,"href":"https:\/\/store.handsomecake.com\/en\/wp-json\/wp\/v2\/comments?post=9685"}],"wp:featuredmedia":[{"embeddable":true,"href":"https:\/\/store.handsomecake.com\/en\/wp-json\/wp\/v2\/media\/9686"}],"wp:attachment":[{"href":"https:\/\/store.handsomecake.com\/en\/wp-json\/wp\/v2\/media?parent=9685"}],"wp:term":[{"taxonomy":"product_brand","embeddable":true,"href":"https:\/\/store.handsomecake.com\/en\/wp-json\/wp\/v2\/product_brand?post=9685"},{"taxonomy":"product_cat","embeddable":true,"href":"https:\/\/store.handsomecake.com\/en\/wp-json\/wp\/v2\/product_cat?post=9685"},{"taxonomy":"product_tag","embeddable":true,"href":"https:\/\/store.handsomecake.com\/en\/wp-json\/wp\/v2\/product_tag?post=9685"}],"curies":[{"name":"wp","href":"https:\/\/api.w.org\/{rel}","templated":true}]}}