{"id":9675,"date":"2022-01-03T17:04:25","date_gmt":"2022-01-03T17:04:25","guid":{"rendered":"https:\/\/store.handsomecake.com\/product\/overwatch-dva-14-resin-statue-von-fallen-angel-studio\/"},"modified":"2024-06-12T15:03:44","modified_gmt":"2024-06-12T15:03:44","slug":"overwatch-dva-14-resin-statue-von-fallen-angel-studio","status":"publish","type":"product","link":"https:\/\/store.handsomecake.com\/en\/product\/overwatch-dva-14-resin-statue-von-fallen-angel-studio\/","title":{"rendered":"Overwatch &#8211; DVa | 1:4 Resin Statue | von Fallen Angel Studio"},"content":{"rendered":"<p>Overwatch &#8211; DVa &#8218; 1:4 Resin Statue &#8218; von Fallen Angel Studio<\/p>\n<p>EU Taxfree! I do ship EU-wide, please contact me, should questions arise.<\/p>\n<p>Tolle Statue unserer geliebten Mechpilotin<br \/>\nWunderbar verarbeitete und sehr detaillierte Statue von DVa aus Polystone &#8211; k\u00fcnstlichem Stein-Harz-Gemisch.<\/p>\n<p><strong>Besonderheiten:<\/strong><\/p>\n<ul>\n<li>bei diesem Artikel handelt es sich ausschlie\u00dflich um die Deluxe (DX) Version in blau oder pink (bei der Bestellung bitte ausw\u00e4hlen)<\/li>\n<li>Oberk\u00f6rper kann gegen eine Nacktvariante ausgetauscht werden<\/li>\n<li>weltweit auf 100 St\u00fcck begrenzt<\/li>\n<\/ul>\n<p><strong>Release-Status:<\/strong><\/p>\n<ul>\n<li>In Stock<\/li>\n<\/ul>\n<p>Wie immer bei meinen Artikeln &#8211; s\u00e4mtliche Geb\u00fchren sind, im Gegensatz zu anderen Angeboten, bereits inkludiert. Versand erfolgt ausschlie\u00dflich aus Deutschland, es fallen keine Zoll- und Importgeb\u00fchren an. Ihr kauft keine Katze im Sack \ud83d\ude42<\/p>\n<p>Ma\u00dfe der Statue:<br \/>\nGr\u00f6\u00dfe: H50cm x W49cm x D50cm<br \/>\nGewicht: TBA, gesch\u00e4tzt: ca. 16 kg<\/p>\n<p>You are not prepared! \ud83d\ude42<\/p>","protected":false},"excerpt":{"rendered":"<p>Overwatch &#8211; DVa &#8218; 1:4 Resin Statue &#8218; von Fallen Angel Studio EU Taxfree! I do ship EU-wide, please contact me, should questions arise. Tolle Statue unserer geliebten Mechpilotin Wunderbar verarbeitete und sehr detaillierte Statue von DVa aus Polystone &#8211; k\u00fcnstlichem Stein-Harz-Gemisch. Besonderheiten: bei diesem Artikel handelt es sich ausschlie\u00dflich um die Deluxe (DX) Version [&hellip;]<\/p>\n","protected":false},"featured_media":9676,"comment_status":"closed","ping_status":"closed","template":"","meta":[],"product_brand":[],"product_cat":[826,524,81,567],"product_tag":[612,656,666,657,717,662,147,383,542,549,548,795,541,544,543,546,545,154,255,136,137,379,381,380,382,547],"class_list":{"0":"post-9675","1":"product","2":"type-product","3":"status-publish","4":"has-post-thumbnail","6":"product_cat-lagernd-vor-ort","7":"product_cat-overwatch","8":"product_cat-statuen-computerspieluniversum","9":"product_cat-in_stock_warehouse_china","10":"product_tag-anime","11":"product_tag-anime-collectibles","12":"product_tag-anime-figuren-shop","13":"product_tag-anime-figures","14":"product_tag-anime-shop","15":"product_tag-anime-statue-shop","16":"product_tag-collectibles","17":"product_tag-collector","18":"product_tag-dva","19":"product_tag-dva-figure","20":"product_tag-dva-statue","21":"product_tag-handsomecake","22":"product_tag-overwatch","23":"product_tag-overwatch-collectibles","24":"product_tag-overwatch-dva","25":"product_tag-overwatch-figures","26":"product_tag-overwatch-resin","27":"product_tag-resin-collectibles","28":"product_tag-resin-collectibles-kaufen","29":"product_tag-resin-statuen","30":"product_tag-resin-statuen-kaufen","31":"product_tag-statue-collectible","32":"product_tag-statue-collectibles","33":"product_tag-statues-collectible","34":"product_tag-statues-collectibles","35":"product_tag-statues-collector","37":"first","38":"instock","39":"taxable","40":"shipping-taxable","41":"product-type-variable"},"_links":{"self":[{"href":"https:\/\/store.handsomecake.com\/en\/wp-json\/wp\/v2\/product\/9675","targetHints":{"allow":["GET"]}}],"collection":[{"href":"https:\/\/store.handsomecake.com\/en\/wp-json\/wp\/v2\/product"}],"about":[{"href":"https:\/\/store.handsomecake.com\/en\/wp-json\/wp\/v2\/types\/product"}],"replies":[{"embeddable":true,"href":"https:\/\/store.handsomecake.com\/en\/wp-json\/wp\/v2\/comments?post=9675"}],"wp:featuredmedia":[{"embeddable":true,"href":"https:\/\/store.handsomecake.com\/en\/wp-json\/wp\/v2\/media\/9676"}],"wp:attachment":[{"href":"https:\/\/store.handsomecake.com\/en\/wp-json\/wp\/v2\/media?parent=9675"}],"wp:term":[{"taxonomy":"product_brand","embeddable":true,"href":"https:\/\/store.handsomecake.com\/en\/wp-json\/wp\/v2\/product_brand?post=9675"},{"taxonomy":"product_cat","embeddable":true,"href":"https:\/\/store.handsomecake.com\/en\/wp-json\/wp\/v2\/product_cat?post=9675"},{"taxonomy":"product_tag","embeddable":true,"href":"https:\/\/store.handsomecake.com\/en\/wp-json\/wp\/v2\/product_tag?post=9675"}],"curies":[{"name":"wp","href":"https:\/\/api.w.org\/{rel}","templated":true}]}}