{"id":9669,"date":"2022-01-03T16:53:35","date_gmt":"2022-01-03T16:53:35","guid":{"rendered":"https:\/\/store.handsomecake.com\/product\/one-piece-kuzan-16-resin-statue-von-lx-studio\/"},"modified":"2025-08-28T23:27:16","modified_gmt":"2025-08-28T23:27:16","slug":"one-piece-kuzan-16-resin-statue-von-lx-studio","status":"publish","type":"product","link":"https:\/\/store.handsomecake.com\/en\/product\/one-piece-kuzan-16-resin-statue-von-lx-studio\/","title":{"rendered":"One Piece &#8211; Kuzan | 1:6 Resin Statue | von LX Studio"},"content":{"rendered":"<p>One Piece &#8211; Kuzan &#8218; 1:6 Resin Statue &#8218; von LX Studio<\/p>\n<p>EU Taxfree! I do ship EU-wide, please contact me, should questions arise.<\/p>\n<p>Tolle Statue von unserem geliebten Ex-Admiral des Marinehauptquartiers<br \/>\nWunderbar verarbeitete und sehr detaillierte Statue von Kuzan aus Polystone &#8211; k\u00fcnstlichem Stein-Harz-Gemisch.<\/p>\n<p><strong>Besonderheiten:<\/strong><\/p>\n<ul>\n<li>weltweit 280 St\u00fcck<\/li>\n<li>3 Varianten verf\u00fcgbar &#8211; Navy, Rebell und EX (Navy + Rebell)<\/li>\n<\/ul>\n<p><strong>Release-Status:<\/strong><\/p>\n<ul>\n<li>Preorder. Release ca. Q3 2023 erwartet, bei uns im Lager voraussichtlich Ende Dezember 2023.<\/li>\n<\/ul>\n<p>Wie immer bei meinen Artikeln &#8211; s\u00e4mtliche Geb\u00fchren sind, im Gegensatz zu anderen Angeboten, bereits inkludiert. Versand erfolgt ausschlie\u00dflich aus Deutschland, es fallen keine Zoll- und Importgeb\u00fchren an. Ihr kauft keine Katze im Sack \ud83d\ude42<\/p>\n<p>Ma\u00dfe der Statue:<br \/>\nGr\u00f6\u00dfe: ca. 50cm x 40cm x 60cm<br \/>\nGewicht: ca. 18kg (gesch\u00e4tzt)<\/p>\n<p>You are not prepared! \ud83d\ude42<\/p>","protected":false},"excerpt":{"rendered":"<p>One Piece &#8211; Kuzan &#8218; 1:6 Resin Statue &#8218; von LX Studio EU Taxfree! I do ship EU-wide, please contact me, should questions arise. Tolle Statue von unserem geliebten Ex-Admiral des Marinehauptquartiers Wunderbar verarbeitete und sehr detaillierte Statue von Kuzan aus Polystone &#8211; k\u00fcnstlichem Stein-Harz-Gemisch. Besonderheiten: weltweit 280 St\u00fcck 3 Varianten verf\u00fcgbar &#8211; Navy, Rebell [&hellip;]<\/p>\n","protected":false},"featured_media":9670,"comment_status":"closed","ping_status":"closed","template":"","meta":[],"product_brand":[],"product_cat":[89,568,84],"product_tag":[],"class_list":{"0":"post-9669","1":"product","2":"type-product","3":"status-publish","4":"has-post-thumbnail","6":"product_cat-one-piece","7":"product_cat-preorder","8":"product_cat-statuen-anime-comic-universum","9":"pa_brand-lx-studio","10":"pa_scale-1_to_6","12":"first","13":"instock","14":"taxable","15":"shipping-taxable","16":"product-type-variable"},"_links":{"self":[{"href":"https:\/\/store.handsomecake.com\/en\/wp-json\/wp\/v2\/product\/9669","targetHints":{"allow":["GET"]}}],"collection":[{"href":"https:\/\/store.handsomecake.com\/en\/wp-json\/wp\/v2\/product"}],"about":[{"href":"https:\/\/store.handsomecake.com\/en\/wp-json\/wp\/v2\/types\/product"}],"replies":[{"embeddable":true,"href":"https:\/\/store.handsomecake.com\/en\/wp-json\/wp\/v2\/comments?post=9669"}],"wp:featuredmedia":[{"embeddable":true,"href":"https:\/\/store.handsomecake.com\/en\/wp-json\/wp\/v2\/media\/9670"}],"wp:attachment":[{"href":"https:\/\/store.handsomecake.com\/en\/wp-json\/wp\/v2\/media?parent=9669"}],"wp:term":[{"taxonomy":"product_brand","embeddable":true,"href":"https:\/\/store.handsomecake.com\/en\/wp-json\/wp\/v2\/product_brand?post=9669"},{"taxonomy":"product_cat","embeddable":true,"href":"https:\/\/store.handsomecake.com\/en\/wp-json\/wp\/v2\/product_cat?post=9669"},{"taxonomy":"product_tag","embeddable":true,"href":"https:\/\/store.handsomecake.com\/en\/wp-json\/wp\/v2\/product_tag?post=9669"}],"curies":[{"name":"wp","href":"https:\/\/api.w.org\/{rel}","templated":true}]}}