{"id":963,"date":"2020-10-12T21:46:47","date_gmt":"2020-10-12T21:46:47","guid":{"rendered":"https:\/\/store.handsomecake.com\/product\/pokemon-mewtwo-attack-resin-statue-vom-mfc-studio-original\/"},"modified":"2024-06-12T14:30:55","modified_gmt":"2024-06-12T14:30:55","slug":"pokemon-mewtwo-attack-resin-statue-vom-mfc-studio-original","status":"publish","type":"product","link":"https:\/\/store.handsomecake.com\/en\/product\/pokemon-mewtwo-attack-resin-statue-vom-mfc-studio-original\/","title":{"rendered":"Pokemon | Mewtwo Attack Resin Statue | vom MFC Studio (original)"},"content":{"rendered":"<p>Pokemon Statue &#8218;Mewtwo Strikes Back&#8216; vom MFC Studio &#8218; Original!<\/p>\n<p>Beschreibung:<br \/>\nVorbestellung! Der Artikel wird voraussichtlich Q4 2020 released.<br \/>\nGr\u00f6\u00dfe: 30cm*34cm*39cm<br \/>\nGewicht: ca. 0.6 kg<br \/>\nMaterial: PVC<\/p>\n<p>Paket:<br \/>\n1 x Pokemon Statue &#8218;Mewtwo Strikes Back&#8216; vom MFC Studio<\/p>\n<p>Wir versenden weltweit, die Preise f\u00fcr den weltweiten Versand sind nur Richtwerte und k\u00f6nnen individuell angefragt werden. F\u00fcr deutschlandweiten und EU-weiten Versand sind die Preise genau.<\/p>","protected":false},"excerpt":{"rendered":"<p>Pokemon Statue &#8218;Mewtwo Strikes Back&#8216; vom MFC Studio &#8218; Original! Beschreibung: Vorbestellung! Der Artikel wird voraussichtlich Q4 2020 released. Gr\u00f6\u00dfe: 30cm*34cm*39cm Gewicht: ca. 0.6 kg Material: PVC Paket: 1 x Pokemon Statue &#8218;Mewtwo Strikes Back&#8216; vom MFC Studio Wir versenden weltweit, die Preise f\u00fcr den weltweiten Versand sind nur Richtwerte und k\u00f6nnen individuell angefragt werden. [&hellip;]<\/p>\n","protected":false},"featured_media":964,"comment_status":"closed","ping_status":"closed","template":"","meta":[],"product_brand":[],"product_cat":[125,84],"product_tag":[147,211,213,212,154,136,137],"class_list":{"0":"post-963","1":"product","2":"type-product","3":"status-publish","4":"has-post-thumbnail","6":"product_cat-pokemon","7":"product_cat-statuen-anime-comic-universum","8":"product_tag-collectibles","9":"product_tag-pokemon","10":"product_tag-pokemon-collectibles","11":"product_tag-pokemon-statuen","12":"product_tag-resin-collectibles","13":"product_tag-resin-statuen","14":"product_tag-resin-statuen-kaufen","15":"pa_brand-mfc-studio","17":"first","18":"onbackorder","19":"product-type-simple"},"_links":{"self":[{"href":"https:\/\/store.handsomecake.com\/en\/wp-json\/wp\/v2\/product\/963","targetHints":{"allow":["GET"]}}],"collection":[{"href":"https:\/\/store.handsomecake.com\/en\/wp-json\/wp\/v2\/product"}],"about":[{"href":"https:\/\/store.handsomecake.com\/en\/wp-json\/wp\/v2\/types\/product"}],"replies":[{"embeddable":true,"href":"https:\/\/store.handsomecake.com\/en\/wp-json\/wp\/v2\/comments?post=963"}],"wp:featuredmedia":[{"embeddable":true,"href":"https:\/\/store.handsomecake.com\/en\/wp-json\/wp\/v2\/media\/964"}],"wp:attachment":[{"href":"https:\/\/store.handsomecake.com\/en\/wp-json\/wp\/v2\/media?parent=963"}],"wp:term":[{"taxonomy":"product_brand","embeddable":true,"href":"https:\/\/store.handsomecake.com\/en\/wp-json\/wp\/v2\/product_brand?post=963"},{"taxonomy":"product_cat","embeddable":true,"href":"https:\/\/store.handsomecake.com\/en\/wp-json\/wp\/v2\/product_cat?post=963"},{"taxonomy":"product_tag","embeddable":true,"href":"https:\/\/store.handsomecake.com\/en\/wp-json\/wp\/v2\/product_tag?post=963"}],"curies":[{"name":"wp","href":"https:\/\/api.w.org\/{rel}","templated":true}]}}