{"id":9617,"date":"2021-12-28T22:32:07","date_gmt":"2021-12-28T22:32:07","guid":{"rendered":"https:\/\/store.handsomecake.com\/product\/dragon-ball-son-goku-ssj-14-resin-statue-von-infinite-studio\/"},"modified":"2024-06-12T15:03:32","modified_gmt":"2024-06-12T15:03:32","slug":"dragon-ball-son-goku-ssj-14-resin-statue-von-infinite-studio","status":"publish","type":"product","link":"https:\/\/store.handsomecake.com\/en\/product\/dragon-ball-son-goku-ssj-14-resin-statue-von-infinite-studio\/","title":{"rendered":"Dragon Ball &#8211; Son Goku SSJ | 1:4 Resin Statue | von Infinite Studio"},"content":{"rendered":"<p>Dragon Ball &#8211; Son Goku SSJ &#8218; 1:4 Resin Statue &#8218; von Infinite Studio<\/p>\n<p>I do ship EU-wide, please contact me, should questions arise.<\/p>\n<p>Tolle Statue von unserem geliebten Super Sayajin<br \/>\nWunderbar verarbeitete und sehr detaillierte Goku Statue aus Polystone &#8211; k\u00fcnstlichem Stein-Harz-Gemisch.<\/p>\n<p><strong>Besonderheiten:<\/strong><\/p>\n<ul>\n<li>2 austauschbare K\u00f6pfe<\/li>\n<li>2 austauschbare Oberk\u00f6rpervarianten<\/li>\n<\/ul>\n<p><strong>Release-Status:<\/strong><\/p>\n<ul>\n<li>Vorbestellung. Release erwartet Ende Q4 2022, Collectible bei uns sch\u00e4tzungsweise im Lager Ende Februar 2023<\/li>\n<\/ul>\n<p>Wie immer bei meinen Artikeln &#8211; s\u00e4mtliche Geb\u00fchren sind, im Gegensatz zu anderen Angeboten, bereits inkludiert. Versand erfolgt ausschlie\u00dflich aus Deutschland, es fallen keine Zoll- und Importgeb\u00fchren an. Ihr kauft keine Katze im Sack \ud83d\ude42<\/p>\n<p>Ma\u00dfe der Statue:<br \/>\nGr\u00f6\u00dfe: ca. H60cm x W37cm x D28cm<br \/>\nGewicht: TBA, gesch\u00e4tzt 18kg<\/p>\n<p>You are not prepared! \ud83d\ude42<\/p>","protected":false},"excerpt":{"rendered":"<p>Dragon Ball &#8211; Son Goku SSJ &#8218; 1:4 Resin Statue &#8218; von Infinite Studio I do ship EU-wide, please contact me, should questions arise. Tolle Statue von unserem geliebten Super Sayajin Wunderbar verarbeitete und sehr detaillierte Goku Statue aus Polystone &#8211; k\u00fcnstlichem Stein-Harz-Gemisch. Besonderheiten: 2 austauschbare K\u00f6pfe 2 austauschbare Oberk\u00f6rpervarianten Release-Status: Vorbestellung. Release erwartet Ende [&hellip;]<\/p>\n","protected":false},"featured_media":9618,"comment_status":"closed","ping_status":"closed","template":"","meta":[],"product_brand":[],"product_cat":[87,568,84],"product_tag":[612,659,666,717,794,662,640,658,479,147,251,738,190,191,171,346,741,795,154,255,136,137,472,379,381,552,380,547,718],"class_list":{"0":"post-9617","1":"product","2":"type-product","3":"status-publish","4":"has-post-thumbnail","6":"product_cat-dragon-ball","7":"product_cat-preorder","8":"product_cat-statuen-anime-comic-universum","9":"product_tag-anime","10":"product_tag-anime-figuren","11":"product_tag-anime-figuren-shop","12":"product_tag-anime-shop","13":"product_tag-anime-statue","14":"product_tag-anime-statue-shop","15":"product_tag-anime-statuen","16":"product_tag-anime-toys","17":"product_tag-collectible","18":"product_tag-collectibles","19":"product_tag-collectibles-kaufen","20":"product_tag-dragon-ball","21":"product_tag-dragon-ball-collectibles","22":"product_tag-dragon-ball-resin","23":"product_tag-dragon-ball-son-goku","24":"product_tag-dragon-ball-son-goku-collectible","25":"product_tag-dragon-ball-statuen","26":"product_tag-handsomecake","27":"product_tag-resin-collectibles","28":"product_tag-resin-collectibles-kaufen","29":"product_tag-resin-statuen","30":"product_tag-resin-statuen-kaufen","31":"product_tag-son-goku-statue","32":"product_tag-statue-collectible","33":"product_tag-statue-collectibles","34":"product_tag-statue-collector","35":"product_tag-statues-collectible","36":"product_tag-statues-collector","37":"product_tag-toys","38":"pa_brand-infinite-studio","39":"pa_scale-1_to_4","41":"first","42":"outofstock","43":"taxable","44":"shipping-taxable","45":"product-type-variable"},"_links":{"self":[{"href":"https:\/\/store.handsomecake.com\/en\/wp-json\/wp\/v2\/product\/9617","targetHints":{"allow":["GET"]}}],"collection":[{"href":"https:\/\/store.handsomecake.com\/en\/wp-json\/wp\/v2\/product"}],"about":[{"href":"https:\/\/store.handsomecake.com\/en\/wp-json\/wp\/v2\/types\/product"}],"replies":[{"embeddable":true,"href":"https:\/\/store.handsomecake.com\/en\/wp-json\/wp\/v2\/comments?post=9617"}],"wp:featuredmedia":[{"embeddable":true,"href":"https:\/\/store.handsomecake.com\/en\/wp-json\/wp\/v2\/media\/9618"}],"wp:attachment":[{"href":"https:\/\/store.handsomecake.com\/en\/wp-json\/wp\/v2\/media?parent=9617"}],"wp:term":[{"taxonomy":"product_brand","embeddable":true,"href":"https:\/\/store.handsomecake.com\/en\/wp-json\/wp\/v2\/product_brand?post=9617"},{"taxonomy":"product_cat","embeddable":true,"href":"https:\/\/store.handsomecake.com\/en\/wp-json\/wp\/v2\/product_cat?post=9617"},{"taxonomy":"product_tag","embeddable":true,"href":"https:\/\/store.handsomecake.com\/en\/wp-json\/wp\/v2\/product_tag?post=9617"}],"curies":[{"name":"wp","href":"https:\/\/api.w.org\/{rel}","templated":true}]}}