{"id":9549,"date":"2021-12-23T22:30:37","date_gmt":"2021-12-23T22:30:37","guid":{"rendered":"https:\/\/store.handsomecake.com\/product\/dc-comics-joker-14-resin-statue-von-mfa-collectibles\/"},"modified":"2024-06-12T15:03:01","modified_gmt":"2024-06-12T15:03:01","slug":"dc-comics-joker-14-resin-statue-von-mfa-collectibles","status":"publish","type":"product","link":"https:\/\/store.handsomecake.com\/en\/product\/dc-comics-joker-14-resin-statue-von-mfa-collectibles\/","title":{"rendered":"DC Comics &#8211; Joker | 1:4 Resin Statue | von MFA Collectibles"},"content":{"rendered":"<p>DC Comics &#8211; Joker &#8218; 1:4 Resin Statue &#8218; von MFA Collectibles<\/p>\n<p>EU Taxfree! I do ship EU-wide, please contact me, should questions arise.<\/p>\n<p>Tolle Statue des ewigen Gegners von Batman<\/p>\n<p>Wunderbar verarbeitete und sehr detaillierte Statue von Joker aus Polystone &#8211; k\u00fcnstlichem Stein-Harz-Gemisch.<\/p>\n<p><strong>Besonderheiten:<\/strong><\/p>\n<ul>\n<li>Deluxe Variante mit:\n<ul>\n<li>6 Handvarianten<\/li>\n<li>4 verschiedene K\u00f6pfe<\/li>\n<li>B\u00fcsten im Sockeln sind herausnehmbar<\/li>\n<\/ul>\n<\/li>\n<\/ul>\n<p><strong>Release-Status:<\/strong><\/p>\n<ul>\n<li>Preorder. Statue wird voraussichtlich Q3 2022 erscheinen und wir erwarten sie voraussichtlich Ende November 2022 im Warenlager.<\/li>\n<\/ul>\n<p>Wie immer bei meinen Artikeln &#8211; s\u00e4mtliche Geb\u00fchren sind, im Gegensatz zu anderen Angeboten, bereits inkludiert. Versand erfolgt ausschlie\u00dflich aus Deutschland, es fallen keine Zoll- und Importgeb\u00fchren an. Ihr kauft keine Katze im Sack \ud83d\ude42<\/p>\n<p>Ma\u00dfe der Statue:<br \/>\nGr\u00f6\u00dfe: ca. H65cm x 32cm x 34cm<br \/>\nGewicht: ca. 22kg (gesch\u00e4tzt)<\/p>\n<p>You are not prepared! \ud83d\ude42<\/p>","protected":false},"excerpt":{"rendered":"<p>DC Comics &#8211; Joker &#8218; 1:4 Resin Statue &#8218; von MFA Collectibles EU Taxfree! I do ship EU-wide, please contact me, should questions arise. Tolle Statue des ewigen Gegners von Batman Wunderbar verarbeitete und sehr detaillierte Statue von Joker aus Polystone &#8211; k\u00fcnstlichem Stein-Harz-Gemisch. Besonderheiten: Deluxe Variante mit: 6 Handvarianten 4 verschiedene K\u00f6pfe B\u00fcsten im [&hellip;]<\/p>\n","protected":false},"featured_media":9561,"comment_status":"closed","ping_status":"closed","template":"","meta":[],"product_brand":[],"product_cat":[268,568,84],"product_tag":[],"class_list":{"0":"post-9549","1":"product","2":"type-product","3":"status-publish","4":"has-post-thumbnail","6":"product_cat-dc","7":"product_cat-preorder","8":"product_cat-statuen-anime-comic-universum","9":"pa_brand-mfa-collectibles","10":"pa_scale-1_to_4","12":"first","13":"instock","14":"taxable","15":"shipping-taxable","16":"product-type-variable"},"_links":{"self":[{"href":"https:\/\/store.handsomecake.com\/en\/wp-json\/wp\/v2\/product\/9549","targetHints":{"allow":["GET"]}}],"collection":[{"href":"https:\/\/store.handsomecake.com\/en\/wp-json\/wp\/v2\/product"}],"about":[{"href":"https:\/\/store.handsomecake.com\/en\/wp-json\/wp\/v2\/types\/product"}],"replies":[{"embeddable":true,"href":"https:\/\/store.handsomecake.com\/en\/wp-json\/wp\/v2\/comments?post=9549"}],"wp:featuredmedia":[{"embeddable":true,"href":"https:\/\/store.handsomecake.com\/en\/wp-json\/wp\/v2\/media\/9561"}],"wp:attachment":[{"href":"https:\/\/store.handsomecake.com\/en\/wp-json\/wp\/v2\/media?parent=9549"}],"wp:term":[{"taxonomy":"product_brand","embeddable":true,"href":"https:\/\/store.handsomecake.com\/en\/wp-json\/wp\/v2\/product_brand?post=9549"},{"taxonomy":"product_cat","embeddable":true,"href":"https:\/\/store.handsomecake.com\/en\/wp-json\/wp\/v2\/product_cat?post=9549"},{"taxonomy":"product_tag","embeddable":true,"href":"https:\/\/store.handsomecake.com\/en\/wp-json\/wp\/v2\/product_tag?post=9549"}],"curies":[{"name":"wp","href":"https:\/\/api.w.org\/{rel}","templated":true}]}}