{"id":947,"date":"2020-10-08T22:36:16","date_gmt":"2020-10-08T22:36:16","guid":{"rendered":"https:\/\/store.handsomecake.com\/?post_type=product&#038;p=947"},"modified":"2023-02-11T03:45:23","modified_gmt":"2023-02-11T03:45:23","slug":"starcraft-alarak-the-taldarim-leader-1-4-resin-statue-vom-mayflies-studio","status":"publish","type":"product","link":"https:\/\/store.handsomecake.com\/en\/product\/starcraft-alarak-the-taldarim-leader-1-4-resin-statue-vom-mayflies-studio\/","title":{"rendered":"Starcraft &#8211; Alarak The Taldarim Leader | 1:4 Resin Statue | vom Mayflies Studio"},"content":{"rendered":"<p>Starcraft &#8211; Alarak The Taldarim Leader | 1:4 Resin Statue | vom Mayflies Studio<\/p>\n<p>I do ship EU-wide, please contact me, should questions arise.<\/p>\n<p>Tolle Statue des abtr\u00fcnnigen Protosskriegers<\/p>\n<p>Wunderbar verarbeitete und sehr detaillierte Alarak Statue aus Polystone &#8211; k\u00fcnstlichem Stein-Harz-Gemisch.<\/p>\n<p>Besonderheiten:<\/p>\n<ul>\n<li>2 austauschbare Arm-Sets<\/li>\n<\/ul>\n<p>Wie immer bei meinen Aktionen &#8211; s\u00e4mtliche Geb\u00fchren sind, im Gegensatz zu anderen Angeboten, bereits inkludiert. Versand erfolgt ausschlie\u00dflich aus Deutschland, es fallen keine Zoll- und Importgeb\u00fchren an. Ihr kauft keine Katze im Sack \ud83d\ude42<\/p>\n<p>Ma\u00dfe der Statue:<br \/>\nGr\u00f6\u00dfe: ca. <strong>H70 x W45 x D46cm<\/strong><br \/>\nGewicht: ca. 34kg<br \/>\nRelease: ca. Q4 2020 &#8211; Q1 2021<\/p>\n<p>You are not prepared! \ud83d\ude42<\/p>","protected":false},"excerpt":{"rendered":"<p>Starcraft &#8211; Alarak The Taldarim Leader | 1:4 Resin Statue | vom Mayflies Studio I do ship EU-wide, please contact me, should questions arise. Tolle Statue des abtr\u00fcnnigen Protosskriegers Wunderbar verarbeitete und sehr detaillierte Alarak Statue aus Polystone &#8211; k\u00fcnstlichem Stein-Harz-Gemisch. Besonderheiten: 2 austauschbare Arm-Sets Wie immer bei meinen Aktionen &#8211; s\u00e4mtliche Geb\u00fchren sind, im [&hellip;]<\/p>\n","protected":false},"featured_media":953,"comment_status":"closed","ping_status":"closed","template":"","meta":[],"product_brand":[],"product_cat":[192,826,81,567],"product_tag":[204,203,147,154,136,137,193,194],"class_list":{"0":"post-947","1":"product","2":"type-product","3":"status-publish","4":"has-post-thumbnail","6":"product_cat-starcraft","7":"product_cat-lagernd-vor-ort","8":"product_cat-statuen-computerspieluniversum","9":"product_cat-in_stock_warehouse_china","10":"product_tag-alarak-collectible","11":"product_tag-alarak-statue","12":"product_tag-collectibles","13":"product_tag-resin-collectibles","14":"product_tag-resin-statuen","15":"product_tag-resin-statuen-kaufen","16":"product_tag-starcraft","17":"product_tag-starcraft-collectibles","18":"pa_brand-mayflies-studio","19":"pa_scale-1_to_4","21":"first","22":"instock","23":"taxable","24":"shipping-taxable","25":"product-type-simple"},"_links":{"self":[{"href":"https:\/\/store.handsomecake.com\/en\/wp-json\/wp\/v2\/product\/947","targetHints":{"allow":["GET"]}}],"collection":[{"href":"https:\/\/store.handsomecake.com\/en\/wp-json\/wp\/v2\/product"}],"about":[{"href":"https:\/\/store.handsomecake.com\/en\/wp-json\/wp\/v2\/types\/product"}],"replies":[{"embeddable":true,"href":"https:\/\/store.handsomecake.com\/en\/wp-json\/wp\/v2\/comments?post=947"}],"wp:featuredmedia":[{"embeddable":true,"href":"https:\/\/store.handsomecake.com\/en\/wp-json\/wp\/v2\/media\/953"}],"wp:attachment":[{"href":"https:\/\/store.handsomecake.com\/en\/wp-json\/wp\/v2\/media?parent=947"}],"wp:term":[{"taxonomy":"product_brand","embeddable":true,"href":"https:\/\/store.handsomecake.com\/en\/wp-json\/wp\/v2\/product_brand?post=947"},{"taxonomy":"product_cat","embeddable":true,"href":"https:\/\/store.handsomecake.com\/en\/wp-json\/wp\/v2\/product_cat?post=947"},{"taxonomy":"product_tag","embeddable":true,"href":"https:\/\/store.handsomecake.com\/en\/wp-json\/wp\/v2\/product_tag?post=947"}],"curies":[{"name":"wp","href":"https:\/\/api.w.org\/{rel}","templated":true}]}}