{"id":9456,"date":"2021-12-15T09:30:21","date_gmt":"2021-12-15T09:30:21","guid":{"rendered":"https:\/\/store.handsomecake.com\/product\/neo-genesis-evangelion-asuka-langley-14-resin-statue-von-mke-studio\/"},"modified":"2024-06-12T15:02:10","modified_gmt":"2024-06-12T15:02:10","slug":"neo-genesis-evangelion-asuka-langley-14-resin-statue-von-mke-studio","status":"publish","type":"product","link":"https:\/\/store.handsomecake.com\/en\/product\/neo-genesis-evangelion-asuka-langley-14-resin-statue-von-mke-studio\/","title":{"rendered":"Neo Genesis Evangelion &#8211; Asuka Langley | 1:4 Resin Statue | von MKE Studio"},"content":{"rendered":"<p>Neo Genesis Evangelion &#8211; Asuka Langley &#8218; 1:4 Resin Statue &#8218; von MKE Studio<\/p>\n<p>I do ship EU-wide, please contact me, should questions arise.<br \/>\nEU shipping costs are more an estimate and will be recalculated (and you will receive a refund, if shippings costs turn out to be lower in the end).<br \/>\nExample &#8211; some statues are stated as 58cm width. Until they arrive we can&#8217;t guarantee if its the width WITH packaging or without. If it&#8217;s WITH, we fit under the 60cm rule and if the weight is under 31.5kg as well, shipping will be as low as 43.86\u20ac (current DHL price), if the statue is over 60cm with packaging, we will need to engage a hauling company&#8230;<\/p>\n<p>Tolle Statue der tapferen Mechpilotin<\/p>\n<p>Wunderbar verarbeitete und sehr detaillierte Asuka Langley Statue aus Polystone &#8211; k\u00fcnstlichem Stein-Harz-Gemisch.<\/p>\n<p><strong>Besonderheiten:<\/strong><\/p>\n<ul>\n<li>es gibt zwei Versionen. Deluxe und Ultimate. Deluxe beinhaltet:\n<ul>\n<li>2 austauschbare K\u00f6pfe<\/li>\n<li>gro\u00dfer Sockel<\/li>\n<li>roter Anzug<\/li>\n<\/ul>\n<\/li>\n<li>Ultimate Version beinhaltet:\n<ul>\n<li>alles aus der Deluxe Version<\/li>\n<li>zus\u00e4tzlicher kleiner Sockel (es sind also beide Sockel mit dabei)<\/li>\n<li>zweiter austauschbarer K\u00f6rper dabei (also insgesamt: roter Anzug und wei\u00dfer Anzug)<\/li>\n<\/ul>\n<\/li>\n<li>Standardm\u00e4\u00dfig ist der dritte, nackte K\u00f6rper nicht (!) dabei und kann f\u00fcr extra 150\u20ac geordert werden. Bitte um eine entsprechende Nachricht bei der Bestellung.<\/li>\n<\/ul>\n<p><strong>Release-Status:<\/strong><\/p>\n<ul>\n<li>Preorder. Release sch\u00e4tzungsweise Q4 2022, bei uns im Lager voraussichtlich Ende Februar 2023.<\/li>\n<\/ul>\n<p>Wie immer bei meinen Artikeln\u00a0&#8211; s\u00e4mtliche Geb\u00fchren sind, im Gegensatz zu anderen Angeboten, bereits inkludiert. Versand erfolgt ausschlie\u00dflich aus Deutschland, es fallen keine Zoll- und Importgeb\u00fchren an. Ihr kauft keine Katze im Sack \ud83d\ude42<\/p>\n<p>Ma\u00dfe der Statue:<br \/>\nGr\u00f6\u00dfe: ca. 55cm x 50cm x 77cm<br \/>\nGewicht: 16 kg<\/p>\n<p>You are not prepared! \ud83d\ude42<\/p>","protected":false},"excerpt":{"rendered":"<p>Neo Genesis Evangelion &#8211; Asuka Langley &#8218; 1:4 Resin Statue &#8218; von MKE Studio I do ship EU-wide, please contact me, should questions arise. EU shipping costs are more an estimate and will be recalculated (and you will receive a refund, if shippings costs turn out to be lower in the end). Example &#8211; some [&hellip;]<\/p>\n","protected":false},"featured_media":9457,"comment_status":"closed","ping_status":"closed","template":"","meta":[],"product_brand":[],"product_cat":[811,568,84],"product_tag":[612,656,666,708,1043,658,539,537,538,479,147,251,383,533,540,795,1044,1046,1045,536,534,535,154,255,136,137],"class_list":{"0":"post-9456","1":"product","2":"type-product","3":"status-publish","4":"has-post-thumbnail","6":"product_cat-neon-genesis-evangelion","7":"product_cat-preorder","8":"product_cat-statuen-anime-comic-universum","9":"product_tag-anime","10":"product_tag-anime-collectibles","11":"product_tag-anime-figuren-shop","12":"product_tag-anime-statuen-shop","13":"product_tag-anime-statues","14":"product_tag-anime-toys","15":"product_tag-asuka-figure","16":"product_tag-asuka-resin-statue","17":"product_tag-asuka-statue","18":"product_tag-collectible","19":"product_tag-collectibles","20":"product_tag-collectibles-kaufen","21":"product_tag-collector","22":"product_tag-eva","23":"product_tag-eva-asuka-collectible","24":"product_tag-handsomecake","25":"product_tag-last-sleep","26":"product_tag-last-sleep-collectibles","27":"product_tag-last-sleep-studio","28":"product_tag-neo-genesis-asuka","29":"product_tag-neo-genesis-eva","30":"product_tag-neo-genesis-evangelion","31":"product_tag-resin-collectibles","32":"product_tag-resin-collectibles-kaufen","33":"product_tag-resin-statuen","34":"product_tag-resin-statuen-kaufen","35":"pa_brand-mke-studio","36":"pa_scale-1_to_4","38":"first","39":"outofstock","40":"taxable","41":"shipping-taxable","42":"product-type-variable"},"_links":{"self":[{"href":"https:\/\/store.handsomecake.com\/en\/wp-json\/wp\/v2\/product\/9456","targetHints":{"allow":["GET"]}}],"collection":[{"href":"https:\/\/store.handsomecake.com\/en\/wp-json\/wp\/v2\/product"}],"about":[{"href":"https:\/\/store.handsomecake.com\/en\/wp-json\/wp\/v2\/types\/product"}],"replies":[{"embeddable":true,"href":"https:\/\/store.handsomecake.com\/en\/wp-json\/wp\/v2\/comments?post=9456"}],"wp:featuredmedia":[{"embeddable":true,"href":"https:\/\/store.handsomecake.com\/en\/wp-json\/wp\/v2\/media\/9457"}],"wp:attachment":[{"href":"https:\/\/store.handsomecake.com\/en\/wp-json\/wp\/v2\/media?parent=9456"}],"wp:term":[{"taxonomy":"product_brand","embeddable":true,"href":"https:\/\/store.handsomecake.com\/en\/wp-json\/wp\/v2\/product_brand?post=9456"},{"taxonomy":"product_cat","embeddable":true,"href":"https:\/\/store.handsomecake.com\/en\/wp-json\/wp\/v2\/product_cat?post=9456"},{"taxonomy":"product_tag","embeddable":true,"href":"https:\/\/store.handsomecake.com\/en\/wp-json\/wp\/v2\/product_tag?post=9456"}],"curies":[{"name":"wp","href":"https:\/\/api.w.org\/{rel}","templated":true}]}}