{"id":9384,"date":"2021-12-10T23:09:55","date_gmt":"2021-12-10T23:09:55","guid":{"rendered":"https:\/\/store.handsomecake.com\/product\/dragon-ball-gohan-buu-majin-boo-16-resin-statue-von-the-stars-studio\/"},"modified":"2024-06-12T15:01:58","modified_gmt":"2024-06-12T15:01:58","slug":"dragon-ball-gohan-buu-majin-boo-16-resin-statue-von-the-stars-studio","status":"publish","type":"product","link":"https:\/\/store.handsomecake.com\/en\/product\/dragon-ball-gohan-buu-majin-boo-16-resin-statue-von-the-stars-studio\/","title":{"rendered":"Dragon Ball &#8211; Gohan Buu (Majin Boo) | 1:6 Resin Statue | von The Stars Studio"},"content":{"rendered":"<p>Dragon Ball &#8211; Gohan Buu (Majin Boo) &#8218; 1:6 Resin Statue &#8218; von The Stars Studio<\/p>\n<p>EU Taxfree! I do ship EU-wide, please contact me, should questions arise.<br \/>\nEU shipping costs are more an estimate and will be recalculated (and you will receive a refund, if shippings costs turn out to be lower in the end).<br \/>\nExample &#8211; some statues are stated as 58cm width. Until they arrive we can&#8217;t guarantee if its the width WITH packaging or without. If it&#8217;s WITH, we fit under the 60cm rule and if the weight is under 31.5kg as well, shipping will be as low as 43.86\u20ac (current DHL price), if the statue is over 60cm with packaging, we will need to engage a hauling company&#8230;<\/p>\n<p>Tolle Statue der dynamischen Kampfszene von Boo<\/p>\n<p>Wunderbar verarbeitete und sehr detaillierte Statue von Gohan Buu aus Polystone &#8211; k\u00fcnstlichem Stein-Harz-Gemisch.<\/p>\n<p>Besonderheiten:<\/p>\n<ul>\n<li>2 austauschbare Oberk\u00f6rper<\/li>\n<li>abnehmbare Geister<\/li>\n<li>weltweit auf 80 St\u00fcck begrenzt<\/li>\n<\/ul>\n<p>Release-Status:<\/p>\n<ul>\n<li>Preorder. Statue wird sch\u00e4tzungsweise Q3 2022 released. Wir erwarten sie bei uns im Lager gegen Ende November 2022.<\/li>\n<\/ul>\n<p>Wie immer bei meinen Artikeln\u00a0&#8211; s\u00e4mtliche Geb\u00fchren sind, im Gegensatz zu anderen Angeboten, bereits inkludiert. Versand erfolgt ausschlie\u00dflich aus Deutschland, es fallen keine Zoll- und Importgeb\u00fchren an. Ihr kauft keine Katze im Sack \ud83d\ude42<\/p>\n<p>Ma\u00dfe der Statue:<br \/>\nGr\u00f6\u00dfe: 35cm x 30cm x 45cm<br \/>\nGewicht: TBA, gesch\u00e4tzt: ca. 11 kg<\/p>\n<p>You are not prepared! \ud83d\ude42<\/p>","protected":false},"excerpt":{"rendered":"<p>Dragon Ball &#8211; Gohan Buu (Majin Boo) &#8218; 1:6 Resin Statue &#8218; von The Stars Studio EU Taxfree! I do ship EU-wide, please contact me, should questions arise. EU shipping costs are more an estimate and will be recalculated (and you will receive a refund, if shippings costs turn out to be lower in the [&hellip;]<\/p>\n","protected":false},"featured_media":9385,"comment_status":"closed","ping_status":"closed","template":"","meta":[],"product_brand":[],"product_cat":[15],"product_tag":[612,659,666,717,794,662,640,658,479,147,251,738,190,191,171,346,741,795,154,255,136,137,472,379,381,552,380,547,718],"class_list":{"0":"post-9384","1":"product","2":"type-product","3":"status-publish","4":"has-post-thumbnail","6":"product_cat-sonstiges","7":"product_tag-anime","8":"product_tag-anime-figuren","9":"product_tag-anime-figuren-shop","10":"product_tag-anime-shop","11":"product_tag-anime-statue","12":"product_tag-anime-statue-shop","13":"product_tag-anime-statuen","14":"product_tag-anime-toys","15":"product_tag-collectible","16":"product_tag-collectibles","17":"product_tag-collectibles-kaufen","18":"product_tag-dragon-ball","19":"product_tag-dragon-ball-collectibles","20":"product_tag-dragon-ball-resin","21":"product_tag-dragon-ball-son-goku","22":"product_tag-dragon-ball-son-goku-collectible","23":"product_tag-dragon-ball-statuen","24":"product_tag-handsomecake","25":"product_tag-resin-collectibles","26":"product_tag-resin-collectibles-kaufen","27":"product_tag-resin-statuen","28":"product_tag-resin-statuen-kaufen","29":"product_tag-son-goku-statue","30":"product_tag-statue-collectible","31":"product_tag-statue-collectibles","32":"product_tag-statue-collector","33":"product_tag-statues-collectible","34":"product_tag-statues-collector","35":"product_tag-toys","36":"pa_brand-the-stars-studio","37":"pa_scale-1_to_6","39":"first","40":"instock","41":"taxable","42":"shipping-taxable","43":"product-type-variable"},"_links":{"self":[{"href":"https:\/\/store.handsomecake.com\/en\/wp-json\/wp\/v2\/product\/9384","targetHints":{"allow":["GET"]}}],"collection":[{"href":"https:\/\/store.handsomecake.com\/en\/wp-json\/wp\/v2\/product"}],"about":[{"href":"https:\/\/store.handsomecake.com\/en\/wp-json\/wp\/v2\/types\/product"}],"replies":[{"embeddable":true,"href":"https:\/\/store.handsomecake.com\/en\/wp-json\/wp\/v2\/comments?post=9384"}],"wp:featuredmedia":[{"embeddable":true,"href":"https:\/\/store.handsomecake.com\/en\/wp-json\/wp\/v2\/media\/9385"}],"wp:attachment":[{"href":"https:\/\/store.handsomecake.com\/en\/wp-json\/wp\/v2\/media?parent=9384"}],"wp:term":[{"taxonomy":"product_brand","embeddable":true,"href":"https:\/\/store.handsomecake.com\/en\/wp-json\/wp\/v2\/product_brand?post=9384"},{"taxonomy":"product_cat","embeddable":true,"href":"https:\/\/store.handsomecake.com\/en\/wp-json\/wp\/v2\/product_cat?post=9384"},{"taxonomy":"product_tag","embeddable":true,"href":"https:\/\/store.handsomecake.com\/en\/wp-json\/wp\/v2\/product_tag?post=9384"}],"curies":[{"name":"wp","href":"https:\/\/api.w.org\/{rel}","templated":true}]}}