{"id":9331,"date":"2021-12-08T10:44:13","date_gmt":"2021-12-08T10:44:13","guid":{"rendered":"https:\/\/store.handsomecake.com\/product\/dragon-ball-z-vegeta-on-throne-14-resin-statue-von-hundian-studio\/"},"modified":"2024-08-23T21:40:59","modified_gmt":"2024-08-23T21:40:59","slug":"dragon-ball-z-vegeta-on-throne-14-resin-statue-von-hundian-studio","status":"publish","type":"product","link":"https:\/\/store.handsomecake.com\/en\/product\/dragon-ball-z-vegeta-on-throne-14-resin-statue-von-hundian-studio\/","title":{"rendered":"Dragon Ball Z &#8211; Vegeta on Throne | 1:4 Resin Statue | von HunDian Studio"},"content":{"rendered":"<p>Dragon Ball Z &#8211; Vegeta on Throne &#8218; 1:4 Resin Statue &#8218; von HunDian Studio<br \/>\nEU Taxfree! I do ship EU-wide, please contact me, should questions arise.<\/p>\n<p>Tolle Statue des Freunden und Rivalen von Son Goku<br \/>\nWunderbar verarbeitete und sehr detaillierte Vegeta Statue aus Polystone &#8211; k\u00fcnstlichem Stein-Harz-Gemisch.<\/p>\n<p>Besonderheiten:<\/p>\n<ul>\n<li>2 austauschbare Kopfsets<\/li>\n<li>Weltweit auf 228 St\u00fcck begrenzt<\/li>\n<\/ul>\n<p>Release-Status:<\/p>\n<ul>\n<li>Lagernd vor Ort. Versandfertig in ca. 5 Werktagen.<\/li>\n<\/ul>\n<p>Wie immer bei meinen Artikeln &#8211; s\u00e4mtliche Geb\u00fchren sind, im Gegensatz zu anderen Angeboten, bereits inkludiert. Versand erfolgt ausschlie\u00dflich aus Deutschland, es fallen keine Zoll- und Importgeb\u00fchren an. Ihr kauft keine Katze im Sack \ud83d\ude42<\/p>\n<p>Ma\u00dfe der Statue:<br \/>\nGr\u00f6\u00dfe: ca. 69cm x 50cm x 48cm<br \/>\nGewicht: 24 kg<\/p>\n<p>You are not prepared! \ud83d\ude42<\/p>","protected":false},"excerpt":{"rendered":"<p>Dragon Ball Z &#8211; Vegeta on Throne &#8218; 1:4 Resin Statue &#8218; von HunDian Studio EU Taxfree! I do ship EU-wide, please contact me, should questions arise. Tolle Statue des Freunden und Rivalen von Son Goku Wunderbar verarbeitete und sehr detaillierte Vegeta Statue aus Polystone &#8211; k\u00fcnstlichem Stein-Harz-Gemisch. Besonderheiten: 2 austauschbare Kopfsets Weltweit auf 228 [&hellip;]<\/p>\n","protected":false},"featured_media":9332,"comment_status":"closed","ping_status":"closed","template":"","meta":[],"product_brand":[],"product_cat":[87,826,84],"product_tag":[147,251,190,471,191,171,346,97,98,674,469,470,154,136,137,472,379,381,380,382,96,675,95],"class_list":{"0":"post-9331","1":"product","2":"type-product","3":"status-publish","4":"has-post-thumbnail","6":"product_cat-dragon-ball","7":"product_cat-lagernd-vor-ort","8":"product_cat-statuen-anime-comic-universum","9":"product_tag-collectibles","10":"product_tag-collectibles-kaufen","11":"product_tag-dragon-ball-collectibles","12":"product_tag-dragon-ball-lifesize","13":"product_tag-dragon-ball-resin","14":"product_tag-dragon-ball-son-goku","15":"product_tag-dragon-ball-son-goku-collectible","16":"product_tag-dragon-ball-statue","17":"product_tag-dragon-ball-vegeta","18":"product_tag-dragon-ball-z-vegeta","19":"product_tag-lifesize-collectibles","20":"product_tag-lifesize-statuen","21":"product_tag-resin-collectibles","22":"product_tag-resin-statuen","23":"product_tag-resin-statuen-kaufen","24":"product_tag-son-goku-statue","25":"product_tag-statue-collectible","26":"product_tag-statue-collectibles","27":"product_tag-statues-collectible","28":"product_tag-statues-collectibles","29":"product_tag-vegeta","30":"product_tag-vegeta-collectible","31":"product_tag-vegeta-statue","32":"pa_brand-hun-dian-studio","33":"pa_scale-1_to_4","35":"first","36":"instock","37":"sale","38":"taxable","39":"shipping-taxable","40":"product-type-simple"},"_links":{"self":[{"href":"https:\/\/store.handsomecake.com\/en\/wp-json\/wp\/v2\/product\/9331","targetHints":{"allow":["GET"]}}],"collection":[{"href":"https:\/\/store.handsomecake.com\/en\/wp-json\/wp\/v2\/product"}],"about":[{"href":"https:\/\/store.handsomecake.com\/en\/wp-json\/wp\/v2\/types\/product"}],"replies":[{"embeddable":true,"href":"https:\/\/store.handsomecake.com\/en\/wp-json\/wp\/v2\/comments?post=9331"}],"wp:featuredmedia":[{"embeddable":true,"href":"https:\/\/store.handsomecake.com\/en\/wp-json\/wp\/v2\/media\/9332"}],"wp:attachment":[{"href":"https:\/\/store.handsomecake.com\/en\/wp-json\/wp\/v2\/media?parent=9331"}],"wp:term":[{"taxonomy":"product_brand","embeddable":true,"href":"https:\/\/store.handsomecake.com\/en\/wp-json\/wp\/v2\/product_brand?post=9331"},{"taxonomy":"product_cat","embeddable":true,"href":"https:\/\/store.handsomecake.com\/en\/wp-json\/wp\/v2\/product_cat?post=9331"},{"taxonomy":"product_tag","embeddable":true,"href":"https:\/\/store.handsomecake.com\/en\/wp-json\/wp\/v2\/product_tag?post=9331"}],"curies":[{"name":"wp","href":"https:\/\/api.w.org\/{rel}","templated":true}]}}