{"id":9299,"date":"2021-12-08T10:41:47","date_gmt":"2021-12-08T10:41:47","guid":{"rendered":"https:\/\/store.handsomecake.com\/product\/lotr-herr-der-ringe-legolas-ut-12-resin-statue-von-infinity-studio\/"},"modified":"2024-06-12T15:01:45","modified_gmt":"2024-06-12T15:01:45","slug":"lotr-herr-der-ringe-legolas-ut-12-resin-statue-von-infinity-studio","status":"publish","type":"product","link":"https:\/\/store.handsomecake.com\/en\/product\/lotr-herr-der-ringe-legolas-ut-12-resin-statue-von-infinity-studio\/","title":{"rendered":"LotR \/ Herr der Ringe &#8211; Legolas (Regular\/Ultimate) | 1:2 Resin Statue | von Infinity Studio"},"content":{"rendered":"<p>LotR \/ Herr der Ringe &#8211; Legolas (Regular\/Ultimate) &#8218; 1:2 Resin Statue &#8218; von Infinity Studio<\/p>\n<p>I do ship EU-wide, please contact me, should questions arise.<br \/>\nEU shipping costs are more an estimate and will be recalculated (and you will receive a refund, if shippings costs turn out to be lower in the end).<br \/>\nExample &#8211; some statues are stated as 58cm width. Until they arrive we can&#8217;t guarantee if its the width WITH packaging or without. If it&#8217;s WITH, we fit under the 60cm rule and if the weight is under 31.5kg as well, shipping will be as low as 43.86\u20ac (current DHL price), if the statue is over 60cm with packaging, we will need to engage a hauling company&#8230;<\/p>\n<p>Tolle Statue von unseren geliebten Elfensch\u00fctzen<\/p>\n<p>Wunderbar verarbeitete und sehr detaillierte Legolas Statue aus Polystone &#8211; k\u00fcnstlichem Stein-Harz-Gemisch.<\/p>\n<p>Besonderheiten:<\/p>\n<ul>\n<li>Ultimate Version mit 2 austauschbaren K\u00f6pfen (komplett PVC und Silikonkopf mit Echthaar)<\/li>\n<li>weltweit 250 St\u00fcck<\/li>\n<li>die Version ohne Silikonkopf ist ebenfalls bestellbar f\u00fcr 2990\u20ac + inl\u00e4ndischer Versand. Bitte entsprechend bei der Bestellung ausw\u00e4hlen<\/li>\n<\/ul>\n<p>Release-Status:<\/p>\n<ul>\n<li>Vorbestellung, Release erwartet Ende Q2 2023, Collectible bei uns im Lager sch\u00e4tzungsweise Ende August 2023<\/li>\n<\/ul>\n<p>Wie immer bei meinen Aktionen &#8211; s\u00e4mtliche Geb\u00fchren sind, im Gegensatz zu anderen Angeboten, bereits inkludiert. Versand erfolgt ausschlie\u00dflich aus Deutschland, es fallen keine Zoll- und Importgeb\u00fchren an. Ihr kauft keine Katze im Sack \ud83d\ude42<\/p>\n<p>Preis-Hinweis:<br \/>\nSolltet ihr die Statue direkt \u00fcber unseren Online-Shop (einfach den Benutzernamen googeln) kaufen, so erhaltet ihr auf jeden Fall die Tiefstpreisgarantie &#8211; sollte beispielsweise der Versand, Zoll oder die Einfuhrumsatzsteuer am Ende, also wenn die Statue bei uns im Warenlager angekommen ist, geringer ausfallen, so leiten wir die Preisreduzierung 1:1 an euch weiter! Der Catfish Arthas war z.b. urspr\u00fcnglich f\u00fcr 1850\u20ac drin, Endpreis war 1569\u20ac.<\/p>\n<p>Ma\u00dfe der Statue:<br \/>\nGr\u00f6\u00dfe: ca. 104cm x 49cm x 51cm<br \/>\nGewicht: TBA, gesch\u00e4tzt 48kg<\/p>\n<p>You are not prepared! \ud83d\ude42<\/p>","protected":false},"excerpt":{"rendered":"<p>LotR \/ Herr der Ringe &#8211; Legolas (Regular\/Ultimate) &#8218; 1:2 Resin Statue &#8218; von Infinity Studio I do ship EU-wide, please contact me, should questions arise. EU shipping costs are more an estimate and will be recalculated (and you will receive a refund, if shippings costs turn out to be lower in the end). Example [&hellip;]<\/p>\n","protected":false},"featured_media":9300,"comment_status":"closed","ping_status":"closed","template":"","meta":[],"product_brand":[],"product_cat":[1114,568,184],"product_tag":[612,656,659,666,708,795,1199,1197,704,707,706,705,1205,1204,1203,1202,1198,1200,1206,1201,379,381,665,380,382,547],"class_list":{"0":"post-9299","1":"product","2":"type-product","3":"status-publish","4":"has-post-thumbnail","6":"product_cat-herr-der-ringe","7":"product_cat-preorder","8":"product_cat-sonstige-resin-statuen","9":"product_tag-anime","10":"product_tag-anime-collectibles","11":"product_tag-anime-figuren","12":"product_tag-anime-figuren-shop","13":"product_tag-anime-statuen-shop","14":"product_tag-handsomecake","15":"product_tag-hdr","16":"product_tag-herr-der-ringe","17":"product_tag-kitsune","18":"product_tag-kitsune-collectibles","19":"product_tag-kitsune-figure","20":"product_tag-kitsune-statue","21":"product_tag-legolas-collectible","22":"product_tag-legolas-figurine","23":"product_tag-legolas-toy","24":"product_tag-legolas-toys","25":"product_tag-lord-of-the-rings","26":"product_tag-lotr","27":"product_tag-lotr-collectible","28":"product_tag-lotr-legolas","29":"product_tag-statue-collectible","30":"product_tag-statue-collectibles","31":"product_tag-statuen-shop","32":"product_tag-statues-collectible","33":"product_tag-statues-collectibles","34":"product_tag-statues-collector","35":"pa_brand-infinity-studio","36":"pa_scale-1_to_2","38":"first","39":"instock","40":"taxable","41":"shipping-taxable","42":"product-type-variable"},"_links":{"self":[{"href":"https:\/\/store.handsomecake.com\/en\/wp-json\/wp\/v2\/product\/9299","targetHints":{"allow":["GET"]}}],"collection":[{"href":"https:\/\/store.handsomecake.com\/en\/wp-json\/wp\/v2\/product"}],"about":[{"href":"https:\/\/store.handsomecake.com\/en\/wp-json\/wp\/v2\/types\/product"}],"replies":[{"embeddable":true,"href":"https:\/\/store.handsomecake.com\/en\/wp-json\/wp\/v2\/comments?post=9299"}],"wp:featuredmedia":[{"embeddable":true,"href":"https:\/\/store.handsomecake.com\/en\/wp-json\/wp\/v2\/media\/9300"}],"wp:attachment":[{"href":"https:\/\/store.handsomecake.com\/en\/wp-json\/wp\/v2\/media?parent=9299"}],"wp:term":[{"taxonomy":"product_brand","embeddable":true,"href":"https:\/\/store.handsomecake.com\/en\/wp-json\/wp\/v2\/product_brand?post=9299"},{"taxonomy":"product_cat","embeddable":true,"href":"https:\/\/store.handsomecake.com\/en\/wp-json\/wp\/v2\/product_cat?post=9299"},{"taxonomy":"product_tag","embeddable":true,"href":"https:\/\/store.handsomecake.com\/en\/wp-json\/wp\/v2\/product_tag?post=9299"}],"curies":[{"name":"wp","href":"https:\/\/api.w.org\/{rel}","templated":true}]}}