{"id":927,"date":"2020-10-08T21:54:41","date_gmt":"2020-10-08T21:54:41","guid":{"rendered":"https:\/\/store.handsomecake.com\/product\/starcraft-en-taro-tassadar-14-resin-statue-vom-mayflies-studio\/"},"modified":"2024-06-12T14:30:51","modified_gmt":"2024-06-12T14:30:51","slug":"starcraft-en-taro-tassadar-14-resin-statue-vom-mayflies-studio","status":"publish","type":"product","link":"https:\/\/store.handsomecake.com\/en\/product\/starcraft-en-taro-tassadar-14-resin-statue-vom-mayflies-studio\/","title":{"rendered":"Starcraft &#8211; Artanis En Taro Tassadar | 1:4 Resin Statue | vom Mayflies Studio"},"content":{"rendered":"<p>Starcraft &#8211; Artanis &#8222;En Taro Tassadar&#8220; | 1:4 Resin Statue | vom Mayflies Studio<\/p>\n<p>I do ship EU-wide, please contact me, should questions arise.<\/p>\n<p>Tolle Statue des edlen Protosskriegers<\/p>\n<p>Wunderbar verarbeitete und sehr detaillierte Tassadar Statue aus Polystone &#8211; k\u00fcnstlichem Stein-Harz-Gemisch.<\/p>\n<p>Besonderheiten:<\/p>\n<ul>\n<li>2 austauschbare Arm-Sets<\/li>\n<\/ul>\n<p>Wie immer bei meinen Aktionen &#8211; s\u00e4mtliche Geb\u00fchren sind, im Gegensatz zu anderen Angeboten, bereits inkludiert. Versand erfolgt ausschlie\u00dflich aus Deutschland, es fallen keine Zoll- und Importgeb\u00fchren an. Ihr kauft keine Katze im Sack \ud83d\ude42<\/p>\n<p>Preis-Hinweis:<br \/>\nSolltet ihr die Statue direkt \u00fcber unseren Online-Shop (einfach den Benutzernamen googeln) kaufen, so erhaltet ihr auf jeden Fall die Tiefstpreisgarantie &#8211; sollte beispielsweise der Versand, Zoll oder die Einfuhrumsatzsteuer am Ende, also wenn die Statue bei uns im Warenlager angekommen ist, geringer ausfallen, so leiten wir die Preisreduzierung 1:1 an euch weiter! Der Catfish Arthas war z.b. urspr\u00fcnglich f\u00fcr 1850\u20ac drin, Endpreis war 1569\u20ac.<\/p>\n<p>Ma\u00dfe der Statue:<br \/>\nGr\u00f6\u00dfe: ca. H70 x W45 x D46cm<br \/>\nGewicht: ca. 34kg<\/p>\n<p>You are not prepared! \ud83d\ude42<\/p>","protected":false},"excerpt":{"rendered":"<p>Starcraft &#8211; Artanis &#8222;En Taro Tassadar&#8220; | 1:4 Resin Statue | vom Mayflies Studio I do ship EU-wide, please contact me, should questions arise. Tolle Statue des edlen Protosskriegers Wunderbar verarbeitete und sehr detaillierte Tassadar Statue aus Polystone &#8211; k\u00fcnstlichem Stein-Harz-Gemisch. Besonderheiten: 2 austauschbare Arm-Sets Wie immer bei meinen Aktionen &#8211; s\u00e4mtliche Geb\u00fchren sind, im [&hellip;]<\/p>\n","protected":false},"featured_media":928,"comment_status":"closed","ping_status":"closed","template":"","meta":[],"product_brand":[],"product_cat":[192,81,567],"product_tag":[442,441,147,443,154,136,137,193,194,196,195],"class_list":{"0":"post-927","1":"product","2":"type-product","3":"status-publish","4":"has-post-thumbnail","6":"product_cat-starcraft","7":"product_cat-statuen-computerspieluniversum","8":"product_cat-in_stock_warehouse_china","9":"product_tag-artanis-mayflies-studio","10":"product_tag-artanis-statue","11":"product_tag-collectibles","12":"product_tag-mayflies-studio-collectibles","13":"product_tag-resin-collectibles","14":"product_tag-resin-statuen","15":"product_tag-resin-statuen-kaufen","16":"product_tag-starcraft","17":"product_tag-starcraft-collectibles","18":"product_tag-tassadar-collectible","19":"product_tag-tassadar-statue","20":"pa_brand-mayflies-studio","21":"pa_scale-1_to_4","23":"first","24":"outofstock","25":"taxable","26":"shipping-taxable","27":"product-type-variable"},"_links":{"self":[{"href":"https:\/\/store.handsomecake.com\/en\/wp-json\/wp\/v2\/product\/927","targetHints":{"allow":["GET"]}}],"collection":[{"href":"https:\/\/store.handsomecake.com\/en\/wp-json\/wp\/v2\/product"}],"about":[{"href":"https:\/\/store.handsomecake.com\/en\/wp-json\/wp\/v2\/types\/product"}],"replies":[{"embeddable":true,"href":"https:\/\/store.handsomecake.com\/en\/wp-json\/wp\/v2\/comments?post=927"}],"wp:featuredmedia":[{"embeddable":true,"href":"https:\/\/store.handsomecake.com\/en\/wp-json\/wp\/v2\/media\/928"}],"wp:attachment":[{"href":"https:\/\/store.handsomecake.com\/en\/wp-json\/wp\/v2\/media?parent=927"}],"wp:term":[{"taxonomy":"product_brand","embeddable":true,"href":"https:\/\/store.handsomecake.com\/en\/wp-json\/wp\/v2\/product_brand?post=927"},{"taxonomy":"product_cat","embeddable":true,"href":"https:\/\/store.handsomecake.com\/en\/wp-json\/wp\/v2\/product_cat?post=927"},{"taxonomy":"product_tag","embeddable":true,"href":"https:\/\/store.handsomecake.com\/en\/wp-json\/wp\/v2\/product_tag?post=927"}],"curies":[{"name":"wp","href":"https:\/\/api.w.org\/{rel}","templated":true}]}}