{"id":9221,"date":"2021-12-01T14:33:07","date_gmt":"2021-12-01T14:33:07","guid":{"rendered":"https:\/\/store.handsomecake.com\/product\/dragon-ball-gohan-vs-buu-16-resin-statue-von-temple-studio-ft-haf\/"},"modified":"2024-12-23T16:15:20","modified_gmt":"2024-12-23T16:15:20","slug":"dragon-ball-gohan-vs-buu-16-resin-statue-von-temple-studio-ft-haf","status":"publish","type":"product","link":"https:\/\/store.handsomecake.com\/en\/product\/dragon-ball-gohan-vs-buu-16-resin-statue-von-temple-studio-ft-haf\/","title":{"rendered":"Dragon Ball &#8211; Gohan vs Buu | 1:6 Resin Statue | von Temple Studio ft. HAF"},"content":{"rendered":"<p>Dragon Ball &#8211; Gohan vs Buu &#8218; 1:6 Resin Statue &#8218; von Temple Studio ft. HAF<\/p>\n<p>EU Taxfree! I do ship EU-wide, please contact me, should questions arise.<br \/>\nEU shipping costs are more an estimate and will be recalculated (and you will receive a refund, if shippings costs turn out to be lower in the end).<br \/>\nExample &#8211; some statues are stated as 58cm width. Until they arrive we can&#8217;t guarantee if its the width WITH packaging or without. If it&#8217;s WITH, we fit under the 60cm rule and if the weight is under 31.5kg as well, shipping will be as low as 43.86\u20ac (current DHL price), if the statue is over 60cm with packaging, we will need to engage a hauling company&#8230;<\/p>\n<p>Tolle Statue der dynamischen Kampfszene zwischen Boo und Gohan<\/p>\n<p>Wunderbar verarbeitete und sehr detaillierte Statue von Buu und Gohan aus Polystone &#8211; k\u00fcnstlichem Stein-Harz-Gemisch.<\/p>\n<p>Besonderheiten:<\/p>\n<p>* weltweit auf 288 St\u00fcck begrenzt<\/p>\n<p>Release-Status:<\/p>\n<p>* Preorder. Statue wird sch\u00e4tzungsweise Q2 2022 released. Wir erwarten sie bei uns im Lager gegen Ende August 2022.<\/p>\n<p>Wie immer bei meinen Aktionen &#8211; s\u00e4mtliche Geb\u00fchren sind, im Gegensatz zu anderen Angeboten, bereits inkludiert. Versand erfolgt ausschlie\u00dflich aus Deutschland, es fallen keine Zoll- und Importgeb\u00fchren an. Ihr kauft keine Katze im Sack \ud83d\ude42<\/p>\n<p>Preis-Hinweis:<br \/>\nSolltet ihr die Statue direkt \u00fcber unseren Online-Shop (einfach den Benutzernamen googeln) kaufen, so erhaltet ihr auf jeden Fall die Tiefstpreisgarantie &#8211; sollte beispielsweise der Versand, Zoll oder die Einfuhrumsatzsteuer am Ende, also wenn die Statue bei uns im Warenlager angekommen ist, geringer ausfallen, so leiten wir die Preisreduzierung 1:1 an euch weiter! Der Catfish Arthas war z.b. urspr\u00fcnglich f\u00fcr 1850\u20ac drin, Endpreis war 1569\u20ac.<\/p>\n<p>Ma\u00dfe der Statue:<br \/>\nGr\u00f6\u00dfe: 36cm x 42cm x 30cm<br \/>\nGewicht: TBA, gesch\u00e4tzt: ca. 9 kg<\/p>\n<p>You are not prepared! \ud83d\ude42<\/p>","protected":false},"excerpt":{"rendered":"<p>Dragon Ball &#8211; Gohan vs Buu &#8218; 1:6 Resin Statue &#8218; von Temple Studio ft. HAF EU Taxfree! I do ship EU-wide, please contact me, should questions arise. EU shipping costs are more an estimate and will be recalculated (and you will receive a refund, if shippings costs turn out to be lower in the [&hellip;]<\/p>\n","protected":false},"featured_media":9222,"comment_status":"closed","ping_status":"closed","template":"","meta":[],"product_brand":[],"product_cat":[87,568,84],"product_tag":[612,659,666,717,794,662,640,658,479,147,251,738,190,191,171,346,741,795,154,255,136,137,472,379,381,552,380,547,718],"class_list":{"0":"post-9221","1":"product","2":"type-product","3":"status-publish","4":"has-post-thumbnail","6":"product_cat-dragon-ball","7":"product_cat-preorder","8":"product_cat-statuen-anime-comic-universum","9":"product_tag-anime","10":"product_tag-anime-figuren","11":"product_tag-anime-figuren-shop","12":"product_tag-anime-shop","13":"product_tag-anime-statue","14":"product_tag-anime-statue-shop","15":"product_tag-anime-statuen","16":"product_tag-anime-toys","17":"product_tag-collectible","18":"product_tag-collectibles","19":"product_tag-collectibles-kaufen","20":"product_tag-dragon-ball","21":"product_tag-dragon-ball-collectibles","22":"product_tag-dragon-ball-resin","23":"product_tag-dragon-ball-son-goku","24":"product_tag-dragon-ball-son-goku-collectible","25":"product_tag-dragon-ball-statuen","26":"product_tag-handsomecake","27":"product_tag-resin-collectibles","28":"product_tag-resin-collectibles-kaufen","29":"product_tag-resin-statuen","30":"product_tag-resin-statuen-kaufen","31":"product_tag-son-goku-statue","32":"product_tag-statue-collectible","33":"product_tag-statue-collectibles","34":"product_tag-statue-collector","35":"product_tag-statues-collectible","36":"product_tag-statues-collector","37":"product_tag-toys","38":"pa_brand-temple-studio","39":"pa_scale-1_to_6","41":"first","42":"onbackorder","43":"taxable","44":"shipping-taxable","45":"product-type-variable"},"_links":{"self":[{"href":"https:\/\/store.handsomecake.com\/en\/wp-json\/wp\/v2\/product\/9221","targetHints":{"allow":["GET"]}}],"collection":[{"href":"https:\/\/store.handsomecake.com\/en\/wp-json\/wp\/v2\/product"}],"about":[{"href":"https:\/\/store.handsomecake.com\/en\/wp-json\/wp\/v2\/types\/product"}],"replies":[{"embeddable":true,"href":"https:\/\/store.handsomecake.com\/en\/wp-json\/wp\/v2\/comments?post=9221"}],"wp:featuredmedia":[{"embeddable":true,"href":"https:\/\/store.handsomecake.com\/en\/wp-json\/wp\/v2\/media\/9222"}],"wp:attachment":[{"href":"https:\/\/store.handsomecake.com\/en\/wp-json\/wp\/v2\/media?parent=9221"}],"wp:term":[{"taxonomy":"product_brand","embeddable":true,"href":"https:\/\/store.handsomecake.com\/en\/wp-json\/wp\/v2\/product_brand?post=9221"},{"taxonomy":"product_cat","embeddable":true,"href":"https:\/\/store.handsomecake.com\/en\/wp-json\/wp\/v2\/product_cat?post=9221"},{"taxonomy":"product_tag","embeddable":true,"href":"https:\/\/store.handsomecake.com\/en\/wp-json\/wp\/v2\/product_tag?post=9221"}],"curies":[{"name":"wp","href":"https:\/\/api.w.org\/{rel}","templated":true}]}}