{"id":916,"date":"2020-10-08T21:54:21","date_gmt":"2020-10-08T21:54:21","guid":{"rendered":"https:\/\/store.handsomecake.com\/product\/dragon-ball-z-son-goku-von-last-sleep-studios-14-16-resin-statue\/"},"modified":"2024-06-12T14:30:47","modified_gmt":"2024-06-12T14:30:47","slug":"dragon-ball-z-son-goku-von-last-sleep-studios-14-16-resin-statue","status":"publish","type":"product","link":"https:\/\/store.handsomecake.com\/en\/product\/dragon-ball-z-son-goku-von-last-sleep-studios-14-16-resin-statue\/","title":{"rendered":"Dragon Ball Z | Son Goku von Last Sleep Studios | 1:4 \/ 1:6 Resin Statue"},"content":{"rendered":"<p>Dragon Ball Z &#8211; Son Goku &#8218; Resin Statuen vom Last Sleep Studio.<\/p>\n<p>I do ship EU-wide, please contact me, should questions arise.<\/p>\n<p>Ein Moloch von einer Dragon Ball Z Son Goku Statue<\/p>\n<p>Wunderbar verarbeitete und sehr detaillierte Son Goku Statue aus Polystone &#8211; k\u00fcnstlichem Stein-Harz-Gemisch.<\/p>\n<p>Besonderheiten:<\/p>\n<p>* 3 austauschbare K\u00f6pfe<\/p>\n<p>Wie immer bei meinen Aktionen &#8211; s\u00e4mtliche Geb\u00fchren sind, im Gegensatz zu anderen Angeboten, bereits inkludiert. Versand erfolgt ausschlie\u00dflich aus Deutschland, es fallen keine Zoll- und Importgeb\u00fchren an. Ihr kauft keine Katze im Sack \ud83d\ude42<\/p>\n<p>Ma\u00dfe der Statuen:<br \/>\n1:4 &#8211; 32kg, H71*W48*D40CM<br \/>\n1:6 &#8211; 25kg, H47*W32*D27CM<\/p>\n<p>You are not prepared! \ud83d\ude42<\/p>","protected":false},"excerpt":{"rendered":"<p>Dragon Ball Z &#8211; Son Goku &#8218; Resin Statuen vom Last Sleep Studio. I do ship EU-wide, please contact me, should questions arise. Ein Moloch von einer Dragon Ball Z Son Goku Statue Wunderbar verarbeitete und sehr detaillierte Son Goku Statue aus Polystone &#8211; k\u00fcnstlichem Stein-Harz-Gemisch. Besonderheiten: * 3 austauschbare K\u00f6pfe Wie immer bei meinen [&hellip;]<\/p>\n","protected":false},"featured_media":919,"comment_status":"closed","ping_status":"closed","template":"","meta":[],"product_brand":[],"product_cat":[84,87,567],"product_tag":[147,190,191,97,154,136,137],"class_list":{"0":"post-916","1":"product","2":"type-product","3":"status-publish","4":"has-post-thumbnail","6":"product_cat-statuen-anime-comic-universum","7":"product_cat-dragon-ball","8":"product_cat-in_stock_warehouse_china","9":"product_tag-collectibles","10":"product_tag-dragon-ball-collectibles","11":"product_tag-dragon-ball-resin","12":"product_tag-dragon-ball-statue","13":"product_tag-resin-collectibles","14":"product_tag-resin-statuen","15":"product_tag-resin-statuen-kaufen","17":"first","18":"instock","19":"product-type-variable"},"_links":{"self":[{"href":"https:\/\/store.handsomecake.com\/en\/wp-json\/wp\/v2\/product\/916","targetHints":{"allow":["GET"]}}],"collection":[{"href":"https:\/\/store.handsomecake.com\/en\/wp-json\/wp\/v2\/product"}],"about":[{"href":"https:\/\/store.handsomecake.com\/en\/wp-json\/wp\/v2\/types\/product"}],"replies":[{"embeddable":true,"href":"https:\/\/store.handsomecake.com\/en\/wp-json\/wp\/v2\/comments?post=916"}],"wp:featuredmedia":[{"embeddable":true,"href":"https:\/\/store.handsomecake.com\/en\/wp-json\/wp\/v2\/media\/919"}],"wp:attachment":[{"href":"https:\/\/store.handsomecake.com\/en\/wp-json\/wp\/v2\/media?parent=916"}],"wp:term":[{"taxonomy":"product_brand","embeddable":true,"href":"https:\/\/store.handsomecake.com\/en\/wp-json\/wp\/v2\/product_brand?post=916"},{"taxonomy":"product_cat","embeddable":true,"href":"https:\/\/store.handsomecake.com\/en\/wp-json\/wp\/v2\/product_cat?post=916"},{"taxonomy":"product_tag","embeddable":true,"href":"https:\/\/store.handsomecake.com\/en\/wp-json\/wp\/v2\/product_tag?post=916"}],"curies":[{"name":"wp","href":"https:\/\/api.w.org\/{rel}","templated":true}]}}