{"id":9122,"date":"2021-11-18T18:45:46","date_gmt":"2021-11-18T18:45:46","guid":{"rendered":"https:\/\/store.handsomecake.com\/product\/dragon-ball-z-son-goku-bust-bueste-11-resin-statue-von-kd-collectibles\/"},"modified":"2024-06-12T15:00:27","modified_gmt":"2024-06-12T15:00:27","slug":"dragon-ball-z-son-goku-bust-bueste-11-resin-statue-von-kd-collectibles","status":"publish","type":"product","link":"https:\/\/store.handsomecake.com\/en\/product\/dragon-ball-z-son-goku-bust-bueste-11-resin-statue-von-kd-collectibles\/","title":{"rendered":"Dragon Ball Z &#8211; Son Goku Bust\/B\u00fcste | 1:1 Resin Statue | von KD Collectibles"},"content":{"rendered":"<p>Dragon Ball Z &#8211; Son Goku Bust\/B\u00fcste &#8218; 1:1 Resin Statue &#8218; von KD Collectibles<\/p>\n<p>I do ship EU-wide, please contact me, should questions arise.<br \/>\nEU shipping costs are more an estimate and will be recalculated (and you will receive a refund, if shippings costs turn out to be lower in the end).<br \/>\nExample &#8211; some statues are stated as 58cm width. Until they arrive we can&#8217;t guarantee if its the width WITH packaging or without. If it&#8217;s WITH, we fit under the 60cm rule and if the weight is under 31.5kg as well, shipping will be as low as 43.86\u20ac (current DHL price), if the statue is over 60cm with packaging, we will need to engage a hauling company&#8230;<\/p>\n<p>Tolle Statue von unserem geliebten Super Sayajin<\/p>\n<p>Wunderbar verarbeitete und sehr detaillierte Son Goku Statue aus Polystone &#8211; k\u00fcnstlichem Stein-Harz-Gemisch.<\/p>\n<p>Besonderheiten:<\/p>\n<ul>\n<li>LED im Sockel<\/li>\n<li>100 St\u00fcck weltweit<\/li>\n<\/ul>\n<p>Release-Status:<\/p>\n<ul>\n<li>Preorder. Statue wird voraussichtlich Ende 2022 released. Wir erwarten sie sch\u00e4tzungsweise Ende Februar 2023 bei uns im Warenlager.<\/li>\n<\/ul>\n<p>Wie immer bei meinen Aktionen &#8211; s\u00e4mtliche Geb\u00fchren sind, im Gegensatz zu anderen Angeboten, bereits inkludiert. Versand erfolgt ausschlie\u00dflich aus Deutschland, es fallen keine Zoll- und Importgeb\u00fchren an. Ihr kauft keine Katze im Sack \ud83d\ude42<\/p>\n<p>Preis-Hinweis:<br \/>\nSolltet ihr die Statue direkt \u00fcber unseren Online-Shop (einfach den Benutzernamen googeln) kaufen, so erhaltet ihr auf jeden Fall die Tiefstpreisgarantie &#8211; sollte beispielsweise der Versand, Zoll oder die Einfuhrumsatzsteuer am Ende, also wenn die Statue bei uns im Warenlager angekommen ist, geringer ausfallen, so leiten wir die Preisreduzierung 1:1 an euch weiter! Der Catfish Arthas war z.b. urspr\u00fcnglich f\u00fcr 1850\u20ac drin, Endpreis war 1569\u20ac.<\/p>\n<p>Ma\u00dfe der Statue:<br \/>\nGr\u00f6\u00dfe: ca. H86cm x N cm x M cm<br \/>\nGewicht: TBA, gesch\u00e4tzt: ca. 42kg<\/p>\n<p>You are not prepared! \ud83d\ude42<\/p>","protected":false},"excerpt":{"rendered":"<p>Dragon Ball Z &#8211; Son Goku Bust\/B\u00fcste &#8218; 1:1 Resin Statue &#8218; von KD Collectibles I do ship EU-wide, please contact me, should questions arise. EU shipping costs are more an estimate and will be recalculated (and you will receive a refund, if shippings costs turn out to be lower in the end). Example &#8211; [&hellip;]<\/p>\n","protected":false},"featured_media":30712,"comment_status":"closed","ping_status":"closed","template":"","meta":[],"product_brand":[],"product_cat":[87,568,84],"product_tag":[147,251,190,471,191,171,346,97,98,674,514,469,470,154,136,137,472,379,381,380,382,96,675,95],"class_list":{"0":"post-9122","1":"product","2":"type-product","3":"status-publish","4":"has-post-thumbnail","6":"product_cat-dragon-ball","7":"product_cat-preorder","8":"product_cat-statuen-anime-comic-universum","9":"product_tag-collectibles","10":"product_tag-collectibles-kaufen","11":"product_tag-dragon-ball-collectibles","12":"product_tag-dragon-ball-lifesize","13":"product_tag-dragon-ball-resin","14":"product_tag-dragon-ball-son-goku","15":"product_tag-dragon-ball-son-goku-collectible","16":"product_tag-dragon-ball-statue","17":"product_tag-dragon-ball-vegeta","18":"product_tag-dragon-ball-z-vegeta","19":"product_tag-lifesize","20":"product_tag-lifesize-collectibles","21":"product_tag-lifesize-statuen","22":"product_tag-resin-collectibles","23":"product_tag-resin-statuen","24":"product_tag-resin-statuen-kaufen","25":"product_tag-son-goku-statue","26":"product_tag-statue-collectible","27":"product_tag-statue-collectibles","28":"product_tag-statues-collectible","29":"product_tag-statues-collectibles","30":"product_tag-vegeta","31":"product_tag-vegeta-collectible","32":"product_tag-vegeta-statue","33":"pa_brand-kd-collectibles","34":"pa_scale-1_to_1","36":"first","37":"outofstock","38":"taxable","39":"shipping-taxable","40":"product-type-variable"},"_links":{"self":[{"href":"https:\/\/store.handsomecake.com\/en\/wp-json\/wp\/v2\/product\/9122","targetHints":{"allow":["GET"]}}],"collection":[{"href":"https:\/\/store.handsomecake.com\/en\/wp-json\/wp\/v2\/product"}],"about":[{"href":"https:\/\/store.handsomecake.com\/en\/wp-json\/wp\/v2\/types\/product"}],"replies":[{"embeddable":true,"href":"https:\/\/store.handsomecake.com\/en\/wp-json\/wp\/v2\/comments?post=9122"}],"wp:featuredmedia":[{"embeddable":true,"href":"https:\/\/store.handsomecake.com\/en\/wp-json\/wp\/v2\/media\/30712"}],"wp:attachment":[{"href":"https:\/\/store.handsomecake.com\/en\/wp-json\/wp\/v2\/media?parent=9122"}],"wp:term":[{"taxonomy":"product_brand","embeddable":true,"href":"https:\/\/store.handsomecake.com\/en\/wp-json\/wp\/v2\/product_brand?post=9122"},{"taxonomy":"product_cat","embeddable":true,"href":"https:\/\/store.handsomecake.com\/en\/wp-json\/wp\/v2\/product_cat?post=9122"},{"taxonomy":"product_tag","embeddable":true,"href":"https:\/\/store.handsomecake.com\/en\/wp-json\/wp\/v2\/product_tag?post=9122"}],"curies":[{"name":"wp","href":"https:\/\/api.w.org\/{rel}","templated":true}]}}