{"id":9035,"date":"2021-11-10T23:24:51","date_gmt":"2021-11-10T23:24:51","guid":{"rendered":"https:\/\/store.handsomecake.com\/product\/dragon-ball-z-broly-14-resin-statue-von-bros-lee-studio\/"},"modified":"2024-06-12T15:00:12","modified_gmt":"2024-06-12T15:00:12","slug":"dragon-ball-z-broly-14-resin-statue-von-bros-lee-studio","status":"publish","type":"product","link":"https:\/\/store.handsomecake.com\/en\/product\/dragon-ball-z-broly-14-resin-statue-von-bros-lee-studio\/","title":{"rendered":"Dragon Ball Z &#8211; Broly | 1:4 Resin Statue | von Bros Lee Studio"},"content":{"rendered":"<p>Dragon Ball Z &#8211; Broly &#8218; 1:4 Resin Statue &#8218; von Bros Lee Studio<br \/>\nEU Taxfree! I do ship EU-wide, please contact me, should questions arise.<\/p>\n<p>Tolle Statue des b\u00f6sartigen Super Saiyajin<br \/>\nWunderbar verarbeitete und sehr detaillierte Statue von Broly aus Polystone &#8211; k\u00fcnstlichem Stein-Harz-Gemisch.<\/p>\n<p>Besonderheiten:<\/p>\n<ul>\n<li>hierbei handelt es sich ausschlie\u00dflich um die EX Version + Vorbesteller Extras (Extra Kopf und Arme), insgesamt also:<\/li>\n<li>3 austauschbare Kopfvarianten<\/li>\n<li>2 austauschbare Armvarianten<\/li>\n<li>weltweit nur 99 St\u00fcck<\/li>\n<\/ul>\n<p>Release-Status:<\/p>\n<ul>\n<li>In Stock<\/li>\n<\/ul>\n<p>Wie immer bei meinen Artikeln &#8211; s\u00e4mtliche Geb\u00fchren sind, im Gegensatz zu anderen Angeboten, bereits inkludiert. Versand erfolgt ausschlie\u00dflich aus Deutschland, es fallen keine Zoll- und Importgeb\u00fchren an. Ihr kauft keine Katze im Sack \ud83d\ude42<\/p>\n<p>Ma\u00dfe der Statue:<br \/>\nGr\u00f6\u00dfe: ca. 66cm x 50cm x 38cm<br \/>\nGewicht: TBA, gesch\u00e4tzt 16kg<\/p>\n<p>You are not prepared! \ud83d\ude42<\/p>","protected":false},"excerpt":{"rendered":"<p>Dragon Ball Z &#8211; Broly &#8218; 1:4 Resin Statue &#8218; von Bros Lee Studio EU Taxfree! I do ship EU-wide, please contact me, should questions arise. Tolle Statue des b\u00f6sartigen Super Saiyajin Wunderbar verarbeitete und sehr detaillierte Statue von Broly aus Polystone &#8211; k\u00fcnstlichem Stein-Harz-Gemisch. Besonderheiten: hierbei handelt es sich ausschlie\u00dflich um die EX Version [&hellip;]<\/p>\n","protected":false},"featured_media":30639,"comment_status":"closed","ping_status":"closed","template":"","meta":[],"product_brand":[],"product_cat":[87,826,84],"product_tag":[612,664,666,794,662,640,658,688,685,687,686,147,251,682,683,190,191,97,795,154,136,137,379,381,665,380,382,718],"class_list":{"0":"post-9035","1":"product","2":"type-product","3":"status-publish","4":"has-post-thumbnail","6":"product_cat-dragon-ball","7":"product_cat-lagernd-vor-ort","8":"product_cat-statuen-anime-comic-universum","9":"product_tag-anime","10":"product_tag-anime-figuren-one-piece","11":"product_tag-anime-figuren-shop","12":"product_tag-anime-statue","13":"product_tag-anime-statue-shop","14":"product_tag-anime-statuen","15":"product_tag-anime-toys","16":"product_tag-broly","17":"product_tag-broly-collectible","18":"product_tag-broly-figure","19":"product_tag-broly-statue","20":"product_tag-collectibles","21":"product_tag-collectibles-kaufen","22":"product_tag-dragon-ball-broly","23":"product_tag-dragon-ball-broly-collectible","24":"product_tag-dragon-ball-collectibles","25":"product_tag-dragon-ball-resin","26":"product_tag-dragon-ball-statue","27":"product_tag-handsomecake","28":"product_tag-resin-collectibles","29":"product_tag-resin-statuen","30":"product_tag-resin-statuen-kaufen","31":"product_tag-statue-collectible","32":"product_tag-statue-collectibles","33":"product_tag-statuen-shop","34":"product_tag-statues-collectible","35":"product_tag-statues-collectibles","36":"product_tag-toys","38":"first","39":"instock","40":"taxable","41":"shipping-taxable","42":"product-type-simple"},"_links":{"self":[{"href":"https:\/\/store.handsomecake.com\/en\/wp-json\/wp\/v2\/product\/9035","targetHints":{"allow":["GET"]}}],"collection":[{"href":"https:\/\/store.handsomecake.com\/en\/wp-json\/wp\/v2\/product"}],"about":[{"href":"https:\/\/store.handsomecake.com\/en\/wp-json\/wp\/v2\/types\/product"}],"replies":[{"embeddable":true,"href":"https:\/\/store.handsomecake.com\/en\/wp-json\/wp\/v2\/comments?post=9035"}],"wp:featuredmedia":[{"embeddable":true,"href":"https:\/\/store.handsomecake.com\/en\/wp-json\/wp\/v2\/media\/30639"}],"wp:attachment":[{"href":"https:\/\/store.handsomecake.com\/en\/wp-json\/wp\/v2\/media?parent=9035"}],"wp:term":[{"taxonomy":"product_brand","embeddable":true,"href":"https:\/\/store.handsomecake.com\/en\/wp-json\/wp\/v2\/product_brand?post=9035"},{"taxonomy":"product_cat","embeddable":true,"href":"https:\/\/store.handsomecake.com\/en\/wp-json\/wp\/v2\/product_cat?post=9035"},{"taxonomy":"product_tag","embeddable":true,"href":"https:\/\/store.handsomecake.com\/en\/wp-json\/wp\/v2\/product_tag?post=9035"}],"curies":[{"name":"wp","href":"https:\/\/api.w.org\/{rel}","templated":true}]}}