{"id":901,"date":"2020-10-08T21:53:41","date_gmt":"2020-10-08T21:53:41","guid":{"rendered":"https:\/\/store.handsomecake.com\/product\/one-piece-luffy-vs-kaido-dragon-fighting-scene-14-resin-statue-von-jacksdo\/"},"modified":"2024-06-12T14:30:39","modified_gmt":"2024-06-12T14:30:39","slug":"one-piece-luffy-vs-kaido-dragon-fighting-scene-14-resin-statue-von-jacksdo","status":"publish","type":"product","link":"https:\/\/store.handsomecake.com\/en\/product\/one-piece-luffy-vs-kaido-dragon-fighting-scene-14-resin-statue-von-jacksdo\/","title":{"rendered":"One Piece | Luffy vs Kaido Dragon Fighting Scene | 1:4 Resin Statue |von JacksDo"},"content":{"rendered":"<p>One Piece &#8218; Luffy vs Kaido Dragon Fighting Scene &#8218; 1:4 Resin Statue &#8218; vom JacksDo Studio<\/p>\n<p>I do ship EU-wide, please contact me, should questions arise.<\/p>\n<p>Ein Moloch von einer One Piece Luffy vs. Kaido Dragon Statue<\/p>\n<p>Wunderbar verarbeitete und sehr detaillierte Luffy vs. Kaido Dragon Statue aus Polystone &#8211; k\u00fcnstlichem Stein-Harz-Gemisch.<\/p>\n<p>Besonderheiten:<\/p>\n<p>* die normale Version und VIP Gear4 Luffy sind zwei verschiedene Statuen, es ist also nicht eine Statue mit zwei austauschbaren Luffys<\/p>\n<p>Wie immer bei meinen Aktionen &#8211; s\u00e4mtliche Geb\u00fchren sind, im Gegensatz zu anderen Angeboten, bereits inkludiert. Versand erfolgt ausschlie\u00dflich aus Deutschland, es fallen keine Zoll- und Importgeb\u00fchren an. Ihr kauft keine Katze im Sack \ud83d\ude42<\/p>\n<p>Ma\u00dfe der Statuen:<br \/>\n35kg, L60 x W41 x H65cm<\/p>\n<p>You are not prepared! \ud83d\ude42<\/p>","protected":false},"excerpt":{"rendered":"<p>One Piece &#8218; Luffy vs Kaido Dragon Fighting Scene &#8218; 1:4 Resin Statue &#8218; vom JacksDo Studio I do ship EU-wide, please contact me, should questions arise. Ein Moloch von einer One Piece Luffy vs. Kaido Dragon Statue Wunderbar verarbeitete und sehr detaillierte Luffy vs. Kaido Dragon Statue aus Polystone &#8211; k\u00fcnstlichem Stein-Harz-Gemisch. Besonderheiten: * [&hellip;]<\/p>\n","protected":false},"featured_media":904,"comment_status":"closed","ping_status":"closed","template":"","meta":[],"product_brand":[],"product_cat":[89,84],"product_tag":[147,164,166,167,154,136,137],"class_list":{"0":"post-901","1":"product","2":"type-product","3":"status-publish","4":"has-post-thumbnail","6":"product_cat-one-piece","7":"product_cat-statuen-anime-comic-universum","8":"product_tag-collectibles","9":"product_tag-one-piece-collectibles","10":"product_tag-one-piece-statuen","11":"product_tag-one-piece-statuen-kaufen","12":"product_tag-resin-collectibles","13":"product_tag-resin-statuen","14":"product_tag-resin-statuen-kaufen","16":"first","17":"instock","18":"product-type-variable"},"_links":{"self":[{"href":"https:\/\/store.handsomecake.com\/en\/wp-json\/wp\/v2\/product\/901","targetHints":{"allow":["GET"]}}],"collection":[{"href":"https:\/\/store.handsomecake.com\/en\/wp-json\/wp\/v2\/product"}],"about":[{"href":"https:\/\/store.handsomecake.com\/en\/wp-json\/wp\/v2\/types\/product"}],"replies":[{"embeddable":true,"href":"https:\/\/store.handsomecake.com\/en\/wp-json\/wp\/v2\/comments?post=901"}],"wp:featuredmedia":[{"embeddable":true,"href":"https:\/\/store.handsomecake.com\/en\/wp-json\/wp\/v2\/media\/904"}],"wp:attachment":[{"href":"https:\/\/store.handsomecake.com\/en\/wp-json\/wp\/v2\/media?parent=901"}],"wp:term":[{"taxonomy":"product_brand","embeddable":true,"href":"https:\/\/store.handsomecake.com\/en\/wp-json\/wp\/v2\/product_brand?post=901"},{"taxonomy":"product_cat","embeddable":true,"href":"https:\/\/store.handsomecake.com\/en\/wp-json\/wp\/v2\/product_cat?post=901"},{"taxonomy":"product_tag","embeddable":true,"href":"https:\/\/store.handsomecake.com\/en\/wp-json\/wp\/v2\/product_tag?post=901"}],"curies":[{"name":"wp","href":"https:\/\/api.w.org\/{rel}","templated":true}]}}