{"id":8982,"date":"2021-11-07T22:53:33","date_gmt":"2021-11-07T22:53:33","guid":{"rendered":"https:\/\/store.handsomecake.com\/product\/dragon-ball-son-goku-ultra-instinct-14-resin-statue-von-temple-studio\/"},"modified":"2024-08-12T16:02:37","modified_gmt":"2024-08-12T16:02:37","slug":"dragon-ball-son-goku-ultra-instinct-14-resin-statue-von-temple-studio","status":"publish","type":"product","link":"https:\/\/store.handsomecake.com\/en\/product\/dragon-ball-son-goku-ultra-instinct-14-resin-statue-von-temple-studio\/","title":{"rendered":"Dragon Ball &#8211; Son Goku Ultra Instinct | 1:4 Resin Statue | von Temple Studio"},"content":{"rendered":"<p>Dragon Ball &#8211; Son Goku Ultra Instinct &#8218; 1:4 Resin Statue &#8218; von Temple Studio<\/p>\n<p>I do ship EU-wide, please contact me, should questions arise.<br \/>\nTolle Statue von unserem geliebten Super Sayajin<\/p>\n<p>Wunderbar verarbeitete und sehr detaillierte Goku Statue aus Polystone &#8211; k\u00fcnstlichem Stein-Harz-Gemisch.<\/p>\n<p>Besonderheiten:<\/p>\n<ul>\n<li>2 austauschbare K\u00f6pfe<\/li>\n<li>nur 100 St\u00fcck weltweit<\/li>\n<\/ul>\n<p>Release-Status:<\/p>\n<ul>\n<li>Vorbestellung, Release erwartet Ende Q2 2022, Collectible bei uns im Lager sch\u00e4tzungsweise Ende August 2022<\/li>\n<\/ul>\n<p>Wie immer bei meinen Artikeln &#8211; s\u00e4mtliche Geb\u00fchren sind, im Gegensatz zu anderen Angeboten, bereits inkludiert. Versand erfolgt ausschlie\u00dflich aus Deutschland, es fallen keine Zoll- und Importgeb\u00fchren an. Ihr kauft keine Katze im Sack \ud83d\ude42<\/p>\n<p>Ma\u00dfe der Statue:<br \/>\nGr\u00f6\u00dfe: ca. H52cm x W40cm x D41cm<br \/>\nGewicht: TBA, gesch\u00e4tzt 13kg<\/p>\n<p>You are not prepared! \ud83d\ude42<\/p>","protected":false},"excerpt":{"rendered":"<p>Dragon Ball &#8211; Son Goku Ultra Instinct &#8218; 1:4 Resin Statue &#8218; von Temple Studio I do ship EU-wide, please contact me, should questions arise. Tolle Statue von unserem geliebten Super Sayajin Wunderbar verarbeitete und sehr detaillierte Goku Statue aus Polystone &#8211; k\u00fcnstlichem Stein-Harz-Gemisch. Besonderheiten: 2 austauschbare K\u00f6pfe nur 100 St\u00fcck weltweit Release-Status: Vorbestellung, Release [&hellip;]<\/p>\n","protected":false},"featured_media":8983,"comment_status":"closed","ping_status":"closed","template":"","meta":[],"product_brand":[],"product_cat":[87,84,567],"product_tag":[147,251,190,471,191,171,346,97,98,674,469,470,154,136,137,472,379,381,380,382,96,675,95],"class_list":{"0":"post-8982","1":"product","2":"type-product","3":"status-publish","4":"has-post-thumbnail","6":"product_cat-dragon-ball","7":"product_cat-statuen-anime-comic-universum","8":"product_cat-in_stock_warehouse_china","9":"product_tag-collectibles","10":"product_tag-collectibles-kaufen","11":"product_tag-dragon-ball-collectibles","12":"product_tag-dragon-ball-lifesize","13":"product_tag-dragon-ball-resin","14":"product_tag-dragon-ball-son-goku","15":"product_tag-dragon-ball-son-goku-collectible","16":"product_tag-dragon-ball-statue","17":"product_tag-dragon-ball-vegeta","18":"product_tag-dragon-ball-z-vegeta","19":"product_tag-lifesize-collectibles","20":"product_tag-lifesize-statuen","21":"product_tag-resin-collectibles","22":"product_tag-resin-statuen","23":"product_tag-resin-statuen-kaufen","24":"product_tag-son-goku-statue","25":"product_tag-statue-collectible","26":"product_tag-statue-collectibles","27":"product_tag-statues-collectible","28":"product_tag-statues-collectibles","29":"product_tag-vegeta","30":"product_tag-vegeta-collectible","31":"product_tag-vegeta-statue","32":"pa_brand-temple-studio","33":"pa_scale-1_to_4","35":"first","36":"instock","37":"taxable","38":"shipping-taxable","39":"product-type-simple"},"_links":{"self":[{"href":"https:\/\/store.handsomecake.com\/en\/wp-json\/wp\/v2\/product\/8982","targetHints":{"allow":["GET"]}}],"collection":[{"href":"https:\/\/store.handsomecake.com\/en\/wp-json\/wp\/v2\/product"}],"about":[{"href":"https:\/\/store.handsomecake.com\/en\/wp-json\/wp\/v2\/types\/product"}],"replies":[{"embeddable":true,"href":"https:\/\/store.handsomecake.com\/en\/wp-json\/wp\/v2\/comments?post=8982"}],"wp:featuredmedia":[{"embeddable":true,"href":"https:\/\/store.handsomecake.com\/en\/wp-json\/wp\/v2\/media\/8983"}],"wp:attachment":[{"href":"https:\/\/store.handsomecake.com\/en\/wp-json\/wp\/v2\/media?parent=8982"}],"wp:term":[{"taxonomy":"product_brand","embeddable":true,"href":"https:\/\/store.handsomecake.com\/en\/wp-json\/wp\/v2\/product_brand?post=8982"},{"taxonomy":"product_cat","embeddable":true,"href":"https:\/\/store.handsomecake.com\/en\/wp-json\/wp\/v2\/product_cat?post=8982"},{"taxonomy":"product_tag","embeddable":true,"href":"https:\/\/store.handsomecake.com\/en\/wp-json\/wp\/v2\/product_tag?post=8982"}],"curies":[{"name":"wp","href":"https:\/\/api.w.org\/{rel}","templated":true}]}}