{"id":8975,"date":"2021-11-07T22:53:21","date_gmt":"2021-11-07T22:53:21","guid":{"rendered":"https:\/\/store.handsomecake.com\/product\/one-piece-nami-16-resin-statue-von-mr-j-studio\/"},"modified":"2024-06-12T14:59:58","modified_gmt":"2024-06-12T14:59:58","slug":"one-piece-nami-16-resin-statue-von-mr-j-studio","status":"publish","type":"product","link":"https:\/\/store.handsomecake.com\/en\/product\/one-piece-nami-16-resin-statue-von-mr-j-studio\/","title":{"rendered":"One Piece &#8211; Nami | 1:6 Resin Statue | von MR J Studio"},"content":{"rendered":"<p>One Piece &#8211; Nami &#8218; 1:6 Resin Statue &#8218; von MR J Studio<\/p>\n<p>EU Taxfree! I do ship EU-wide, please contact me, should questions arise.<br \/>\nTolle Statue unserer geliebten Navigatorin<\/p>\n<p>Wunderbar verarbeitete und sehr detaillierte Statue von Nami aus Polystone &#8211; k\u00fcnstlichem Stein-Harz-Gemisch.<\/p>\n<p>Besonderheiten:<\/p>\n<ul>\n<li>es gibt zwei Varianten &#8211; mit lila und blauem Thron. Bitte bei der Bestellung angeben, welche ihr haben wollt<\/li>\n<li>weltweit 288 St\u00fcck<\/li>\n<\/ul>\n<p>Release-Status:<\/p>\n<ul>\n<li>Pre order. Release ca. Q3 2022 erwartet, bei uns im Lager voraussichtlich Ende November 2022.<\/li>\n<\/ul>\n<p>Wie immer bei meinen Artikeln &#8211; s\u00e4mtliche Geb\u00fchren sind, im Gegensatz zu anderen Angeboten, bereits inkludiert. Versand erfolgt ausschlie\u00dflich aus Deutschland, es fallen keine Zoll- und Importgeb\u00fchren an. Ihr kauft keine Katze im Sack \ud83d\ude42<\/p>\n<p>Ma\u00dfe der Statue:<br \/>\nGr\u00f6\u00dfe: ca. 38cm x 24cm x 21cm<br \/>\nGewicht: ca. 4kg (gesch\u00e4tzt)<\/p>\n<p>You are not prepared! \ud83d\ude42<\/p>","protected":false},"excerpt":{"rendered":"<p>One Piece &#8211; Nami &#8218; 1:6 Resin Statue &#8218; von MR J Studio EU Taxfree! I do ship EU-wide, please contact me, should questions arise. Tolle Statue unserer geliebten Navigatorin Wunderbar verarbeitete und sehr detaillierte Statue von Nami aus Polystone &#8211; k\u00fcnstlichem Stein-Harz-Gemisch. Besonderheiten: es gibt zwei Varianten &#8211; mit lila und blauem Thron. Bitte [&hellip;]<\/p>\n","protected":false},"featured_media":8976,"comment_status":"closed","ping_status":"closed","template":"","meta":[],"product_brand":[],"product_cat":[89,568,84],"product_tag":[612,664,666,717,794,662,640,658,479,147,251,795,938,939,940,164,937,502,165,154,136,137,379,381,552,665,380,382,547,718],"class_list":{"0":"post-8975","1":"product","2":"type-product","3":"status-publish","4":"has-post-thumbnail","6":"product_cat-one-piece","7":"product_cat-preorder","8":"product_cat-statuen-anime-comic-universum","9":"product_tag-anime","10":"product_tag-anime-figuren-one-piece","11":"product_tag-anime-figuren-shop","12":"product_tag-anime-shop","13":"product_tag-anime-statue","14":"product_tag-anime-statue-shop","15":"product_tag-anime-statuen","16":"product_tag-anime-toys","17":"product_tag-collectible","18":"product_tag-collectibles","19":"product_tag-collectibles-kaufen","20":"product_tag-handsomecake","21":"product_tag-nami-collectible","22":"product_tag-nami-statue","23":"product_tag-nami-toys","24":"product_tag-one-piece-collectibles","25":"product_tag-one-piece-nami","26":"product_tag-one-piece-resin","27":"product_tag-one-piece-statue","28":"product_tag-resin-collectibles","29":"product_tag-resin-statuen","30":"product_tag-resin-statuen-kaufen","31":"product_tag-statue-collectible","32":"product_tag-statue-collectibles","33":"product_tag-statue-collector","34":"product_tag-statuen-shop","35":"product_tag-statues-collectible","36":"product_tag-statues-collectibles","37":"product_tag-statues-collector","38":"product_tag-toys","39":"pa_brand-mr-j-studio","40":"pa_scale-1_to_6","42":"first","43":"outofstock","44":"taxable","45":"shipping-taxable","46":"product-type-simple"},"_links":{"self":[{"href":"https:\/\/store.handsomecake.com\/en\/wp-json\/wp\/v2\/product\/8975","targetHints":{"allow":["GET"]}}],"collection":[{"href":"https:\/\/store.handsomecake.com\/en\/wp-json\/wp\/v2\/product"}],"about":[{"href":"https:\/\/store.handsomecake.com\/en\/wp-json\/wp\/v2\/types\/product"}],"replies":[{"embeddable":true,"href":"https:\/\/store.handsomecake.com\/en\/wp-json\/wp\/v2\/comments?post=8975"}],"wp:featuredmedia":[{"embeddable":true,"href":"https:\/\/store.handsomecake.com\/en\/wp-json\/wp\/v2\/media\/8976"}],"wp:attachment":[{"href":"https:\/\/store.handsomecake.com\/en\/wp-json\/wp\/v2\/media?parent=8975"}],"wp:term":[{"taxonomy":"product_brand","embeddable":true,"href":"https:\/\/store.handsomecake.com\/en\/wp-json\/wp\/v2\/product_brand?post=8975"},{"taxonomy":"product_cat","embeddable":true,"href":"https:\/\/store.handsomecake.com\/en\/wp-json\/wp\/v2\/product_cat?post=8975"},{"taxonomy":"product_tag","embeddable":true,"href":"https:\/\/store.handsomecake.com\/en\/wp-json\/wp\/v2\/product_tag?post=8975"}],"curies":[{"name":"wp","href":"https:\/\/api.w.org\/{rel}","templated":true}]}}