{"id":8810,"date":"2021-10-25T16:25:07","date_gmt":"2021-10-25T16:25:07","guid":{"rendered":"https:\/\/store.handsomecake.com\/product\/one-piece-boa-hancock-lifesize-11-resin-statue-von-singularity-workshop\/"},"modified":"2025-04-09T00:25:51","modified_gmt":"2025-04-09T00:25:51","slug":"one-piece-boa-hancock-lifesize-11-resin-statue-von-singularity-workshop","status":"publish","type":"product","link":"https:\/\/store.handsomecake.com\/en\/product\/one-piece-boa-hancock-lifesize-11-resin-statue-von-singularity-workshop\/","title":{"rendered":"One Piece &#8211; Boa Hancock Lifesize | 1:1 Resin Statue | von Singularity Workshop"},"content":{"rendered":"<p>One Piece &#8211; Boa Hancock Lifesize &#8218; 1:1 Resin Statue &#8218; von Singularity Workshop<br \/>\nEU Taxfree! I do ship EU-wide, please contact me, should questions arise.<\/p>\n<p>Ca. 1.6m gro\u00dfe Statue (Lifesize) des Kapit\u00e4ns der Kuja Piraten<br \/>\nWunderbar verarbeitete und sehr detaillierte lifesize Statue von Boa aus Polystone &#8211; k\u00fcnstlichem Stein-Harz-Gemisch.<\/p>\n<p>Besonderheiten:<\/p>\n<ul>\n<li>es gibt zwei Varianten &#8211; im roten und im schwarzen Kleid<\/li>\n<li>weltweit nur 119 St\u00fcck (rotes Kleid) und 29 St\u00fcck (schwarzes Kleid)<\/li>\n<li>bitte bei der Bestellung angeben, welche Variante ihr haben wollt<\/li>\n<\/ul>\n<p>Release-Status:<\/p>\n<ul>\n<li>Released. Ab Bestellzeitpunkt in ca. 3-4 Monaten bei euch.<\/li>\n<\/ul>\n<p>Wie immer bei meinen Artikeln &#8211; s\u00e4mtliche Geb\u00fchren sind, im Gegensatz zu anderen Angeboten, bereits inkludiert. Versand erfolgt ausschlie\u00dflich aus Deutschland, es fallen keine Zoll- und Importgeb\u00fchren an. Ihr kauft keine Katze im Sack \ud83d\ude42<\/p>\n<p>Ma\u00dfe der Statue:<br \/>\nGr\u00f6\u00dfe: ca. 160cm x 110cm x 100cm (gesch\u00e4tzt)<br \/>\nGewicht: \u00fcber 100kg (gesch\u00e4tzt)<\/p>\n<p>You are not prepared! \ud83d\ude42<\/p>","protected":false},"excerpt":{"rendered":"<p>One Piece &#8211; Boa Hancock Lifesize &#8218; 1:1 Resin Statue &#8218; von Singularity Workshop EU Taxfree! I do ship EU-wide, please contact me, should questions arise. Ca. 1.6m gro\u00dfe Statue (Lifesize) des Kapit\u00e4ns der Kuja Piraten Wunderbar verarbeitete und sehr detaillierte lifesize Statue von Boa aus Polystone &#8211; k\u00fcnstlichem Stein-Harz-Gemisch. Besonderheiten: es gibt zwei Varianten [&hellip;]<\/p>\n","protected":false},"featured_media":8823,"comment_status":"closed","ping_status":"closed","template":"","meta":[],"product_brand":[],"product_cat":[89,84,567],"product_tag":[612,664,666,717,794,662,640,658,923,924,925,926,479,147,251,795,514,469,470,927,164,501,502,165,154,255,136,137,379,381,552,665,380,382,547,718],"class_list":{"0":"post-8810","1":"product","2":"type-product","3":"status-publish","4":"has-post-thumbnail","6":"product_cat-one-piece","7":"product_cat-statuen-anime-comic-universum","8":"product_cat-in_stock_warehouse_china","9":"product_tag-anime","10":"product_tag-anime-figuren-one-piece","11":"product_tag-anime-figuren-shop","12":"product_tag-anime-shop","13":"product_tag-anime-statue","14":"product_tag-anime-statue-shop","15":"product_tag-anime-statuen","16":"product_tag-anime-toys","17":"product_tag-boa-hancock","18":"product_tag-boa-hancock-collectible","19":"product_tag-boa-hancock-statue","20":"product_tag-boa-hancock-toys","21":"product_tag-collectible","22":"product_tag-collectibles","23":"product_tag-collectibles-kaufen","24":"product_tag-handsomecake","25":"product_tag-lifesize","26":"product_tag-lifesize-collectibles","27":"product_tag-lifesize-statuen","28":"product_tag-one-piece-boa-hancock","29":"product_tag-one-piece-collectibles","30":"product_tag-one-piece-lifesize","31":"product_tag-one-piece-resin","32":"product_tag-one-piece-statue","33":"product_tag-resin-collectibles","34":"product_tag-resin-collectibles-kaufen","35":"product_tag-resin-statuen","36":"product_tag-resin-statuen-kaufen","37":"product_tag-statue-collectible","38":"product_tag-statue-collectibles","39":"product_tag-statue-collector","40":"product_tag-statuen-shop","41":"product_tag-statues-collectible","42":"product_tag-statues-collectibles","43":"product_tag-statues-collector","44":"product_tag-toys","45":"pa_brand-singularity-workshop-studio","46":"pa_scale-1_to_1","48":"first","49":"instock","50":"taxable","51":"shipping-taxable","52":"product-type-variable"},"_links":{"self":[{"href":"https:\/\/store.handsomecake.com\/en\/wp-json\/wp\/v2\/product\/8810","targetHints":{"allow":["GET"]}}],"collection":[{"href":"https:\/\/store.handsomecake.com\/en\/wp-json\/wp\/v2\/product"}],"about":[{"href":"https:\/\/store.handsomecake.com\/en\/wp-json\/wp\/v2\/types\/product"}],"replies":[{"embeddable":true,"href":"https:\/\/store.handsomecake.com\/en\/wp-json\/wp\/v2\/comments?post=8810"}],"wp:featuredmedia":[{"embeddable":true,"href":"https:\/\/store.handsomecake.com\/en\/wp-json\/wp\/v2\/media\/8823"}],"wp:attachment":[{"href":"https:\/\/store.handsomecake.com\/en\/wp-json\/wp\/v2\/media?parent=8810"}],"wp:term":[{"taxonomy":"product_brand","embeddable":true,"href":"https:\/\/store.handsomecake.com\/en\/wp-json\/wp\/v2\/product_brand?post=8810"},{"taxonomy":"product_cat","embeddable":true,"href":"https:\/\/store.handsomecake.com\/en\/wp-json\/wp\/v2\/product_cat?post=8810"},{"taxonomy":"product_tag","embeddable":true,"href":"https:\/\/store.handsomecake.com\/en\/wp-json\/wp\/v2\/product_tag?post=8810"}],"curies":[{"name":"wp","href":"https:\/\/api.w.org\/{rel}","templated":true}]}}