{"id":8746,"date":"2021-10-24T00:36:01","date_gmt":"2021-10-24T00:36:01","guid":{"rendered":"https:\/\/store.handsomecake.com\/product\/final-fantasy-tifa-lockhart-14-resin-statue-von-sky-top-studio\/"},"modified":"2024-06-12T14:58:50","modified_gmt":"2024-06-12T14:58:50","slug":"final-fantasy-tifa-lockhart-14-resin-statue-von-sky-top-studio","status":"publish","type":"product","link":"https:\/\/store.handsomecake.com\/en\/product\/final-fantasy-tifa-lockhart-14-resin-statue-von-sky-top-studio\/","title":{"rendered":"Final Fantasy &#8211; Tifa Lockhart | 1:4 Resin Statue | von Sky Top Studio"},"content":{"rendered":"<p>Final Fantasy &#8211; Tifa Lockhart &#8218; 1:4 Resin Statue &#8218; von Sky Top Studio<\/p>\n<p>EU Taxfree! I do ship EU-wide, please contact me, should questions arise.<br \/>\nEU shipping costs are more an estimate and will be recalculated (and you will receive a refund, if shippings costs turn out to be lower in the end).<br \/>\nExample &#8211; some statues are stated as 58cm width. Until they arrive we can&#8217;t guarantee if its the width WITH packaging or without. If it&#8217;s WITH, we fit under the 60cm rule and if the weight is under 31.5kg as well, shipping will be as low as 43.86\u20ac (current DHL price), if the statue is over 60cm with packaging, we will need to engage a hauling company&#8230;<\/p>\n<p>Tolle Statue der Kindheitsfreundin von Cloud aus seiner Nibelheim Zeit.<\/p>\n<p>Wunderbar verarbeitete und sehr detaillierte Tifa Statue aus Polystone &#8211; k\u00fcnstlichem Stein-Harz-Gemisch.<\/p>\n<p>Besonderheiten:<\/p>\n<ul>\n<li>Oberk\u00f6rper kann nackt sein<\/li>\n<li>2 Sockelvarianten dabei<\/li>\n<li>weltweit auf 188 St\u00fcck begrenzt<\/li>\n<\/ul>\n<p>Release-Status:<\/p>\n<ul>\n<li>Preorder. Statue wird voraussichtlich Q1 2022 released. Wir erwarten sie bei uns im Lager gegen Ende Mai 2021.<\/li>\n<\/ul>\n<p>Wie immer bei meinen Aktionen &#8211; s\u00e4mtliche Geb\u00fchren sind, im Gegensatz zu anderen Angeboten, bereits inkludiert. Versand erfolgt ausschlie\u00dflich aus Deutschland, es fallen keine Zoll- und Importgeb\u00fchren an. Ihr kauft keine Katze im Sack \ud83d\ude42<\/p>\n<p>Preis-Hinweis:<br \/>\nSolltet ihr die Statue direkt \u00fcber unseren Online-Shop (einfach den Benutzernamen googeln) kaufen, so erhaltet ihr auf jeden Fall die Tiefstpreisgarantie &#8211; sollte beispielsweise der Versand, Zoll oder die Einfuhrumsatzsteuer am Ende, also wenn die Statue bei uns im Warenlager angekommen ist, geringer ausfallen, so leiten wir die Preisreduzierung 1:1 an euch weiter! Der Catfish Arthas war z.b. urspr\u00fcnglich f\u00fcr 1850\u20ac drin, Endpreis war 1569\u20ac.<\/p>\n<p>Ma\u00dfe der Statue:<br \/>\nGr\u00f6\u00dfe: H47cm x W39cm x D35cm<br \/>\nGewicht: TBA, gesch\u00e4tzt: ca. 12 kg<\/p>\n<p>You are not prepared! \ud83d\ude42<\/p>","protected":false},"excerpt":{"rendered":"<p>Final Fantasy &#8211; Tifa Lockhart &#8218; 1:4 Resin Statue &#8218; von Sky Top Studio EU Taxfree! I do ship EU-wide, please contact me, should questions arise. EU shipping costs are more an estimate and will be recalculated (and you will receive a refund, if shippings costs turn out to be lower in the end). Example [&hellip;]<\/p>\n","protected":false},"featured_media":8747,"comment_status":"closed","ping_status":"closed","template":"","meta":[],"product_brand":[],"product_cat":[197,568,81],"product_tag":[612,666,717,794,662,640,658,147,251,198,201,199,822,200,1109,1110,795,154,255,136,137,379,381,552,665,380,382,547,1111,257,258,1112,1113,718],"class_list":{"0":"post-8746","1":"product","2":"type-product","3":"status-publish","4":"has-post-thumbnail","6":"product_cat-final-fantasy","7":"product_cat-preorder","8":"product_cat-statuen-computerspieluniversum","9":"product_tag-anime","10":"product_tag-anime-figuren-shop","11":"product_tag-anime-shop","12":"product_tag-anime-statue","13":"product_tag-anime-statue-shop","14":"product_tag-anime-statuen","15":"product_tag-anime-toys","16":"product_tag-collectibles","17":"product_tag-collectibles-kaufen","18":"product_tag-final-fantasy","19":"product_tag-final-fantasy-7-remake","20":"product_tag-final-fantasy-collectibles","21":"product_tag-final-fantasy-resin","22":"product_tag-final-fantasy-statuen","23":"product_tag-final-fantasy-tifa","24":"product_tag-final-fantasy-tifa-toy","25":"product_tag-handsomecake","26":"product_tag-resin-collectibles","27":"product_tag-resin-collectibles-kaufen","28":"product_tag-resin-statuen","29":"product_tag-resin-statuen-kaufen","30":"product_tag-statue-collectible","31":"product_tag-statue-collectibles","32":"product_tag-statue-collector","33":"product_tag-statuen-shop","34":"product_tag-statues-collectible","35":"product_tag-statues-collectibles","36":"product_tag-statues-collector","37":"product_tag-tifa-collectible","38":"product_tag-tifa-lockhart","39":"product_tag-tifa-lockhart-collectible","40":"product_tag-tifa-statue","41":"product_tag-tifa-toys","42":"product_tag-toys","43":"pa_brand-sky-top-studio","44":"pa_scale-1_to_4","46":"first","47":"onbackorder","48":"taxable","49":"shipping-taxable","50":"product-type-variable"},"_links":{"self":[{"href":"https:\/\/store.handsomecake.com\/en\/wp-json\/wp\/v2\/product\/8746","targetHints":{"allow":["GET"]}}],"collection":[{"href":"https:\/\/store.handsomecake.com\/en\/wp-json\/wp\/v2\/product"}],"about":[{"href":"https:\/\/store.handsomecake.com\/en\/wp-json\/wp\/v2\/types\/product"}],"replies":[{"embeddable":true,"href":"https:\/\/store.handsomecake.com\/en\/wp-json\/wp\/v2\/comments?post=8746"}],"wp:featuredmedia":[{"embeddable":true,"href":"https:\/\/store.handsomecake.com\/en\/wp-json\/wp\/v2\/media\/8747"}],"wp:attachment":[{"href":"https:\/\/store.handsomecake.com\/en\/wp-json\/wp\/v2\/media?parent=8746"}],"wp:term":[{"taxonomy":"product_brand","embeddable":true,"href":"https:\/\/store.handsomecake.com\/en\/wp-json\/wp\/v2\/product_brand?post=8746"},{"taxonomy":"product_cat","embeddable":true,"href":"https:\/\/store.handsomecake.com\/en\/wp-json\/wp\/v2\/product_cat?post=8746"},{"taxonomy":"product_tag","embeddable":true,"href":"https:\/\/store.handsomecake.com\/en\/wp-json\/wp\/v2\/product_tag?post=8746"}],"curies":[{"name":"wp","href":"https:\/\/api.w.org\/{rel}","templated":true}]}}