{"id":867,"date":"2020-10-06T21:41:03","date_gmt":"2020-10-06T21:41:03","guid":{"rendered":"https:\/\/store.handsomecake.com\/?post_type=product&#038;p=867"},"modified":"2024-06-12T14:39:00","modified_gmt":"2024-06-12T14:39:00","slug":"augustus-ghost-whisper-by-eop-studios","status":"publish","type":"product","link":"https:\/\/store.handsomecake.com\/en\/product\/augustus-ghost-whisper-by-eop-studios\/","title":{"rendered":"Augustus Ghost Whisper by EOP Studios"},"content":{"rendered":"<p>Zum Oktober wird&#8217;s schaurig! Der Ghost Whisperer von den EOP Studios mischt die querbunte Fantasy- und Anime-Landschaft richtig auf.<\/p>\n<p>Sichert euch die tolle Statue im PreOrder.<\/p>\n<p>Voraussichtliches Releasedatum: Q3 2021<br \/>\nBei uns im Lager voraussichtlich: Ende Oktober 2021<\/p>\n<p>Ma\u00dfe:<br \/>\nGewicht &#8211; ca. 25kg<br \/>\nGr\u00f6\u00dfe &#8211; 86cm x 56cm x 56cm<\/p>\n<p>Weltweit nur 88 St\u00fcck verf\u00fcgbar.<\/p>","protected":false},"excerpt":{"rendered":"<p>Zum Oktober wird&#8217;s schaurig! Der Ghost Whisperer von den EOP Studios mischt die querbunte Fantasy- und Anime-Landschaft richtig auf. Sichert euch die tolle Statue im PreOrder. Voraussichtliches Releasedatum: Q3 2021 Bei uns im Lager voraussichtlich: Ende Oktober 2021 Ma\u00dfe: Gewicht &#8211; ca. 25kg Gr\u00f6\u00dfe &#8211; 86cm x 56cm x 56cm Weltweit nur 88 St\u00fcck verf\u00fcgbar.<\/p>","protected":false},"featured_media":874,"comment_status":"open","ping_status":"closed","template":"","meta":[],"product_brand":[],"product_cat":[184],"product_tag":[147,154,136,137],"class_list":{"0":"post-867","1":"product","2":"type-product","3":"status-publish","4":"has-post-thumbnail","6":"product_cat-sonstige-resin-statuen","7":"product_tag-collectibles","8":"product_tag-resin-collectibles","9":"product_tag-resin-statuen","10":"product_tag-resin-statuen-kaufen","11":"pa_scale-1_to_4","13":"first","14":"instock","15":"taxable","16":"shipping-taxable","17":"product-type-variable","18":"has-default-attributes"},"_links":{"self":[{"href":"https:\/\/store.handsomecake.com\/en\/wp-json\/wp\/v2\/product\/867","targetHints":{"allow":["GET"]}}],"collection":[{"href":"https:\/\/store.handsomecake.com\/en\/wp-json\/wp\/v2\/product"}],"about":[{"href":"https:\/\/store.handsomecake.com\/en\/wp-json\/wp\/v2\/types\/product"}],"replies":[{"embeddable":true,"href":"https:\/\/store.handsomecake.com\/en\/wp-json\/wp\/v2\/comments?post=867"}],"wp:featuredmedia":[{"embeddable":true,"href":"https:\/\/store.handsomecake.com\/en\/wp-json\/wp\/v2\/media\/874"}],"wp:attachment":[{"href":"https:\/\/store.handsomecake.com\/en\/wp-json\/wp\/v2\/media?parent=867"}],"wp:term":[{"taxonomy":"product_brand","embeddable":true,"href":"https:\/\/store.handsomecake.com\/en\/wp-json\/wp\/v2\/product_brand?post=867"},{"taxonomy":"product_cat","embeddable":true,"href":"https:\/\/store.handsomecake.com\/en\/wp-json\/wp\/v2\/product_cat?post=867"},{"taxonomy":"product_tag","embeddable":true,"href":"https:\/\/store.handsomecake.com\/en\/wp-json\/wp\/v2\/product_tag?post=867"}],"curies":[{"name":"wp","href":"https:\/\/api.w.org\/{rel}","templated":true}]}}