{"id":8657,"date":"2021-10-21T23:01:09","date_gmt":"2021-10-21T23:01:09","guid":{"rendered":"https:\/\/store.handsomecake.com\/product\/resident-evil-lady-dimitrescu-14-resin-statue-von-dwan-studio\/"},"modified":"2024-06-12T14:58:09","modified_gmt":"2024-06-12T14:58:09","slug":"resident-evil-lady-dimitrescu-14-resin-statue-von-dwan-studio","status":"publish","type":"product","link":"https:\/\/store.handsomecake.com\/en\/product\/resident-evil-lady-dimitrescu-14-resin-statue-von-dwan-studio\/","title":{"rendered":"Resident Evil &#8211; Lady Dimitrescu | 1:4 Resin Statue | von Dwan Studio"},"content":{"rendered":"<p>Resident Evil &#8211; Lady Dimitrescu &#8218; 1:4 Resin Statue &#8218; von Dwan Studio<\/p>\n<p>I do ship EU-wide, please contact me, should questions arise.<\/p>\n<p>Tolle Statue unserer geliebten und hei\u00df begehrten Anf\u00fchrering des Dimitrescu Clans<\/p>\n<p>Wunderbar verarbeitete und sehr detaillierte Alcina Dimitrescu Valentine Statue aus Polystone &#8211; k\u00fcnstlichem Stein-Harz-Gemisch.<\/p>\n<p>Besonderheiten:<\/p>\n<ul>\n<li>Oberk\u00f6rper kann nackt sein<\/li>\n<li>austauschbarer Waffenarm<\/li>\n<li>weltweit 199 St\u00fcck<\/li>\n<\/ul>\n<p>Release-Status:<\/p>\n<ul>\n<li>Preorder. Statue wird sch\u00e4tzungsweise Q2 2022 released. Wir erwarten sie bei uns im Lager gegen Ende August 2022.<\/li>\n<\/ul>\n<p>Wie immer bei meinen Aktionen &#8211; s\u00e4mtliche Geb\u00fchren sind, im Gegensatz zu anderen Angeboten, bereits inkludiert. Versand erfolgt ausschlie\u00dflich aus Deutschland, es fallen keine Zoll- und Importgeb\u00fchren an. Ihr kauft keine Katze im Sack \ud83d\ude42<\/p>\n<p>Ma\u00dfe der Statue: H79*W49*D40cm<br \/>\nGewicht: 22kg<\/p>\n<p>You are not prepared! \ud83d\ude42<\/p>","protected":false},"excerpt":{"rendered":"<p>Resident Evil &#8211; Lady Dimitrescu &#8218; 1:4 Resin Statue &#8218; von Dwan Studio I do ship EU-wide, please contact me, should questions arise. Tolle Statue unserer geliebten und hei\u00df begehrten Anf\u00fchrering des Dimitrescu Clans Wunderbar verarbeitete und sehr detaillierte Alcina Dimitrescu Valentine Statue aus Polystone &#8211; k\u00fcnstlichem Stein-Harz-Gemisch. Besonderheiten: Oberk\u00f6rper kann nackt sein austauschbarer Waffenarm [&hellip;]<\/p>\n","protected":false},"featured_media":8658,"comment_status":"closed","ping_status":"closed","template":"","meta":[],"product_brand":[],"product_cat":[568,82,81],"product_tag":[666,717,640,658,479,147,251,852,853,189,785,784,782,783,851,154,255,136,137,379,381,552,380,382,547],"class_list":{"0":"post-8657","1":"product","2":"type-product","3":"status-publish","4":"has-post-thumbnail","6":"product_cat-preorder","7":"product_cat-resident-evil","8":"product_cat-statuen-computerspieluniversum","9":"product_tag-anime-figuren-shop","10":"product_tag-anime-shop","11":"product_tag-anime-statuen","12":"product_tag-anime-toys","13":"product_tag-collectible","14":"product_tag-collectibles","15":"product_tag-collectibles-kaufen","16":"product_tag-lady-dimitrescu","17":"product_tag-lady-dimitrescu-statue","18":"product_tag-resident-evil-collectibles","19":"product_tag-resident-evil-figure","20":"product_tag-resident-evil-figurine","21":"product_tag-resident-evil-statue","22":"product_tag-resident-evil-toy","23":"product_tag-resident-evil-village","24":"product_tag-resin-collectibles","25":"product_tag-resin-collectibles-kaufen","26":"product_tag-resin-statuen","27":"product_tag-resin-statuen-kaufen","28":"product_tag-statue-collectible","29":"product_tag-statue-collectibles","30":"product_tag-statue-collector","31":"product_tag-statues-collectible","32":"product_tag-statues-collectibles","33":"product_tag-statues-collector","34":"pa_brand-dwan-studio","35":"pa_scale-1_to_4","37":"first","38":"instock","39":"taxable","40":"shipping-taxable","41":"product-type-variable"},"_links":{"self":[{"href":"https:\/\/store.handsomecake.com\/en\/wp-json\/wp\/v2\/product\/8657","targetHints":{"allow":["GET"]}}],"collection":[{"href":"https:\/\/store.handsomecake.com\/en\/wp-json\/wp\/v2\/product"}],"about":[{"href":"https:\/\/store.handsomecake.com\/en\/wp-json\/wp\/v2\/types\/product"}],"replies":[{"embeddable":true,"href":"https:\/\/store.handsomecake.com\/en\/wp-json\/wp\/v2\/comments?post=8657"}],"wp:featuredmedia":[{"embeddable":true,"href":"https:\/\/store.handsomecake.com\/en\/wp-json\/wp\/v2\/media\/8658"}],"wp:attachment":[{"href":"https:\/\/store.handsomecake.com\/en\/wp-json\/wp\/v2\/media?parent=8657"}],"wp:term":[{"taxonomy":"product_brand","embeddable":true,"href":"https:\/\/store.handsomecake.com\/en\/wp-json\/wp\/v2\/product_brand?post=8657"},{"taxonomy":"product_cat","embeddable":true,"href":"https:\/\/store.handsomecake.com\/en\/wp-json\/wp\/v2\/product_cat?post=8657"},{"taxonomy":"product_tag","embeddable":true,"href":"https:\/\/store.handsomecake.com\/en\/wp-json\/wp\/v2\/product_tag?post=8657"}],"curies":[{"name":"wp","href":"https:\/\/api.w.org\/{rel}","templated":true}]}}