{"id":8585,"date":"2021-10-20T20:58:12","date_gmt":"2021-10-20T20:58:12","guid":{"rendered":"https:\/\/store.handsomecake.com\/product\/invincible-omni-man-14-resin-statue-von-imaginary-koncepts\/"},"modified":"2024-06-12T14:57:54","modified_gmt":"2024-06-12T14:57:54","slug":"invincible-omni-man-14-resin-statue-von-imaginary-koncepts","status":"publish","type":"product","link":"https:\/\/store.handsomecake.com\/en\/product\/invincible-omni-man-14-resin-statue-von-imaginary-koncepts\/","title":{"rendered":"Invincible &#8211; Omni Man | 1:4 Resin Statue | von Imaginary Koncepts"},"content":{"rendered":"<p>Invincible &#8211; Omni Man &#8218; 1:4 Resin Statue &#8218; von Imaginary Koncepts<br \/>\nEU Taxfree! I do ship EU-wide, please contact me, should questions arise.<\/p>\n<p>Tolle Statue des ber\u00fchmt-ber\u00fcchtigten Viltrumiten aus der Comic Reihe von Robert Kirkman<br \/>\nWunderbar verarbeitete und sehr detaillierte Statue von Omni-Man aus Polystone &#8211; k\u00fcnstlichem Stein-Harz-Gemisch.<\/p>\n<p>Besonderheiten:<\/p>\n<ul>\n<li>3 austauschbare Kopfvarianten (blutbeschmiert und sauber, sauber mit Bart)<\/li>\n<li>2 austauschbare Armsets<\/li>\n<li>weltweit 55 St\u00fcck<\/li>\n<\/ul>\n<p>Release-Status:<\/p>\n<ul>\n<li>In Stock<\/li>\n<\/ul>\n<p>Wie immer bei meinen Artikeln &#8211; s\u00e4mtliche Geb\u00fchren sind, im Gegensatz zu anderen Angeboten, bereits inkludiert. Versand erfolgt ausschlie\u00dflich aus Deutschland, es fallen keine Zoll- und Importgeb\u00fchren an. Ihr kauft keine Katze im Sack \ud83d\ude42<\/p>\n<p>Ma\u00dfe der Statue:<br \/>\nGr\u00f6\u00dfe: ca. 60cm x 44cm x 42cm (gesch\u00e4tzt)<br \/>\nGewicht: ca. 16kg (gesch\u00e4tzt)<\/p>\n<p>You are not prepared! \ud83d\ude42<\/p>","protected":false},"excerpt":{"rendered":"<p>Invincible &#8211; Omni Man &#8218; 1:4 Resin Statue &#8218; von Imaginary Koncepts EU Taxfree! I do ship EU-wide, please contact me, should questions arise. Tolle Statue des ber\u00fchmt-ber\u00fcchtigten Viltrumiten aus der Comic Reihe von Robert Kirkman Wunderbar verarbeitete und sehr detaillierte Statue von Omni-Man aus Polystone &#8211; k\u00fcnstlichem Stein-Harz-Gemisch. Besonderheiten: 3 austauschbare Kopfvarianten (blutbeschmiert und [&hellip;]<\/p>\n","protected":false},"featured_media":8586,"comment_status":"closed","ping_status":"closed","template":"","meta":[],"product_brand":[],"product_cat":[1047,84,567],"product_tag":[612,717,640,658,479,147,251,795,1062,1064,1063,1069,1065,1066,1070,1071,1072,1067,1068,1073,154,255,136,137,379,381,552,380,382,547,718],"class_list":{"0":"post-8585","1":"product","2":"type-product","3":"status-publish","4":"has-post-thumbnail","6":"product_cat-invincible","7":"product_cat-statuen-anime-comic-universum","8":"product_cat-in_stock_warehouse_china","9":"product_tag-anime","10":"product_tag-anime-shop","11":"product_tag-anime-statuen","12":"product_tag-anime-toys","13":"product_tag-collectible","14":"product_tag-collectibles","15":"product_tag-collectibles-kaufen","16":"product_tag-handsomecake","17":"product_tag-invincible","18":"product_tag-omni-man","19":"product_tag-omniman","20":"product_tag-omniman-collectible","21":"product_tag-omniman-collectibles","22":"product_tag-omniman-collectibles-kaufen","23":"product_tag-omniman-figure","24":"product_tag-omniman-figurine","25":"product_tag-omniman-statue","26":"product_tag-omniman-statuen","27":"product_tag-omniman-statuen-kaufen","28":"product_tag-omniman-toy","29":"product_tag-resin-collectibles","30":"product_tag-resin-collectibles-kaufen","31":"product_tag-resin-statuen","32":"product_tag-resin-statuen-kaufen","33":"product_tag-statue-collectible","34":"product_tag-statue-collectibles","35":"product_tag-statue-collector","36":"product_tag-statues-collectible","37":"product_tag-statues-collectibles","38":"product_tag-statues-collector","39":"product_tag-toys","40":"pa_brand-imaginary-koncepts","41":"pa_scale-1_to_4","43":"first","44":"instock","45":"taxable","46":"shipping-taxable","47":"product-type-variable"},"_links":{"self":[{"href":"https:\/\/store.handsomecake.com\/en\/wp-json\/wp\/v2\/product\/8585","targetHints":{"allow":["GET"]}}],"collection":[{"href":"https:\/\/store.handsomecake.com\/en\/wp-json\/wp\/v2\/product"}],"about":[{"href":"https:\/\/store.handsomecake.com\/en\/wp-json\/wp\/v2\/types\/product"}],"replies":[{"embeddable":true,"href":"https:\/\/store.handsomecake.com\/en\/wp-json\/wp\/v2\/comments?post=8585"}],"wp:featuredmedia":[{"embeddable":true,"href":"https:\/\/store.handsomecake.com\/en\/wp-json\/wp\/v2\/media\/8586"}],"wp:attachment":[{"href":"https:\/\/store.handsomecake.com\/en\/wp-json\/wp\/v2\/media?parent=8585"}],"wp:term":[{"taxonomy":"product_brand","embeddable":true,"href":"https:\/\/store.handsomecake.com\/en\/wp-json\/wp\/v2\/product_brand?post=8585"},{"taxonomy":"product_cat","embeddable":true,"href":"https:\/\/store.handsomecake.com\/en\/wp-json\/wp\/v2\/product_cat?post=8585"},{"taxonomy":"product_tag","embeddable":true,"href":"https:\/\/store.handsomecake.com\/en\/wp-json\/wp\/v2\/product_tag?post=8585"}],"curies":[{"name":"wp","href":"https:\/\/api.w.org\/{rel}","templated":true}]}}