{"id":838,"date":"2020-10-01T00:27:40","date_gmt":"2020-10-01T00:27:40","guid":{"rendered":"https:\/\/store.handsomecake.com\/?post_type=product&#038;p=838"},"modified":"2024-06-12T14:39:07","modified_gmt":"2024-06-12T14:39:07","slug":"one-piece-roroana-zoro-1-6-resin-statue-vom-top-studio","status":"publish","type":"product","link":"https:\/\/store.handsomecake.com\/en\/product\/one-piece-roroana-zoro-1-6-resin-statue-vom-top-studio\/","title":{"rendered":"One Piece | Roroana Zoro | 1:6 Resin Statue |\u00a0vom TOP Studio"},"content":{"rendered":"<p>Sehr sch\u00f6ner Zoro vom TOP Studio<\/p>\n<p>Wir konnten uns 1 Statue zusichern.<\/p>\n<p>Ma\u00dfe:<\/p>\n<p>Gr\u00f6\u00dfe (ca): 62cm (H) x 52cm (W) x 53cm (D)<br \/>\nGewicht: 37 kg<\/p>\n<p>Bearbeitungsdauer: ca. 45 Tage<\/p>","protected":false},"excerpt":{"rendered":"<p>Sehr sch\u00f6ner Zoro vom TOP Studio Wir konnten uns 1 Statue zusichern. Ma\u00dfe: Gr\u00f6\u00dfe (ca): 62cm (H) x 52cm (W) x 53cm (D) Gewicht: 37 kg Bearbeitungsdauer: ca. 45 Tage<\/p>","protected":false},"featured_media":840,"comment_status":"open","ping_status":"closed","template":"","meta":[],"product_brand":[],"product_cat":[89,84],"product_tag":[147,164,166,167,154,137,177,178,179],"class_list":{"0":"post-838","1":"product","2":"type-product","3":"status-publish","4":"has-post-thumbnail","6":"product_cat-one-piece","7":"product_cat-statuen-anime-comic-universum","8":"product_tag-collectibles","9":"product_tag-one-piece-collectibles","10":"product_tag-one-piece-statuen","11":"product_tag-one-piece-statuen-kaufen","12":"product_tag-resin-collectibles","13":"product_tag-resin-statuen-kaufen","14":"product_tag-roroana-zoro","15":"product_tag-roroana-zoro-collectible","16":"product_tag-roroana-zoro-statue","17":"pa_scale-1_to_6","19":"first","20":"instock","21":"taxable","22":"shipping-taxable","23":"product-type-simple"},"_links":{"self":[{"href":"https:\/\/store.handsomecake.com\/en\/wp-json\/wp\/v2\/product\/838","targetHints":{"allow":["GET"]}}],"collection":[{"href":"https:\/\/store.handsomecake.com\/en\/wp-json\/wp\/v2\/product"}],"about":[{"href":"https:\/\/store.handsomecake.com\/en\/wp-json\/wp\/v2\/types\/product"}],"replies":[{"embeddable":true,"href":"https:\/\/store.handsomecake.com\/en\/wp-json\/wp\/v2\/comments?post=838"}],"wp:featuredmedia":[{"embeddable":true,"href":"https:\/\/store.handsomecake.com\/en\/wp-json\/wp\/v2\/media\/840"}],"wp:attachment":[{"href":"https:\/\/store.handsomecake.com\/en\/wp-json\/wp\/v2\/media?parent=838"}],"wp:term":[{"taxonomy":"product_brand","embeddable":true,"href":"https:\/\/store.handsomecake.com\/en\/wp-json\/wp\/v2\/product_brand?post=838"},{"taxonomy":"product_cat","embeddable":true,"href":"https:\/\/store.handsomecake.com\/en\/wp-json\/wp\/v2\/product_cat?post=838"},{"taxonomy":"product_tag","embeddable":true,"href":"https:\/\/store.handsomecake.com\/en\/wp-json\/wp\/v2\/product_tag?post=838"}],"curies":[{"name":"wp","href":"https:\/\/api.w.org\/{rel}","templated":true}]}}