{"id":822,"date":"2020-09-30T23:58:13","date_gmt":"2020-09-30T23:58:13","guid":{"rendered":"https:\/\/store.handsomecake.com\/?post_type=product&#038;p=822"},"modified":"2024-06-12T14:39:11","modified_gmt":"2024-06-12T14:39:11","slug":"one-piece-snow-leopard-trafalgar-law-1-4-resin-statue-vom-blackpearl-studio","status":"publish","type":"product","link":"https:\/\/store.handsomecake.com\/en\/product\/one-piece-snow-leopard-trafalgar-law-1-4-resin-statue-vom-blackpearl-studio\/","title":{"rendered":"One Piece | Snow Leopard Trafalgar Law | 1:4 Resin Statue |\u00a0vom BlackPearl Studio"},"content":{"rendered":"<p>Sehr exklusiver Trafalgar D. Water Law vom BlackPearl Studio.<\/p>\n<p>Wir konnten uns 2 Statuen zusichern.<\/p>\n<p>Ma\u00dfe:<\/p>\n<p>Gr\u00f6\u00dfe (ca): 59cm (H) x 43cm (W) x 58cm (D)<br \/>\nGewicht: 41 kg<\/p>\n<p>Bearbeitungsdauer: ca. 45 Tage<\/p>","protected":false},"excerpt":{"rendered":"<p>Sehr exklusiver Trafalgar D. Water Law vom BlackPearl Studio. Wir konnten uns 2 Statuen zusichern. Ma\u00dfe: Gr\u00f6\u00dfe (ca): 59cm (H) x 43cm (W) x 58cm (D) Gewicht: 41 kg Bearbeitungsdauer: ca. 45 Tage<\/p>","protected":false},"featured_media":829,"comment_status":"open","ping_status":"closed","template":"","meta":[],"product_brand":[],"product_cat":[89,84],"product_tag":[147,164,166,167,154,137],"class_list":{"0":"post-822","1":"product","2":"type-product","3":"status-publish","4":"has-post-thumbnail","6":"product_cat-one-piece","7":"product_cat-statuen-anime-comic-universum","8":"product_tag-collectibles","9":"product_tag-one-piece-collectibles","10":"product_tag-one-piece-statuen","11":"product_tag-one-piece-statuen-kaufen","12":"product_tag-resin-collectibles","13":"product_tag-resin-statuen-kaufen","14":"pa_brand-bp-studio","15":"pa_scale-1_to_4","17":"first","18":"instock","19":"taxable","20":"shipping-taxable","21":"product-type-simple"},"_links":{"self":[{"href":"https:\/\/store.handsomecake.com\/en\/wp-json\/wp\/v2\/product\/822","targetHints":{"allow":["GET"]}}],"collection":[{"href":"https:\/\/store.handsomecake.com\/en\/wp-json\/wp\/v2\/product"}],"about":[{"href":"https:\/\/store.handsomecake.com\/en\/wp-json\/wp\/v2\/types\/product"}],"replies":[{"embeddable":true,"href":"https:\/\/store.handsomecake.com\/en\/wp-json\/wp\/v2\/comments?post=822"}],"wp:featuredmedia":[{"embeddable":true,"href":"https:\/\/store.handsomecake.com\/en\/wp-json\/wp\/v2\/media\/829"}],"wp:attachment":[{"href":"https:\/\/store.handsomecake.com\/en\/wp-json\/wp\/v2\/media?parent=822"}],"wp:term":[{"taxonomy":"product_brand","embeddable":true,"href":"https:\/\/store.handsomecake.com\/en\/wp-json\/wp\/v2\/product_brand?post=822"},{"taxonomy":"product_cat","embeddable":true,"href":"https:\/\/store.handsomecake.com\/en\/wp-json\/wp\/v2\/product_cat?post=822"},{"taxonomy":"product_tag","embeddable":true,"href":"https:\/\/store.handsomecake.com\/en\/wp-json\/wp\/v2\/product_tag?post=822"}],"curies":[{"name":"wp","href":"https:\/\/api.w.org\/{rel}","templated":true}]}}