{"id":8208,"date":"2021-10-12T16:52:04","date_gmt":"2021-10-12T16:52:04","guid":{"rendered":"https:\/\/store.handsomecake.com\/product\/neo-genesis-evangelion-asuka-langley-14-resin-statue-von-last-sleep-studio\/"},"modified":"2024-09-28T16:30:37","modified_gmt":"2024-09-28T16:30:37","slug":"neo-genesis-evangelion-asuka-langley-14-resin-statue-von-last-sleep-studio","status":"publish","type":"product","link":"https:\/\/store.handsomecake.com\/en\/product\/neo-genesis-evangelion-asuka-langley-14-resin-statue-von-last-sleep-studio\/","title":{"rendered":"Neo Genesis Evangelion &#8211; Asuka Langley | 1:4 Resin Statue| von Last Sleep Studio"},"content":{"rendered":"<p>Neo Genesis Evangelion &#8211; Asuka Langley &#8218; 1:4 Resin Statue &#8218; von Last Sleep Studi<\/p>\n<p>I do ship EU-wide, please contact me, should questions arise.<br \/>\nEU shipping costs are more an estimate and will be recalculated (and you will receive a refund, if shippings costs turn out to be lower in the end).<br \/>\nExample &#8211; some statues are stated as 58cm width. Until they arrive we can&#8217;t guarantee if its the width WITH packaging or without. If it&#8217;s WITH, we fit under the 60cm rule and if the weight is under 31.5kg as well, shipping will be as low as 43.86\u20ac (current DHL price), if the statue is over 60cm with packaging, we will need to engage a hauling company&#8230;<\/p>\n<p>Tolle Statue der tapferen Mechpilotin<\/p>\n<p>Wunderbar verarbeitete und sehr detaillierte Asuka Langley Statue aus Polystone &#8211; k\u00fcnstlichem Stein-Harz-Gemisch. Die Statue wurde bereits released und ist auf dem Weg vom Studio direkt in unser Warenlager!<\/p>\n<p>Besonderheiten:<\/p>\n<ul>\n<li>diese Statue kommt in drei Varianten:<\/li>\n<li>&#8211; Sprintstellung<\/li>\n<li>&#8211; Stehend mit Speer<\/li>\n<li>&#8211; Kleider aufrei\u00dfend<\/li>\n<li>Bitte bei der Bestellung angeben, welche Variante ihr haben wollt. Der Preis ist f\u00fcr eine Variante angegeben.<\/li>\n<\/ul>\n<p>Release-Status:<\/p>\n<ul>\n<li>Preorder. Release sch\u00e4tzungsweise Q3 2022, bei uns im Lager voraussichtlich Ende Oktober-November 2022.<\/li>\n<\/ul>\n<p>Wie immer bei meinen Aktionen &#8211; s\u00e4mtliche Geb\u00fchren sind, im Gegensatz zu anderen Angeboten, bereits inkludiert. Versand erfolgt ausschlie\u00dflich aus Deutschland, es fallen keine Zoll- und Importgeb\u00fchren an. Ihr kauft keine Katze im Sack \ud83d\ude42<\/p>\n<p>Preis-Hinweis:<br \/>\nSolltet ihr die Statue direkt \u00fcber unseren Online-Shop (einfach den Benutzernamen googeln) kaufen, so erhaltet ihr auf jeden Fall die Tiefstpreisgarantie &#8211; sollte beispielsweise der Versand, Zoll oder die Einfuhrumsatzsteuer am Ende, also wenn die Statue bei uns im Warenlager angekommen ist, geringer ausfallen, so leiten wir die Preisreduzierung 1:1 an euch weiter! Der Catfish Arthas war z.b. urspr\u00fcnglich f\u00fcr 1850\u20ac drin, Endpreis war 1569\u20ac.<\/p>\n<p>Ma\u00dfe der Statue:<br \/>\nGr\u00f6\u00dfe:<br \/>\nca. 66cm x 30cm x 40cm &#8211; Stehend mit Speer<br \/>\nca. 64cm x 36cm x 55cm &#8211; Sprintstellung<br \/>\nca. 57cm x 22.5cm x 28cm &#8211; Halbnackt<br \/>\nGewicht: 15 kg<\/p>\n<p>You are not prepared! \ud83d\ude42<\/p>","protected":false},"excerpt":{"rendered":"<p>Neo Genesis Evangelion &#8211; Asuka Langley &#8218; 1:4 Resin Statue &#8218; von Last Sleep Studi I do ship EU-wide, please contact me, should questions arise. EU shipping costs are more an estimate and will be recalculated (and you will receive a refund, if shippings costs turn out to be lower in the end). Example &#8211; [&hellip;]<\/p>\n","protected":false},"featured_media":8209,"comment_status":"closed","ping_status":"closed","template":"","meta":[],"product_brand":[],"product_cat":[811,568,84],"product_tag":[612,656,666,708,1043,658,539,537,538,479,147,251,383,533,540,795,1044,1046,1045,536,534,535,154,255,136,137],"class_list":{"0":"post-8208","1":"product","2":"type-product","3":"status-publish","4":"has-post-thumbnail","6":"product_cat-neon-genesis-evangelion","7":"product_cat-preorder","8":"product_cat-statuen-anime-comic-universum","9":"product_tag-anime","10":"product_tag-anime-collectibles","11":"product_tag-anime-figuren-shop","12":"product_tag-anime-statuen-shop","13":"product_tag-anime-statues","14":"product_tag-anime-toys","15":"product_tag-asuka-figure","16":"product_tag-asuka-resin-statue","17":"product_tag-asuka-statue","18":"product_tag-collectible","19":"product_tag-collectibles","20":"product_tag-collectibles-kaufen","21":"product_tag-collector","22":"product_tag-eva","23":"product_tag-eva-asuka-collectible","24":"product_tag-handsomecake","25":"product_tag-last-sleep","26":"product_tag-last-sleep-collectibles","27":"product_tag-last-sleep-studio","28":"product_tag-neo-genesis-asuka","29":"product_tag-neo-genesis-eva","30":"product_tag-neo-genesis-evangelion","31":"product_tag-resin-collectibles","32":"product_tag-resin-collectibles-kaufen","33":"product_tag-resin-statuen","34":"product_tag-resin-statuen-kaufen","35":"pa_brand-las-sleep-studio","36":"pa_scale-1_to_4","38":"first","39":"onbackorder","40":"taxable","41":"shipping-taxable","42":"product-type-variable"},"_links":{"self":[{"href":"https:\/\/store.handsomecake.com\/en\/wp-json\/wp\/v2\/product\/8208","targetHints":{"allow":["GET"]}}],"collection":[{"href":"https:\/\/store.handsomecake.com\/en\/wp-json\/wp\/v2\/product"}],"about":[{"href":"https:\/\/store.handsomecake.com\/en\/wp-json\/wp\/v2\/types\/product"}],"replies":[{"embeddable":true,"href":"https:\/\/store.handsomecake.com\/en\/wp-json\/wp\/v2\/comments?post=8208"}],"wp:featuredmedia":[{"embeddable":true,"href":"https:\/\/store.handsomecake.com\/en\/wp-json\/wp\/v2\/media\/8209"}],"wp:attachment":[{"href":"https:\/\/store.handsomecake.com\/en\/wp-json\/wp\/v2\/media?parent=8208"}],"wp:term":[{"taxonomy":"product_brand","embeddable":true,"href":"https:\/\/store.handsomecake.com\/en\/wp-json\/wp\/v2\/product_brand?post=8208"},{"taxonomy":"product_cat","embeddable":true,"href":"https:\/\/store.handsomecake.com\/en\/wp-json\/wp\/v2\/product_cat?post=8208"},{"taxonomy":"product_tag","embeddable":true,"href":"https:\/\/store.handsomecake.com\/en\/wp-json\/wp\/v2\/product_tag?post=8208"}],"curies":[{"name":"wp","href":"https:\/\/api.w.org\/{rel}","templated":true}]}}