{"id":783,"date":"2020-09-30T23:38:52","date_gmt":"2020-09-30T23:38:52","guid":{"rendered":"https:\/\/store.handsomecake.com\/product\/one-piece-enel-statue-16-scale-von-man-kexing-aehnlich-juneng-studio\/"},"modified":"2024-06-12T14:30:13","modified_gmt":"2024-06-12T14:30:13","slug":"one-piece-enel-statue-16-scale-von-man-kexing-aehnlich-juneng-studio","status":"publish","type":"product","link":"https:\/\/store.handsomecake.com\/en\/product\/one-piece-enel-statue-16-scale-von-man-kexing-aehnlich-juneng-studio\/","title":{"rendered":"One Piece | Enel Statue | 1:6 Scale | von Man Kexing (\u00e4hnlich JuNeng Studio)"},"content":{"rendered":"<p>One Piece &#8218; Enel Statue &#8218; 1:6 Scale &#8218; von Man Kexing (\u00e4hnlich JuNeng Studio)<\/p>\n<p>Wundervolle Statue vom &#8222;M\u00f6chtegern-Gott&#8220; \ud83d\ude42<\/p>\n<p>Die Statue sieht der Enel Resin Statue vom JuNeng Studio recht \u00e4hnlich, weist aber auch diverse Alleinstellungsmerkmale auf. Sie ist zwar recht schwer (ca. 7 kg), allerdings bei weitem nicht so schwer wie die Resin-Varianten anderer Studios (30kg und mehr). Die wei\u00dfen K\u00fcgelchen, die eventuell auf den Bildern zu sehen sind, sind Reste der Styroporverpackung, also keine Farbdefekte oder \u00e4hnliches.<\/p>\n<p>Besonderheiten:<\/p>\n<p>* keine<\/p>\n<p>Eigenschaften:<\/p>\n<p>* Material: PVC<br \/>\n* Ma\u00dfe mit Verpackung: ca. 57cm x 54cm x 56cm<br \/>\n* Gewicht: ca. 7kg<\/p>\n<p>Die Ware wird in der Regel am n\u00e4chsten Werktag nach Geldeingang versendet.<br \/>\nVersand erfolgt &#8211; im Gegensatz zu vielen anderen Auktionen &#8211; aus Deutschland, es fallen also keine versteckten Zoll- und Bearbeitungsgeb\u00fchren an.<\/p>","protected":false},"excerpt":{"rendered":"<p>One Piece &#8218; Enel Statue &#8218; 1:6 Scale &#8218; von Man Kexing (\u00e4hnlich JuNeng Studio) Wundervolle Statue vom &#8222;M\u00f6chtegern-Gott&#8220; \ud83d\ude42 Die Statue sieht der Enel Resin Statue vom JuNeng Studio recht \u00e4hnlich, weist aber auch diverse Alleinstellungsmerkmale auf. Sie ist zwar recht schwer (ca. 7 kg), allerdings bei weitem nicht so schwer wie die Resin-Varianten [&hellip;]<\/p>\n","protected":false},"featured_media":784,"comment_status":"closed","ping_status":"closed","template":"","meta":[],"product_brand":[],"product_cat":[89,84],"product_tag":[164,166,167,154,136,137],"class_list":{"0":"post-783","1":"product","2":"type-product","3":"status-publish","4":"has-post-thumbnail","6":"product_cat-one-piece","7":"product_cat-statuen-anime-comic-universum","8":"product_tag-one-piece-collectibles","9":"product_tag-one-piece-statuen","10":"product_tag-one-piece-statuen-kaufen","11":"product_tag-resin-collectibles","12":"product_tag-resin-statuen","13":"product_tag-resin-statuen-kaufen","14":"pa_brand-man-kexing-studio","15":"pa_scale-1_to_6","17":"first","18":"outofstock","19":"product-type-simple"},"_links":{"self":[{"href":"https:\/\/store.handsomecake.com\/en\/wp-json\/wp\/v2\/product\/783","targetHints":{"allow":["GET"]}}],"collection":[{"href":"https:\/\/store.handsomecake.com\/en\/wp-json\/wp\/v2\/product"}],"about":[{"href":"https:\/\/store.handsomecake.com\/en\/wp-json\/wp\/v2\/types\/product"}],"replies":[{"embeddable":true,"href":"https:\/\/store.handsomecake.com\/en\/wp-json\/wp\/v2\/comments?post=783"}],"wp:featuredmedia":[{"embeddable":true,"href":"https:\/\/store.handsomecake.com\/en\/wp-json\/wp\/v2\/media\/784"}],"wp:attachment":[{"href":"https:\/\/store.handsomecake.com\/en\/wp-json\/wp\/v2\/media?parent=783"}],"wp:term":[{"taxonomy":"product_brand","embeddable":true,"href":"https:\/\/store.handsomecake.com\/en\/wp-json\/wp\/v2\/product_brand?post=783"},{"taxonomy":"product_cat","embeddable":true,"href":"https:\/\/store.handsomecake.com\/en\/wp-json\/wp\/v2\/product_cat?post=783"},{"taxonomy":"product_tag","embeddable":true,"href":"https:\/\/store.handsomecake.com\/en\/wp-json\/wp\/v2\/product_tag?post=783"}],"curies":[{"name":"wp","href":"https:\/\/api.w.org\/{rel}","templated":true}]}}