{"id":727,"date":"2020-09-30T23:36:43","date_gmt":"2020-09-30T23:36:43","guid":{"rendered":"https:\/\/store.handsomecake.com\/product\/one-piece-marco-phoenix-18-scale-statue-von-pop-xl\/"},"modified":"2024-06-12T14:29:50","modified_gmt":"2024-06-12T14:29:50","slug":"one-piece-marco-phoenix-18-scale-statue-von-pop-xl","status":"publish","type":"product","link":"https:\/\/store.handsomecake.com\/en\/product\/one-piece-marco-phoenix-18-scale-statue-von-pop-xl\/","title":{"rendered":"One Piece Marco Phoenix | 1:8 Scale Statue | von POP XL"},"content":{"rendered":"<p>One Piece Marco Phoenix &#8218; P.O.P. XL &#8218; 1:8 Scale PVC Statue<\/p>\n<p>Wundervolle Statue vom geliebten Mitglied der Whitebeard-Bande.<\/p>\n<p>Besonderheiten:<\/p>\n<p>* Arme bzw. Fl\u00fcgel lassen sich abnehmen<\/p>\n<p>Eigenschaften:<\/p>\n<p>* Ma\u00dfe mit Box: ca. 38cm x 28cm x 23cm<br \/>\n* Gewicht: ca. 2.6kg<\/p>\n<p>Die Ware wird in der Regel am n\u00e4chsten Werktag nach Geldeingang versendet.<br \/>\nVersand erfolgt &#8211; im Gegensatz zu vielen anderen Auktionen &#8211; aus Deutschland, es fallen also keine versteckten Zoll- und Bearbeitungsgeb\u00fchren an.<\/p>","protected":false},"excerpt":{"rendered":"<p>One Piece Marco Phoenix &#8218; P.O.P. XL &#8218; 1:8 Scale PVC Statue Wundervolle Statue vom geliebten Mitglied der Whitebeard-Bande. Besonderheiten: * Arme bzw. Fl\u00fcgel lassen sich abnehmen Eigenschaften: * Ma\u00dfe mit Box: ca. 38cm x 28cm x 23cm * Gewicht: ca. 2.6kg Die Ware wird in der Regel am n\u00e4chsten Werktag nach Geldeingang versendet. Versand [&hellip;]<\/p>\n","protected":false},"featured_media":728,"comment_status":"closed","ping_status":"closed","template":"","meta":[],"product_brand":[],"product_cat":[89,84],"product_tag":[164,166,167,154,136,137],"class_list":{"0":"post-727","1":"product","2":"type-product","3":"status-publish","4":"has-post-thumbnail","6":"product_cat-one-piece","7":"product_cat-statuen-anime-comic-universum","8":"product_tag-one-piece-collectibles","9":"product_tag-one-piece-statuen","10":"product_tag-one-piece-statuen-kaufen","11":"product_tag-resin-collectibles","12":"product_tag-resin-statuen","13":"product_tag-resin-statuen-kaufen","14":"pa_brand-pop-xl","15":"pa_scale-2125","17":"first","18":"outofstock","19":"product-type-simple"},"_links":{"self":[{"href":"https:\/\/store.handsomecake.com\/en\/wp-json\/wp\/v2\/product\/727","targetHints":{"allow":["GET"]}}],"collection":[{"href":"https:\/\/store.handsomecake.com\/en\/wp-json\/wp\/v2\/product"}],"about":[{"href":"https:\/\/store.handsomecake.com\/en\/wp-json\/wp\/v2\/types\/product"}],"replies":[{"embeddable":true,"href":"https:\/\/store.handsomecake.com\/en\/wp-json\/wp\/v2\/comments?post=727"}],"wp:featuredmedia":[{"embeddable":true,"href":"https:\/\/store.handsomecake.com\/en\/wp-json\/wp\/v2\/media\/728"}],"wp:attachment":[{"href":"https:\/\/store.handsomecake.com\/en\/wp-json\/wp\/v2\/media?parent=727"}],"wp:term":[{"taxonomy":"product_brand","embeddable":true,"href":"https:\/\/store.handsomecake.com\/en\/wp-json\/wp\/v2\/product_brand?post=727"},{"taxonomy":"product_cat","embeddable":true,"href":"https:\/\/store.handsomecake.com\/en\/wp-json\/wp\/v2\/product_cat?post=727"},{"taxonomy":"product_tag","embeddable":true,"href":"https:\/\/store.handsomecake.com\/en\/wp-json\/wp\/v2\/product_tag?post=727"}],"curies":[{"name":"wp","href":"https:\/\/api.w.org\/{rel}","templated":true}]}}