{"id":714,"date":"2020-09-30T23:36:15","date_gmt":"2020-09-30T23:36:15","guid":{"rendered":"https:\/\/store.handsomecake.com\/product\/one-piece-statue-kaido-of-the-beasts\/"},"modified":"2024-06-12T14:29:45","modified_gmt":"2024-06-12T14:29:45","slug":"one-piece-statue-kaido-of-the-beasts","status":"publish","type":"product","link":"https:\/\/store.handsomecake.com\/en\/product\/one-piece-statue-kaido-of-the-beasts\/","title":{"rendered":"One Piece Statue | Kaido of the Beasts"},"content":{"rendered":"<p>Sch\u00f6ne Statue vom &#8218;Kaido of the Beast&#8216; aus dem One Piece Universum.<\/p>\n<p>Ma\u00dfstab: 1:8<br \/>\nH\u00f6he: ca. 19cm<br \/>\nMaterial: PVC<\/p>\n<p>Versand erfolgt &#8211; im Gegensatz zu anderen Auktionen aus Deutschland, in der Regel am n\u00e4chsten Tag nach Geldeingang. Euch erwarten also keine versteckten Zoll- und sonstige Importgeb\u00fchren.<\/p>","protected":false},"excerpt":{"rendered":"<p>Sch\u00f6ne Statue vom &#8218;Kaido of the Beast&#8216; aus dem One Piece Universum. Ma\u00dfstab: 1:8 H\u00f6he: ca. 19cm Material: PVC Versand erfolgt &#8211; im Gegensatz zu anderen Auktionen aus Deutschland, in der Regel am n\u00e4chsten Tag nach Geldeingang. Euch erwarten also keine versteckten Zoll- und sonstige Importgeb\u00fchren.<\/p>","protected":false},"featured_media":715,"comment_status":"closed","ping_status":"closed","template":"","meta":[],"product_brand":[],"product_cat":[89,84],"product_tag":[164,166,167,154,136,137],"class_list":{"0":"post-714","1":"product","2":"type-product","3":"status-publish","4":"has-post-thumbnail","6":"product_cat-one-piece","7":"product_cat-statuen-anime-comic-universum","8":"product_tag-one-piece-collectibles","9":"product_tag-one-piece-statuen","10":"product_tag-one-piece-statuen-kaufen","11":"product_tag-resin-collectibles","12":"product_tag-resin-statuen","13":"product_tag-resin-statuen-kaufen","14":"pa_scale-2125","16":"first","17":"instock","18":"product-type-simple"},"_links":{"self":[{"href":"https:\/\/store.handsomecake.com\/en\/wp-json\/wp\/v2\/product\/714","targetHints":{"allow":["GET"]}}],"collection":[{"href":"https:\/\/store.handsomecake.com\/en\/wp-json\/wp\/v2\/product"}],"about":[{"href":"https:\/\/store.handsomecake.com\/en\/wp-json\/wp\/v2\/types\/product"}],"replies":[{"embeddable":true,"href":"https:\/\/store.handsomecake.com\/en\/wp-json\/wp\/v2\/comments?post=714"}],"wp:featuredmedia":[{"embeddable":true,"href":"https:\/\/store.handsomecake.com\/en\/wp-json\/wp\/v2\/media\/715"}],"wp:attachment":[{"href":"https:\/\/store.handsomecake.com\/en\/wp-json\/wp\/v2\/media?parent=714"}],"wp:term":[{"taxonomy":"product_brand","embeddable":true,"href":"https:\/\/store.handsomecake.com\/en\/wp-json\/wp\/v2\/product_brand?post=714"},{"taxonomy":"product_cat","embeddable":true,"href":"https:\/\/store.handsomecake.com\/en\/wp-json\/wp\/v2\/product_cat?post=714"},{"taxonomy":"product_tag","embeddable":true,"href":"https:\/\/store.handsomecake.com\/en\/wp-json\/wp\/v2\/product_tag?post=714"}],"curies":[{"name":"wp","href":"https:\/\/api.w.org\/{rel}","templated":true}]}}