{"id":702,"date":"2020-09-30T23:35:50","date_gmt":"2020-09-30T23:35:50","guid":{"rendered":"https:\/\/store.handsomecake.com\/product\/devil-may-cry-5-18-nero-statue-replika-der-kotobukiya-artfx-j-statue\/"},"modified":"2024-06-12T14:29:42","modified_gmt":"2024-06-12T14:29:42","slug":"devil-may-cry-5-18-nero-statue-replika-der-kotobukiya-artfx-j-statue","status":"publish","type":"product","link":"https:\/\/store.handsomecake.com\/en\/product\/devil-may-cry-5-18-nero-statue-replika-der-kotobukiya-artfx-j-statue\/","title":{"rendered":"Devil May Cry 5 &#8211; 1:8 Nero Statue | Replika der Kotobukiya Artfx-J Statue"},"content":{"rendered":"<p>Sch\u00f6ne Nero-Statue aus dem Spiel Devil May Cry 5. Qualitativ hochwertige Replika der Statue vom Hersteller Kotobukiya ArtFX-J<\/p>\n<p>Ma\u00dfstab: 1 zu 8<br \/>\nH\u00f6he: ca. 24cm<br \/>\nMaterial: PVC<\/p>\n<p>Versand erfolgt aus Deutschland in der Regel am n\u00e4chsten Tag nach Geldeingang.<\/p>","protected":false},"excerpt":{"rendered":"<p>Sch\u00f6ne Nero-Statue aus dem Spiel Devil May Cry 5. Qualitativ hochwertige Replika der Statue vom Hersteller Kotobukiya ArtFX-J Ma\u00dfstab: 1 zu 8 H\u00f6he: ca. 24cm Material: PVC Versand erfolgt aus Deutschland in der Regel am n\u00e4chsten Tag nach Geldeingang.<\/p>","protected":false},"featured_media":703,"comment_status":"closed","ping_status":"closed","template":"","meta":[],"product_brand":[],"product_cat":[123,81],"product_tag":[172,174,173,175,176],"class_list":{"0":"post-702","1":"product","2":"type-product","3":"status-publish","4":"has-post-thumbnail","6":"product_cat-devil-may-cry","7":"product_cat-statuen-computerspieluniversum","8":"product_tag-devil-may-cry","9":"product_tag-devil-may-cry-nero","10":"product_tag-devil-may-cry-statue","11":"product_tag-dmc-nero-statue","12":"product_tag-dmc-statue-kaufen","13":"pa_brand-kotobukiya-artfx-j","14":"pa_scale-2125","16":"first","17":"onbackorder","18":"product-type-simple"},"_links":{"self":[{"href":"https:\/\/store.handsomecake.com\/en\/wp-json\/wp\/v2\/product\/702","targetHints":{"allow":["GET"]}}],"collection":[{"href":"https:\/\/store.handsomecake.com\/en\/wp-json\/wp\/v2\/product"}],"about":[{"href":"https:\/\/store.handsomecake.com\/en\/wp-json\/wp\/v2\/types\/product"}],"replies":[{"embeddable":true,"href":"https:\/\/store.handsomecake.com\/en\/wp-json\/wp\/v2\/comments?post=702"}],"wp:featuredmedia":[{"embeddable":true,"href":"https:\/\/store.handsomecake.com\/en\/wp-json\/wp\/v2\/media\/703"}],"wp:attachment":[{"href":"https:\/\/store.handsomecake.com\/en\/wp-json\/wp\/v2\/media?parent=702"}],"wp:term":[{"taxonomy":"product_brand","embeddable":true,"href":"https:\/\/store.handsomecake.com\/en\/wp-json\/wp\/v2\/product_brand?post=702"},{"taxonomy":"product_cat","embeddable":true,"href":"https:\/\/store.handsomecake.com\/en\/wp-json\/wp\/v2\/product_cat?post=702"},{"taxonomy":"product_tag","embeddable":true,"href":"https:\/\/store.handsomecake.com\/en\/wp-json\/wp\/v2\/product_tag?post=702"}],"curies":[{"name":"wp","href":"https:\/\/api.w.org\/{rel}","templated":true}]}}