{"id":674,"date":"2020-09-26T20:28:53","date_gmt":"2020-09-26T20:28:53","guid":{"rendered":"https:\/\/store.handsomecake.com\/?post_type=product&#038;p=674"},"modified":"2025-08-27T11:25:21","modified_gmt":"2025-08-27T11:25:21","slug":"world-of-warcraft-maiev-shadowsong-resin-statue-vom-mayflies-studio","status":"publish","type":"product","link":"https:\/\/store.handsomecake.com\/en\/product\/world-of-warcraft-maiev-shadowsong-resin-statue-vom-mayflies-studio\/","title":{"rendered":"World of Warcraft &#8211; Maiev Shadowsong Resin Statue | von Mayflies Studio"},"content":{"rendered":"<p>Wundersch\u00f6ne Maiev vom Mayflies Studio<\/p>\n<p>Ma\u00dfe:<\/p>\n<p><strong>Mit Shadowspirit: <\/strong>Gr\u00f6\u00dfe und Gewicht (ca): 61cm (H) x 66cm (W) x 47cm (D) \/ 12.5kg<br \/>\nPreis: 400\u20ac Preorder \/ 1690\u20ac Release<\/p>\n<p><strong>Nur die J\u00e4gerin: <\/strong>Gr\u00f6\u00dfe und Gewicht (ca): 61cm (H) x 46cm (W) x 43cm (D) \/ 6kg<br \/>\nPreis: 400\u20ac Preorder \/ 1300\u20ac Release<\/p>\n<p>Voraussichtlicher Releasetermin: Q2-3 2021<\/p>\n<p>Voraussichtliche Verf\u00fcgbarkeit bei uns im Shop: November 2021<\/p>","protected":false},"excerpt":{"rendered":"<p>Wundersch\u00f6ne Maiev vom Mayflies Studio Ma\u00dfe: Mit Shadowspirit: Gr\u00f6\u00dfe und Gewicht (ca): 61cm (H) x 66cm (W) x 47cm (D) \/ 12.5kg Preis: 400\u20ac Preorder \/ 1690\u20ac Release Nur die J\u00e4gerin: Gr\u00f6\u00dfe und Gewicht (ca): 61cm (H) x 46cm (W) x 43cm (D) \/ 6kg Preis: 400\u20ac Preorder \/ 1300\u20ac Release Voraussichtlicher Releasetermin: Q2-3 2021 [&hellip;]<\/p>\n","protected":false},"featured_media":685,"comment_status":"open","ping_status":"closed","template":"","meta":[],"product_brand":[],"product_cat":[81,85],"product_tag":[147,155,156,154,137,131,104,103],"class_list":{"0":"post-674","1":"product","2":"type-product","3":"status-publish","4":"has-post-thumbnail","6":"product_cat-statuen-computerspieluniversum","7":"product_cat-warcraft","8":"product_tag-collectibles","9":"product_tag-maiev-shadowsong-collectible","10":"product_tag-maiev-shadowsong-resin","11":"product_tag-resin-collectibles","12":"product_tag-resin-statuen-kaufen","13":"product_tag-warcraft-resin-statue","14":"product_tag-world-of-warcraft-statuen","15":"product_tag-wow-statuen","16":"pa_brand-mayflies-studio","17":"pa_scale-1_to_5","19":"first","20":"outofstock","21":"taxable","22":"shipping-taxable","23":"product-type-variable","24":"has-default-attributes"},"_links":{"self":[{"href":"https:\/\/store.handsomecake.com\/en\/wp-json\/wp\/v2\/product\/674","targetHints":{"allow":["GET"]}}],"collection":[{"href":"https:\/\/store.handsomecake.com\/en\/wp-json\/wp\/v2\/product"}],"about":[{"href":"https:\/\/store.handsomecake.com\/en\/wp-json\/wp\/v2\/types\/product"}],"replies":[{"embeddable":true,"href":"https:\/\/store.handsomecake.com\/en\/wp-json\/wp\/v2\/comments?post=674"}],"wp:featuredmedia":[{"embeddable":true,"href":"https:\/\/store.handsomecake.com\/en\/wp-json\/wp\/v2\/media\/685"}],"wp:attachment":[{"href":"https:\/\/store.handsomecake.com\/en\/wp-json\/wp\/v2\/media?parent=674"}],"wp:term":[{"taxonomy":"product_brand","embeddable":true,"href":"https:\/\/store.handsomecake.com\/en\/wp-json\/wp\/v2\/product_brand?post=674"},{"taxonomy":"product_cat","embeddable":true,"href":"https:\/\/store.handsomecake.com\/en\/wp-json\/wp\/v2\/product_cat?post=674"},{"taxonomy":"product_tag","embeddable":true,"href":"https:\/\/store.handsomecake.com\/en\/wp-json\/wp\/v2\/product_tag?post=674"}],"curies":[{"name":"wp","href":"https:\/\/api.w.org\/{rel}","templated":true}]}}