{"id":665,"date":"2020-09-26T20:00:23","date_gmt":"2020-09-26T20:00:23","guid":{"rendered":"https:\/\/store.handsomecake.com\/?post_type=product&#038;p=665"},"modified":"2024-06-12T14:39:40","modified_gmt":"2024-06-12T14:39:40","slug":"world-of-warcraft-maiev-shadowsong-resin-statue-vom-windseeker-studio","status":"publish","type":"product","link":"https:\/\/store.handsomecake.com\/en\/product\/world-of-warcraft-maiev-shadowsong-resin-statue-vom-windseeker-studio\/","title":{"rendered":"World of Warcraft &#8211; Maiev Shadowsong | 1:4 Resin Statue | von Windseeker Studio"},"content":{"rendered":"<p>World of Warcraft &#8211; Maiev Shadowsong | 1:4 Resin Statue | von Windseeker Studio<br \/>\nEU Taxfree! I do ship EU-wide, please contact me, should questions arise.<\/p>\n<p>Tolle Statue unserer geliebten W\u00e4chterin<br \/>\nWunderbar verarbeitete und sehr detaillierte Maiev Shadowsong Statue aus Polystone &#8211; k\u00fcnstlichem Stein-Harz-Gemisch.<\/p>\n<p><strong>Besonderheiten:<\/strong><\/p>\n<ul>\n<li>keine<\/li>\n<li>150 St\u00fcck weltweit<\/li>\n<\/ul>\n<p><strong>Release-Status:<\/strong><\/p>\n<ul>\n<li>Released. Statue in ca. 90 ab Bestellzeitpunkt bei Euch.<\/li>\n<\/ul>\n<p>Wie immer bei meinen Artikeln &#8211; s\u00e4mtliche Geb\u00fchren sind, im Gegensatz zu anderen Angeboten, bereits inkludiert. Versand erfolgt ausschlie\u00dflich aus Deutschland, es fallen keine Zoll- und Importgeb\u00fchren an. Ihr kauft keine Katze im Sack \ud83d\ude42<\/p>\n<p>Ma\u00dfe der Statue:<br \/>\nGr\u00f6\u00dfe: 73cm x 65cm x 50cm<br \/>\nGewicht: TBA, gesch\u00e4tzt: ca. 24 kg<\/p>\n<p>You are not prepared! \ud83d\ude42<\/p>","protected":false},"excerpt":{"rendered":"<p>World of Warcraft &#8211; Maiev Shadowsong | 1:4 Resin Statue | von Windseeker Studio EU Taxfree! I do ship EU-wide, please contact me, should questions arise. Tolle Statue unserer geliebten W\u00e4chterin Wunderbar verarbeitete und sehr detaillierte Maiev Shadowsong Statue aus Polystone &#8211; k\u00fcnstlichem Stein-Harz-Gemisch. Besonderheiten: keine 150 St\u00fcck weltweit Release-Status: Released. Statue in ca. 90 [&hellip;]<\/p>\n","protected":false},"featured_media":10845,"comment_status":"open","ping_status":"closed","template":"","meta":[],"product_brand":[],"product_cat":[81,85,567],"product_tag":[612,666,717,794,640,658,479,147,251,1178,795,1294,1295,1296,1297,154,136,137,379,381,552,665,380,547,718,1298,224,104,239,103],"class_list":{"0":"post-665","1":"product","2":"type-product","3":"status-publish","4":"has-post-thumbnail","6":"product_cat-statuen-computerspieluniversum","7":"product_cat-warcraft","8":"product_cat-in_stock_warehouse_china","9":"product_tag-anime","10":"product_tag-anime-figuren-shop","11":"product_tag-anime-shop","12":"product_tag-anime-statue","13":"product_tag-anime-statuen","14":"product_tag-anime-toys","15":"product_tag-collectible","16":"product_tag-collectibles","17":"product_tag-collectibles-kaufen","18":"product_tag-for-the-horde","19":"product_tag-handsomecake","20":"product_tag-maiev","21":"product_tag-maiev-collectible","22":"product_tag-maiev-shadowsong","23":"product_tag-maiev-statue","24":"product_tag-resin-collectibles","25":"product_tag-resin-statuen","26":"product_tag-resin-statuen-kaufen","27":"product_tag-statue-collectible","28":"product_tag-statue-collectibles","29":"product_tag-statue-collector","30":"product_tag-statuen-shop","31":"product_tag-statues-collectible","32":"product_tag-statues-collector","33":"product_tag-toys","34":"product_tag-warcraft-nachtelfen","35":"product_tag-world-of-warcraft-collectibles","36":"product_tag-world-of-warcraft-statuen","37":"product_tag-wow-collectibles","38":"product_tag-wow-statuen","39":"pa_brand-windseeker-stormspace","40":"pa_scale-1_to_4","42":"first","43":"instock","44":"featured","45":"taxable","46":"shipping-taxable","47":"product-type-variable","48":"has-default-attributes"},"_links":{"self":[{"href":"https:\/\/store.handsomecake.com\/en\/wp-json\/wp\/v2\/product\/665","targetHints":{"allow":["GET"]}}],"collection":[{"href":"https:\/\/store.handsomecake.com\/en\/wp-json\/wp\/v2\/product"}],"about":[{"href":"https:\/\/store.handsomecake.com\/en\/wp-json\/wp\/v2\/types\/product"}],"replies":[{"embeddable":true,"href":"https:\/\/store.handsomecake.com\/en\/wp-json\/wp\/v2\/comments?post=665"}],"wp:featuredmedia":[{"embeddable":true,"href":"https:\/\/store.handsomecake.com\/en\/wp-json\/wp\/v2\/media\/10845"}],"wp:attachment":[{"href":"https:\/\/store.handsomecake.com\/en\/wp-json\/wp\/v2\/media?parent=665"}],"wp:term":[{"taxonomy":"product_brand","embeddable":true,"href":"https:\/\/store.handsomecake.com\/en\/wp-json\/wp\/v2\/product_brand?post=665"},{"taxonomy":"product_cat","embeddable":true,"href":"https:\/\/store.handsomecake.com\/en\/wp-json\/wp\/v2\/product_cat?post=665"},{"taxonomy":"product_tag","embeddable":true,"href":"https:\/\/store.handsomecake.com\/en\/wp-json\/wp\/v2\/product_tag?post=665"}],"curies":[{"name":"wp","href":"https:\/\/api.w.org\/{rel}","templated":true}]}}