{"id":6428,"date":"2021-10-05T11:12:53","date_gmt":"2021-10-05T11:12:53","guid":{"rendered":"https:\/\/store.handsomecake.com\/product\/dragon-ball-son-goku-super-saiyan-4-14-resin-statue-von-sky-top-studio\/"},"modified":"2024-07-27T01:25:29","modified_gmt":"2024-07-27T01:25:29","slug":"dragon-ball-son-goku-super-saiyan-4-14-resin-statue-von-sky-top-studio","status":"publish","type":"product","link":"https:\/\/store.handsomecake.com\/en\/product\/dragon-ball-son-goku-super-saiyan-4-14-resin-statue-von-sky-top-studio\/","title":{"rendered":"Dragon Ball &#8211; Son Goku Super Saiyan 4 | 1:6 Resin Statue | von Sky Top Studio"},"content":{"rendered":"<p>Dragon Ball &#8211; Son Goku Super Saiyan 4 &#8218; 1:6 Resin Statue &#8218; von Sky Top Studio<\/p>\n<p>I do ship EU-wide, please contact me, should questions arise.<br \/>\nTolle Statue von unserem geliebten Super Sayajin in seiner 4. Verwandlungsform<\/p>\n<p>Wunderbar verarbeitete und sehr detaillierte Goku Statue aus Polystone &#8211; k\u00fcnstlichem Stein-Harz-Gemisch.<\/p>\n<p>Besonderheiten:<\/p>\n<ul>\n<li>188 St\u00fcck weltweit<\/li>\n<\/ul>\n<p>Release-Status:<\/p>\n<ul>\n<li>Released. Ab Bestellzeitpunkt in ca. 3-4 Monaten bei euch.<\/li>\n<\/ul>\n<p>Wie immer bei meinen Aktionen &#8211; s\u00e4mtliche Geb\u00fchren sind, im Gegensatz zu anderen Angeboten, bereits inkludiert. Versand erfolgt ausschlie\u00dflich aus Deutschland, es fallen keine Zoll- und Importgeb\u00fchren an. Ihr kauft keine Katze im Sack \ud83d\ude42<\/p>\n<p>Ma\u00dfe der Statue:<br \/>\nGr\u00f6\u00dfe: ca. H41cm x W27cm x D29cm<br \/>\nGewicht: TBA, gesch\u00e4tzt 18kg<\/p>\n<p>You are not prepared! \ud83d\ude42<\/p>","protected":false},"excerpt":{"rendered":"<p>Dragon Ball &#8211; Son Goku Super Saiyan 4 &#8218; 1:6 Resin Statue &#8218; von Sky Top Studio I do ship EU-wide, please contact me, should questions arise. Tolle Statue von unserem geliebten Super Sayajin in seiner 4. Verwandlungsform Wunderbar verarbeitete und sehr detaillierte Goku Statue aus Polystone &#8211; k\u00fcnstlichem Stein-Harz-Gemisch. Besonderheiten: 188 St\u00fcck weltweit Release-Status: [&hellip;]<\/p>\n","protected":false},"featured_media":6429,"comment_status":"closed","ping_status":"closed","template":"","meta":[],"product_brand":[],"product_cat":[87,84,567],"product_tag":[612,663,664,666,717,794,662,640,658,479,147,251,738,190,191,171,740,97,741,739,795,154,255,136,137,736,624,735,623,737,379,381,552,665,380,382,547,718],"class_list":{"0":"post-6428","1":"product","2":"type-product","3":"status-publish","4":"has-post-thumbnail","6":"product_cat-dragon-ball","7":"product_cat-statuen-anime-comic-universum","8":"product_cat-in_stock_warehouse_china","9":"product_tag-anime","10":"product_tag-anime-figur-shop","11":"product_tag-anime-figuren-one-piece","12":"product_tag-anime-figuren-shop","13":"product_tag-anime-shop","14":"product_tag-anime-statue","15":"product_tag-anime-statue-shop","16":"product_tag-anime-statuen","17":"product_tag-anime-toys","18":"product_tag-collectible","19":"product_tag-collectibles","20":"product_tag-collectibles-kaufen","21":"product_tag-dragon-ball","22":"product_tag-dragon-ball-collectibles","23":"product_tag-dragon-ball-resin","24":"product_tag-dragon-ball-son-goku","25":"product_tag-dragon-ball-son-goku-toy","26":"product_tag-dragon-ball-statue","27":"product_tag-dragon-ball-statuen","28":"product_tag-dragon-ball-z","29":"product_tag-handsomecake","30":"product_tag-resin-collectibles","31":"product_tag-resin-collectibles-kaufen","32":"product_tag-resin-statuen","33":"product_tag-resin-statuen-kaufen","34":"product_tag-son-goku","35":"product_tag-son-goku-collectible","36":"product_tag-son-goku-figur","37":"product_tag-son-goku-figurine","38":"product_tag-son-goku-toys","39":"product_tag-statue-collectible","40":"product_tag-statue-collectibles","41":"product_tag-statue-collector","42":"product_tag-statuen-shop","43":"product_tag-statues-collectible","44":"product_tag-statues-collectibles","45":"product_tag-statues-collector","46":"product_tag-toys","47":"pa_brand-sky-top-studio","48":"pa_scale-1_to_6","50":"first","51":"instock","52":"taxable","53":"shipping-taxable","54":"product-type-variable"},"_links":{"self":[{"href":"https:\/\/store.handsomecake.com\/en\/wp-json\/wp\/v2\/product\/6428","targetHints":{"allow":["GET"]}}],"collection":[{"href":"https:\/\/store.handsomecake.com\/en\/wp-json\/wp\/v2\/product"}],"about":[{"href":"https:\/\/store.handsomecake.com\/en\/wp-json\/wp\/v2\/types\/product"}],"replies":[{"embeddable":true,"href":"https:\/\/store.handsomecake.com\/en\/wp-json\/wp\/v2\/comments?post=6428"}],"wp:featuredmedia":[{"embeddable":true,"href":"https:\/\/store.handsomecake.com\/en\/wp-json\/wp\/v2\/media\/6429"}],"wp:attachment":[{"href":"https:\/\/store.handsomecake.com\/en\/wp-json\/wp\/v2\/media?parent=6428"}],"wp:term":[{"taxonomy":"product_brand","embeddable":true,"href":"https:\/\/store.handsomecake.com\/en\/wp-json\/wp\/v2\/product_brand?post=6428"},{"taxonomy":"product_cat","embeddable":true,"href":"https:\/\/store.handsomecake.com\/en\/wp-json\/wp\/v2\/product_cat?post=6428"},{"taxonomy":"product_tag","embeddable":true,"href":"https:\/\/store.handsomecake.com\/en\/wp-json\/wp\/v2\/product_tag?post=6428"}],"curies":[{"name":"wp","href":"https:\/\/api.w.org\/{rel}","templated":true}]}}