{"id":642,"date":"2021-06-25T20:27:14","date_gmt":"2021-06-25T20:27:14","guid":{"rendered":"https:\/\/store.handsomecake.com\/?post_type=product&#038;p=642"},"modified":"2024-06-12T14:39:48","modified_gmt":"2024-06-12T14:39:48","slug":"catfish-studios-grom-hellscream-world-of-warcraft-resin-statue","status":"publish","type":"product","link":"https:\/\/store.handsomecake.com\/en\/product\/catfish-studios-grom-hellscream-world-of-warcraft-resin-statue\/","title":{"rendered":"World of Warcraft &#8211; Grom Hellscream Resin Statue | von CatFish Studios"},"content":{"rendered":"<p>F\u00fcr den wahren H\u00e4uptling der Horde h\u00e4ttet ihr doch nichts anderes als die absolute Superlative erwartet, nicht wahr?<\/p>\n<p>Auf einem fast 1m hohen Thron findet Grom Platz neben seinem treuen Begleiter, dem Blutschrei.<\/p>\n<p>Release-Status:<\/p>\n<ul>\n<li>Vor Ort lagernd<\/li>\n<\/ul>\n<p>Ma\u00dfe:<br \/>\nH55cm * W42cm*D35cm \/ H89cm * W78cm*D64cm<\/p>","protected":false},"excerpt":{"rendered":"<p>Ein wahres Monstrum von einer World of Warcraft Resin Statue des Ork-H\u00e4uptlings Grom &#8222;Grommash&#8220; Hellscream.<\/p>","protected":false},"featured_media":643,"comment_status":"open","ping_status":"closed","template":"","meta":[],"product_brand":[],"product_cat":[85,81,567],"product_tag":[612,663,794,662,640,658,129,130,151,147,251,150,149,148,795,830,829,154,136,137,379,381,665,380,382,718,131,224,104,103],"class_list":{"0":"post-642","1":"product","2":"type-product","3":"status-publish","4":"has-post-thumbnail","6":"product_cat-warcraft","7":"product_cat-statuen-computerspieluniversum","8":"product_cat-in_stock_warehouse_china","9":"product_tag-anime","10":"product_tag-anime-figur-shop","11":"product_tag-anime-statue","12":"product_tag-anime-statue-shop","13":"product_tag-anime-statuen","14":"product_tag-anime-toys","15":"product_tag-arthas-menethil-resin-statue","16":"product_tag-arthas-menethil-warcraft","17":"product_tag-catfish-studios","18":"product_tag-collectibles","19":"product_tag-collectibles-kaufen","20":"product_tag-grom-hellscream-catfish","21":"product_tag-grom-hellscream-resin","22":"product_tag-grom-hellscream-statue","23":"product_tag-handsomecake","24":"product_tag-lich-king","25":"product_tag-lich-king-statue","26":"product_tag-resin-collectibles","27":"product_tag-resin-statuen","28":"product_tag-resin-statuen-kaufen","29":"product_tag-statue-collectible","30":"product_tag-statue-collectibles","31":"product_tag-statuen-shop","32":"product_tag-statues-collectible","33":"product_tag-statues-collectibles","34":"product_tag-toys","35":"product_tag-warcraft-resin-statue","36":"product_tag-world-of-warcraft-collectibles","37":"product_tag-world-of-warcraft-statuen","38":"product_tag-wow-statuen","39":"pa_brand-cat-fish-studio","40":"pa_scale-1_to_4","42":"first","43":"outofstock","44":"featured","45":"taxable","46":"shipping-taxable","47":"product-type-simple"},"_links":{"self":[{"href":"https:\/\/store.handsomecake.com\/en\/wp-json\/wp\/v2\/product\/642","targetHints":{"allow":["GET"]}}],"collection":[{"href":"https:\/\/store.handsomecake.com\/en\/wp-json\/wp\/v2\/product"}],"about":[{"href":"https:\/\/store.handsomecake.com\/en\/wp-json\/wp\/v2\/types\/product"}],"replies":[{"embeddable":true,"href":"https:\/\/store.handsomecake.com\/en\/wp-json\/wp\/v2\/comments?post=642"}],"wp:featuredmedia":[{"embeddable":true,"href":"https:\/\/store.handsomecake.com\/en\/wp-json\/wp\/v2\/media\/643"}],"wp:attachment":[{"href":"https:\/\/store.handsomecake.com\/en\/wp-json\/wp\/v2\/media?parent=642"}],"wp:term":[{"taxonomy":"product_brand","embeddable":true,"href":"https:\/\/store.handsomecake.com\/en\/wp-json\/wp\/v2\/product_brand?post=642"},{"taxonomy":"product_cat","embeddable":true,"href":"https:\/\/store.handsomecake.com\/en\/wp-json\/wp\/v2\/product_cat?post=642"},{"taxonomy":"product_tag","embeddable":true,"href":"https:\/\/store.handsomecake.com\/en\/wp-json\/wp\/v2\/product_tag?post=642"}],"curies":[{"name":"wp","href":"https:\/\/api.w.org\/{rel}","templated":true}]}}