{"id":6396,"date":"2021-10-05T11:09:54","date_gmt":"2021-10-05T11:09:54","guid":{"rendered":"https:\/\/store.handsomecake.com\/product\/dragon-ball-z-cell-14-resin-statue-von-sculpting-soul-studio\/"},"modified":"2024-06-12T14:57:02","modified_gmt":"2024-06-12T14:57:02","slug":"dragon-ball-z-cell-14-resin-statue-von-sculpting-soul-studio","status":"publish","type":"product","link":"https:\/\/store.handsomecake.com\/en\/product\/dragon-ball-z-cell-14-resin-statue-von-sculpting-soul-studio\/","title":{"rendered":"Dragon Ball Z &#8211; Cell | 1:4 Resin Statue | von Sculpting Soul Studio"},"content":{"rendered":"<p>Dragon Ball Z &#8211; Cell &#8218; 1:4 Resin Statue &#8218; von Sculpting Soul Studio<\/p>\n<p>I do ship EU-wide, please contact me, should questions arise.<br \/>\nEU shipping costs are more an estimate and will be recalculated (and you will receive a refund, if shippings costs turn out to be lower in the end).<br \/>\nExample &#8211; some statues are stated as 58cm width. Until they arrive we can&#8217;t guarantee if its the width WITH packaging or without. If it&#8217;s WITH, we fit under the 60cm rule and if the weight is under 31.5kg as well, shipping will be as low as 43.86\u20ac (current DHL price), if the statue is over 60cm with packaging, we will need to engage a hauling company&#8230;<\/p>\n<p>Tolle Statue vom gef\u00fcrchteten Cyborg<\/p>\n<p>Wunderbar verarbeitete und sehr detaillierte Cell Statue aus Polystone &#8211; k\u00fcnstlichem Stein-Harz-Gemisch.<\/p>\n<p>Besonderheiten:<\/p>\n<ul>\n<li>hierbei handelt es sich ausschlie\u00dflich um die EX(klusive) Variante mit Hintergrundaura und Babycells<\/li>\n<li>Android 16 Kopf f\u00fcr den Sockel mit dabei<\/li>\n<li>166 St\u00fcck weltweit<\/li>\n<\/ul>\n<p>Release-Status:<\/p>\n<ul>\n<li>Vorbestellung, Release erwartet Ende Q3 2022, Collectible bei uns im Lager sch\u00e4tzungsweise Ende November 2022<\/li>\n<\/ul>\n<p>Wie immer bei meinen Aktionen &#8211; s\u00e4mtliche Geb\u00fchren sind, im Gegensatz zu anderen Angeboten, bereits inkludiert. Versand erfolgt ausschlie\u00dflich aus Deutschland, es fallen keine Zoll- und Importgeb\u00fchren an. Ihr kauft keine Katze im Sack \ud83d\ude42<\/p>\n<p>Preis-Hinweis:<br \/>\nSolltet ihr die Statue direkt \u00fcber unseren Online-Shop (einfach den Benutzernamen googeln) kaufen, so erhaltet ihr auf jeden Fall die Tiefstpreisgarantie &#8211; sollte beispielsweise der Versand, Zoll oder die Einfuhrumsatzsteuer am Ende, also wenn die Statue bei uns im Warenlager angekommen ist, geringer ausfallen, so leiten wir die Preisreduzierung 1:1 an euch weiter! Der Catfish Arthas war z.b. urspr\u00fcnglich f\u00fcr 1850\u20ac drin, Endpreis war 1569\u20ac.<\/p>\n<p>Ma\u00dfe der Statue:<br \/>\nGr\u00f6\u00dfe: ca. H53cm x W38cm x D32cm<br \/>\nGewicht: TBA, gesch\u00e4tzt 16.5kg<\/p>\n<p>You are not prepared! \ud83d\ude42<\/p>","protected":false},"excerpt":{"rendered":"<p>Dragon Ball Z &#8211; Cell &#8218; 1:4 Resin Statue &#8218; von Sculpting Soul Studio I do ship EU-wide, please contact me, should questions arise. EU shipping costs are more an estimate and will be recalculated (and you will receive a refund, if shippings costs turn out to be lower in the end). Example &#8211; some [&hellip;]<\/p>\n","protected":false},"featured_media":6397,"comment_status":"closed","ping_status":"closed","template":"","meta":[],"product_brand":[],"product_cat":[87,568,84],"product_tag":[612,663,664,666,717,794,662,640,658,1032,1033,1034,1035,1036,479,147,251,738,1030,1031,190,191,97,741,739,795,154,255,136,137,379,381,552,665,380,382,547,718],"class_list":{"0":"post-6396","1":"product","2":"type-product","3":"status-publish","4":"has-post-thumbnail","6":"product_cat-dragon-ball","7":"product_cat-preorder","8":"product_cat-statuen-anime-comic-universum","9":"product_tag-anime","10":"product_tag-anime-figur-shop","11":"product_tag-anime-figuren-one-piece","12":"product_tag-anime-figuren-shop","13":"product_tag-anime-shop","14":"product_tag-anime-statue","15":"product_tag-anime-statue-shop","16":"product_tag-anime-statuen","17":"product_tag-anime-toys","18":"product_tag-cell","19":"product_tag-cell-collectible","20":"product_tag-cell-figur","21":"product_tag-cell-figurine","22":"product_tag-cell-toys","23":"product_tag-collectible","24":"product_tag-collectibles","25":"product_tag-collectibles-kaufen","26":"product_tag-dragon-ball","27":"product_tag-dragon-ball-cell","28":"product_tag-dragon-ball-cell-toy","29":"product_tag-dragon-ball-collectibles","30":"product_tag-dragon-ball-resin","31":"product_tag-dragon-ball-statue","32":"product_tag-dragon-ball-statuen","33":"product_tag-dragon-ball-z","34":"product_tag-handsomecake","35":"product_tag-resin-collectibles","36":"product_tag-resin-collectibles-kaufen","37":"product_tag-resin-statuen","38":"product_tag-resin-statuen-kaufen","39":"product_tag-statue-collectible","40":"product_tag-statue-collectibles","41":"product_tag-statue-collector","42":"product_tag-statuen-shop","43":"product_tag-statues-collectible","44":"product_tag-statues-collectibles","45":"product_tag-statues-collector","46":"product_tag-toys","47":"pa_brand-sculpting-soul-studio","48":"pa_scale-1_to_4","50":"first","51":"instock","52":"taxable","53":"shipping-taxable","54":"product-type-variable"},"_links":{"self":[{"href":"https:\/\/store.handsomecake.com\/en\/wp-json\/wp\/v2\/product\/6396","targetHints":{"allow":["GET"]}}],"collection":[{"href":"https:\/\/store.handsomecake.com\/en\/wp-json\/wp\/v2\/product"}],"about":[{"href":"https:\/\/store.handsomecake.com\/en\/wp-json\/wp\/v2\/types\/product"}],"replies":[{"embeddable":true,"href":"https:\/\/store.handsomecake.com\/en\/wp-json\/wp\/v2\/comments?post=6396"}],"wp:featuredmedia":[{"embeddable":true,"href":"https:\/\/store.handsomecake.com\/en\/wp-json\/wp\/v2\/media\/6397"}],"wp:attachment":[{"href":"https:\/\/store.handsomecake.com\/en\/wp-json\/wp\/v2\/media?parent=6396"}],"wp:term":[{"taxonomy":"product_brand","embeddable":true,"href":"https:\/\/store.handsomecake.com\/en\/wp-json\/wp\/v2\/product_brand?post=6396"},{"taxonomy":"product_cat","embeddable":true,"href":"https:\/\/store.handsomecake.com\/en\/wp-json\/wp\/v2\/product_cat?post=6396"},{"taxonomy":"product_tag","embeddable":true,"href":"https:\/\/store.handsomecake.com\/en\/wp-json\/wp\/v2\/product_tag?post=6396"}],"curies":[{"name":"wp","href":"https:\/\/api.w.org\/{rel}","templated":true}]}}