{"id":6354,"date":"2021-10-03T23:49:29","date_gmt":"2021-10-03T23:49:29","guid":{"rendered":"https:\/\/store.handsomecake.com\/product\/marvel-x-men-wolverine-vs-sentinel-14-resin-statue-von-my-hero-studios\/"},"modified":"2024-06-12T14:56:58","modified_gmt":"2024-06-12T14:56:58","slug":"marvel-x-men-wolverine-vs-sentinel-14-resin-statue-von-my-hero-studios","status":"publish","type":"product","link":"https:\/\/store.handsomecake.com\/en\/product\/marvel-x-men-wolverine-vs-sentinel-14-resin-statue-von-my-hero-studios\/","title":{"rendered":"Marvel &#8211; X-Men Wolverine vs Sentinel | 1:4 Resin Statue | von My Hero Studios"},"content":{"rendered":"<p>Marvel &#8211; X-Men Wolverine vs Sentinel &#8218; 1:4 Resin Statue &#8218; von My Hero Studios<\/p>\n<p>EU Taxfree! I do ship EU-wide, please contact me, should questions arise.<br \/>\nEU shipping costs are more an estimate and will be recalculated (and you will receive a refund, if shippings costs turn out to be lower in the end).<br \/>\nExample &#8211; some statues are stated as 58cm width. Until they arrive we can&#8217;t guarantee if its the width WITH packaging or without. If it&#8217;s WITH, we fit under the 60cm rule and if the weight is under 31.5kg as well, shipping will be as low as 43.86\u20ac (current DHL price), if the statue is over 60cm with packaging, we will need to engage a hauling company&#8230;<\/p>\n<p>Tolle Statue unseres geliebten Krallenmutanten<\/p>\n<p>Wunderbar verarbeitete und sehr detaillierte Statue von Wolverine vs. Sentinel aus Polystone &#8211; k\u00fcnstlichem Stein-Harz-Gemisch.<\/p>\n<p>Besonderheiten:<\/p>\n<ul>\n<li>4 austauschbare K\u00f6pfe f\u00fcr Wolverine<\/li>\n<li>2 austauschbare rechte H\u00e4nde<\/li>\n<li>2 austauschbare Augenpositionen f\u00fcr den Sentinel<\/li>\n<li>50 St\u00fcck weltweit<\/li>\n<\/ul>\n<p>Release-Status:<\/p>\n<ul>\n<li>Preorder. Statue wird voraussichtlich Q3 2022 released. Wir erwarten sie bei uns im Lager gegen Ende Dezember 2022.<\/li>\n<\/ul>\n<p>Wie immer bei meinen Aktionen &#8211; s\u00e4mtliche Geb\u00fchren sind, im Gegensatz zu anderen Angeboten, bereits inkludiert. Versand erfolgt ausschlie\u00dflich aus Deutschland, es fallen keine Zoll- und Importgeb\u00fchren an. Ihr kauft keine Katze im Sack \ud83d\ude42<\/p>\n<p>Preis-Hinweis:<br \/>\nSolltet ihr die Statue direkt \u00fcber unseren Online-Shop (einfach den Benutzernamen googeln) kaufen, so erhaltet ihr auf jeden Fall die Tiefstpreisgarantie &#8211; sollte beispielsweise der Versand, Zoll oder die Einfuhrumsatzsteuer am Ende, also wenn die Statue bei uns im Warenlager angekommen ist, geringer ausfallen, so leiten wir die Preisreduzierung 1:1 an euch weiter! Der Catfish Arthas war z.b. urspr\u00fcnglich f\u00fcr 1850\u20ac drin, Endpreis war 1569\u20ac.<\/p>\n<p>Ma\u00dfe der Statue:<br \/>\nGr\u00f6\u00dfe: TBA<br \/>\nGewicht: TBA<\/p>\n<p>You are not prepared! \ud83d\ude42<\/p>","protected":false},"excerpt":{"rendered":"<p>Marvel &#8211; X-Men Wolverine vs Sentinel &#8218; 1:4 Resin Statue &#8218; von My Hero Studios EU Taxfree! I do ship EU-wide, please contact me, should questions arise. EU shipping costs are more an estimate and will be recalculated (and you will receive a refund, if shippings costs turn out to be lower in the end). [&hellip;]<\/p>\n","protected":false},"featured_media":6366,"comment_status":"closed","ping_status":"closed","template":"","meta":[],"product_brand":[],"product_cat":[269,568,84],"product_tag":[612,659,666,658,147,251,383,553,795,271,272,862,863,864,154,136,554,379,381,552,547,601,605,1022,870,1023,1024,865,867],"class_list":{"0":"post-6354","1":"product","2":"type-product","3":"status-publish","4":"has-post-thumbnail","6":"product_cat-marvel","7":"product_cat-preorder","8":"product_cat-statuen-anime-comic-universum","9":"product_tag-anime","10":"product_tag-anime-figuren","11":"product_tag-anime-figuren-shop","12":"product_tag-anime-toys","13":"product_tag-collectibles","14":"product_tag-collectibles-kaufen","15":"product_tag-collector","16":"product_tag-figure-collector","17":"product_tag-handsomecake","18":"product_tag-marvel","19":"product_tag-marvel-collectibles","20":"product_tag-marvel-collector","21":"product_tag-marvel-comics","22":"product_tag-marvel-comics-collectibles","23":"product_tag-resin-collectibles","24":"product_tag-resin-statuen","25":"product_tag-resin-statues","26":"product_tag-statue-collectible","27":"product_tag-statue-collectibles","28":"product_tag-statue-collector","29":"product_tag-statues-collector","30":"product_tag-wolverine","31":"product_tag-wolverine-statue","32":"product_tag-wolverine-toys","33":"product_tag-x-men-collectibles","34":"product_tag-x-men-wolverine","35":"product_tag-x-men-xforce","36":"product_tag-x-men","37":"product_tag-x-men-toys","38":"pa_brand-my-hero-studios","39":"pa_scale-1_to_4","41":"first","42":"instock","43":"taxable","44":"shipping-taxable","45":"product-type-variable"},"_links":{"self":[{"href":"https:\/\/store.handsomecake.com\/en\/wp-json\/wp\/v2\/product\/6354","targetHints":{"allow":["GET"]}}],"collection":[{"href":"https:\/\/store.handsomecake.com\/en\/wp-json\/wp\/v2\/product"}],"about":[{"href":"https:\/\/store.handsomecake.com\/en\/wp-json\/wp\/v2\/types\/product"}],"replies":[{"embeddable":true,"href":"https:\/\/store.handsomecake.com\/en\/wp-json\/wp\/v2\/comments?post=6354"}],"wp:featuredmedia":[{"embeddable":true,"href":"https:\/\/store.handsomecake.com\/en\/wp-json\/wp\/v2\/media\/6366"}],"wp:attachment":[{"href":"https:\/\/store.handsomecake.com\/en\/wp-json\/wp\/v2\/media?parent=6354"}],"wp:term":[{"taxonomy":"product_brand","embeddable":true,"href":"https:\/\/store.handsomecake.com\/en\/wp-json\/wp\/v2\/product_brand?post=6354"},{"taxonomy":"product_cat","embeddable":true,"href":"https:\/\/store.handsomecake.com\/en\/wp-json\/wp\/v2\/product_cat?post=6354"},{"taxonomy":"product_tag","embeddable":true,"href":"https:\/\/store.handsomecake.com\/en\/wp-json\/wp\/v2\/product_tag?post=6354"}],"curies":[{"name":"wp","href":"https:\/\/api.w.org\/{rel}","templated":true}]}}