{"id":6341,"date":"2021-10-03T23:48:37","date_gmt":"2021-10-03T23:48:37","guid":{"rendered":"https:\/\/store.handsomecake.com\/product\/marvel-iron-man-hulkbuster-14-resin-statue-von-nmk-studios\/"},"modified":"2024-06-12T14:56:54","modified_gmt":"2024-06-12T14:56:54","slug":"marvel-iron-man-hulkbuster-14-resin-statue-von-nmk-studios","status":"publish","type":"product","link":"https:\/\/store.handsomecake.com\/en\/product\/marvel-iron-man-hulkbuster-14-resin-statue-von-nmk-studios\/","title":{"rendered":"Marvel &#8211; Iron Man Hulkbuster | 1:3.5 Resin Statue | von NMK Studios"},"content":{"rendered":"<p>Marvel &#8211; Iron Man Hulkbuster &#8218; 1:4 Resin Statue &#8218; von NMK Studios<br \/>\nI do ship EU-wide, please contact me, should questions arise.<\/p>\n<p>Tolle Statue von unserem geliebten T\u00fcftler und seinem Hulkbuster-Anzug<\/p>\n<p>Wunderbar verarbeitete und sehr detaillierte Hulkbuster aus Polystone &#8211; k\u00fcnstlichem Stein-Harz-Gemisch.<\/p>\n<p>Besonderheiten:<\/p>\n<ul>\n<li>Ultimate-Version, die eigentlich 2 Statuen sind<\/li>\n<li>2 Sockel (Unterk\u00f6rper von Hulkbuster + gew\u00f6hnlicher Sockel)<\/li>\n<li>2 Torsos &#8211; Oberteil von intaktem Hulkbuster + zerst\u00f6rter Hulkbuster &amp; Iron Man<\/li>\n<li>2 austauschbare K\u00f6pfe f\u00fcr Iron Man &#8211; mit offenem und geschlossenem Visier<\/li>\n<li>LED wohin das Auge reicht \ud83d\ude42<\/li>\n<\/ul>\n<p>Release-Status:<\/p>\n<ul>\n<li>Vorbestellung, Release erwartet Ende Q4 2022, Collectible bei uns im Lager sch\u00e4tzungsweise Ende Februar 2023<\/li>\n<\/ul>\n<p>Wie immer bei meinen Aktionen &#8211; s\u00e4mtliche Geb\u00fchren sind, im Gegensatz zu anderen Angeboten, bereits inkludiert. Versand erfolgt ausschlie\u00dflich aus Deutschland, es fallen keine Zoll- und Importgeb\u00fchren an. Ihr kauft keine Katze im Sack \ud83d\ude42<\/p>\n<p>Ma\u00dfe der Statue:<br \/>\nGr\u00f6\u00dfe:<br \/>\nH\u00f6he Hulkbuster standalone &#8211; 53 cm<br \/>\nH\u00f6he Ironman &#8211; 47cm<br \/>\nH\u00f6he damaged Hulkbuster + Ironman &#8211; 70cm<br \/>\nGewicht: TBA<\/p>\n<p>You are not prepared! \ud83d\ude42<\/p>","protected":false},"excerpt":{"rendered":"<p>Marvel &#8211; Iron Man Hulkbuster &#8218; 1:4 Resin Statue &#8218; von NMK Studios I do ship EU-wide, please contact me, should questions arise. Tolle Statue von unserem geliebten T\u00fcftler und seinem Hulkbuster-Anzug Wunderbar verarbeitete und sehr detaillierte Hulkbuster aus Polystone &#8211; k\u00fcnstlichem Stein-Harz-Gemisch. Besonderheiten: Ultimate-Version, die eigentlich 2 Statuen sind 2 Sockel (Unterk\u00f6rper von Hulkbuster [&hellip;]<\/p>\n","protected":false},"featured_media":6342,"comment_status":"closed","ping_status":"closed","template":"","meta":[],"product_brand":[],"product_cat":[269,84,567],"product_tag":[612,659,666,658,1014,1021,147,251,383,553,795,1016,1019,1017,1018,271,272,862,863,864,1020,154,136,554,379,381,552,547],"class_list":{"0":"post-6341","1":"product","2":"type-product","3":"status-publish","4":"has-post-thumbnail","6":"product_cat-marvel","7":"product_cat-statuen-anime-comic-universum","8":"product_cat-in_stock_warehouse_china","9":"product_tag-anime","10":"product_tag-anime-figuren","11":"product_tag-anime-figuren-shop","12":"product_tag-anime-toys","13":"product_tag-avengers","14":"product_tag-avengers-ironman","15":"product_tag-collectibles","16":"product_tag-collectibles-kaufen","17":"product_tag-collector","18":"product_tag-figure-collector","19":"product_tag-handsomecake","20":"product_tag-ironman","21":"product_tag-ironman-collectibles","22":"product_tag-ironman-statue","23":"product_tag-ironman-toys","24":"product_tag-marvel","25":"product_tag-marvel-collectibles","26":"product_tag-marvel-collector","27":"product_tag-marvel-comics","28":"product_tag-marvel-comics-collectibles","29":"product_tag-marvel-ironman","30":"product_tag-resin-collectibles","31":"product_tag-resin-statuen","32":"product_tag-resin-statues","33":"product_tag-statue-collectible","34":"product_tag-statue-collectibles","35":"product_tag-statue-collector","36":"product_tag-statues-collector","37":"pa_brand-nmk-studios","38":"pa_scale-1_to_3_5","40":"first","41":"outofstock","42":"taxable","43":"shipping-taxable","44":"product-type-simple"},"_links":{"self":[{"href":"https:\/\/store.handsomecake.com\/en\/wp-json\/wp\/v2\/product\/6341","targetHints":{"allow":["GET"]}}],"collection":[{"href":"https:\/\/store.handsomecake.com\/en\/wp-json\/wp\/v2\/product"}],"about":[{"href":"https:\/\/store.handsomecake.com\/en\/wp-json\/wp\/v2\/types\/product"}],"replies":[{"embeddable":true,"href":"https:\/\/store.handsomecake.com\/en\/wp-json\/wp\/v2\/comments?post=6341"}],"wp:featuredmedia":[{"embeddable":true,"href":"https:\/\/store.handsomecake.com\/en\/wp-json\/wp\/v2\/media\/6342"}],"wp:attachment":[{"href":"https:\/\/store.handsomecake.com\/en\/wp-json\/wp\/v2\/media?parent=6341"}],"wp:term":[{"taxonomy":"product_brand","embeddable":true,"href":"https:\/\/store.handsomecake.com\/en\/wp-json\/wp\/v2\/product_brand?post=6341"},{"taxonomy":"product_cat","embeddable":true,"href":"https:\/\/store.handsomecake.com\/en\/wp-json\/wp\/v2\/product_cat?post=6341"},{"taxonomy":"product_tag","embeddable":true,"href":"https:\/\/store.handsomecake.com\/en\/wp-json\/wp\/v2\/product_tag?post=6341"}],"curies":[{"name":"wp","href":"https:\/\/api.w.org\/{rel}","templated":true}]}}