{"id":612,"date":"2020-09-23T00:17:03","date_gmt":"2020-09-23T00:17:03","guid":{"rendered":"https:\/\/store.handsomecake.com\/?post_type=product&#038;p=612"},"modified":"2024-06-12T14:39:52","modified_gmt":"2024-06-12T14:39:52","slug":"world-of-warcraft-arthas-menethil-paladin-frostmourne-statue-von-noah-studios","status":"publish","type":"product","link":"https:\/\/store.handsomecake.com\/en\/product\/world-of-warcraft-arthas-menethil-paladin-frostmourne-statue-von-noah-studios\/","title":{"rendered":"World of Warcraft &#8211; Arthas Menethil | Paladin &#038; Frostmourne Statue | von Noah Studios"},"content":{"rendered":"<p><strong>Achtung! Preorder!<\/strong><\/p>\n<p>World of Warcraft &#8211; Arthas Menethil | Arthas Menethil | Paladin &amp; Frostmourne Statue | von Noah Studios.<br \/>\nGewicht noch unklar, Richtwerte:<\/p>\n<ul>\n<li>DHL bis 31.5 kg &#8211; 16.08 \u20ac<\/li>\n<li>bei ca. 30kg Speditionsversand innerhalb Deutschlands ca. 80 \u20ac<\/li>\n<\/ul>\n<p>I do ship EU-wide, please contact me, should questions arise.<\/p>\n<p>Wunderbar verarbeitete und sehr detaillierte Arthas Menethil Statue aus Polystone &#8211; k\u00fcnstlichem Stein-Harz-Gemisch.<\/p>\n<p><strong>Besonderheiten:<\/strong><\/p>\n<ul>\n<li>2 Waffen &#8211; Paladinhammer und Frostmourne<\/li>\n<li>Austauschbare linke Schulterplatte<\/li>\n<\/ul>\n<p>Wie immer bei meinen Artikeln &#8211; s\u00e4mtliche Geb\u00fchren sind, im Gegensatz zu anderen Angeboten, bereits inkludiert. Versand erfolgt ausschlie\u00dflich aus Deutschland, es fallen keine Zoll- und Importgeb\u00fchren an. Ihr kauft keine Katze im Sack \ud83d\ude42<\/p>\n<p>Ma\u00dfe der Statue:<br \/>\n52cm x 38cm x 38cm<br \/>\nGewicht:<br \/>\n(voraussichtlich) 18.5kg<\/p>\n<p>You are not prepared! \ud83d\ude42<\/p>","protected":false},"excerpt":{"rendered":"<p>Achtung! Preorder! World of Warcraft &#8211; Arthas Menethil | Arthas Menethil | Paladin &amp; Frostmourne Statue | von Noah Studios. Gewicht noch unklar, Richtwerte: DHL bis 31.5 kg &#8211; 16.08 \u20ac bei ca. 30kg Speditionsversand innerhalb Deutschlands ca. 80 \u20ac I do ship EU-wide, please contact me, should questions arise. Wunderbar verarbeitete und sehr detaillierte [&hellip;]<\/p>\n","protected":false},"featured_media":621,"comment_status":"closed","ping_status":"closed","template":"","meta":[],"product_brand":[],"product_cat":[81,826,85,567],"product_tag":[129,130,141,142,140,128,131],"class_list":{"0":"post-612","1":"product","2":"type-product","3":"status-publish","4":"has-post-thumbnail","6":"product_cat-statuen-computerspieluniversum","7":"product_cat-lagernd-vor-ort","8":"product_cat-warcraft","9":"product_cat-in_stock_warehouse_china","10":"product_tag-arthas-menethil-resin-statue","11":"product_tag-arthas-menethil-warcraft","12":"product_tag-arthas-paladin-statue","13":"product_tag-arthas-resin","14":"product_tag-preorder","15":"product_tag-vorbestellung","16":"product_tag-warcraft-resin-statue","17":"pa_brand-noah-studios","18":"pa_scale-1_to_4","20":"first","21":"instock","22":"taxable","23":"shipping-taxable","24":"product-type-simple"},"_links":{"self":[{"href":"https:\/\/store.handsomecake.com\/en\/wp-json\/wp\/v2\/product\/612","targetHints":{"allow":["GET"]}}],"collection":[{"href":"https:\/\/store.handsomecake.com\/en\/wp-json\/wp\/v2\/product"}],"about":[{"href":"https:\/\/store.handsomecake.com\/en\/wp-json\/wp\/v2\/types\/product"}],"replies":[{"embeddable":true,"href":"https:\/\/store.handsomecake.com\/en\/wp-json\/wp\/v2\/comments?post=612"}],"wp:featuredmedia":[{"embeddable":true,"href":"https:\/\/store.handsomecake.com\/en\/wp-json\/wp\/v2\/media\/621"}],"wp:attachment":[{"href":"https:\/\/store.handsomecake.com\/en\/wp-json\/wp\/v2\/media?parent=612"}],"wp:term":[{"taxonomy":"product_brand","embeddable":true,"href":"https:\/\/store.handsomecake.com\/en\/wp-json\/wp\/v2\/product_brand?post=612"},{"taxonomy":"product_cat","embeddable":true,"href":"https:\/\/store.handsomecake.com\/en\/wp-json\/wp\/v2\/product_cat?post=612"},{"taxonomy":"product_tag","embeddable":true,"href":"https:\/\/store.handsomecake.com\/en\/wp-json\/wp\/v2\/product_tag?post=612"}],"curies":[{"name":"wp","href":"https:\/\/api.w.org\/{rel}","templated":true}]}}