{"id":595,"date":"2020-09-18T02:14:02","date_gmt":"2020-09-18T02:14:02","guid":{"rendered":"https:\/\/store.handsomecake.com\/product\/world-of-warcraft-illidan-stormrage-sturmgrimm-statue-angriffshaltung\/"},"modified":"2024-06-12T14:29:29","modified_gmt":"2024-06-12T14:29:29","slug":"world-of-warcraft-illidan-stormrage-sturmgrimm-statue-angriffshaltung","status":"publish","type":"product","link":"https:\/\/store.handsomecake.com\/en\/product\/world-of-warcraft-illidan-stormrage-sturmgrimm-statue-angriffshaltung\/","title":{"rendered":"World of Warcraft &#8211; Illidan Stormrage (Sturmgrimm) Statue | vom AL Studio"},"content":{"rendered":"<p><span style=\"font-family: Verdana;\">World of Warcraft &#8211; Illidan Stormrage (Sturmgrimm) Statue | vom AL Studio . Versand mit DHL Paket bis 31.5 kg (11.5 kg Statue)<\/span><\/p>\n<div><span style=\"font-family: Verdana;\">\u00a0<\/span><\/div>\n<div><span style=\"font-family: Verdana;\"><b>I do ship EU-wide, please contact me, should questions arise.<\/b><\/span><\/div>\n<div><\/div>\n<div>\n<div><span style=\"font-family: Verdana;\"><b>Update 22.10.2020 &#8211; Ware vor Ort lagernd und versandbereit innerhalb von 3 Werktagen.<\/b><\/span><\/div>\n<div><span style=\"font-family: Verdana;\"><b>Bei dieser Statue profitiert ihr bereits von unserer Tiefpreisgarantie. Statt dem originalen Preis von 1412\u20ac konnten wir durch geschicktes Verschicken sage und schreibe 270 \u20ac einsparen, welche wir 1:1 direkt an euch weiterleiten.<\/b><\/span><\/div>\n<\/div>\n<div><\/div>\n<p><span style=\"font-family: Verdana; font-size: large;\"><b><u>Eine wahnsinnig detaillierte und gro\u00dfe World of Warcraft Illidan Statue<\/u><\/b><\/span><\/p>\n<div><\/div>\n<div><span style=\"font-family: Verdana; font-size: large;\">Wunderbar verarbeitete Illidan Stormrage (Sturmgrimm) Statue. Bei diesem Artikel handelt es sich um die &#8222;Purple Version&#8220;, also nicht die dunkle D\u00e4monenversion.<\/span><\/div>\n<div><span style=\"font-family: Verdana; font-size: large;\">\u00a0<\/span><\/div>\n<div><span style=\"font-family: Verdana; font-size: large;\">Allgemein gibt es diese Statue in 2 Versionen, einmal mit dem ernsten Gesicht und D\u00e4monenh\u00e4nden, welche den Sch\u00e4del von Gul&#8217;dan halten und einmal mit dem ver\u00e4rgerten Gesicht und Gleven.<\/span><\/div>\n<div><span style=\"font-family: Verdana; font-size: large;\">\u00a0<\/span><\/div>\n<div><span style=\"font-family: Verdana; font-size: large;\">Falls ihr die D\u00e4monenversion oder eine Deluxe-Version, bei der beide Oberk\u00f6rperteile dabei sind (Unterk\u00f6rperteil ist dann trotzdem nur eins dabei, f\u00fcr das Extra-Oberk\u00f6rperteil wird jedoch eine zus\u00e4tzliche Halterung geliefert, sh. auch Bilder) wollt, schreibt mich bitte zuerst an. F\u00fcr die Deluxe-Version kommen 379\u20ac Aufschlag.<\/span><\/div>\n<div><span style=\"font-family: Verdana; font-size: large;\">\u00a0<\/span><\/div>\n<div><span style=\"font-family: Verdana; font-size: large;\">(vorl\u00e4ufige) Ma\u00dfe der Statue:<\/span><\/div>\n<div><span style=\"font-family: Verdana; font-size: large;\">58cm x 80cm x 59cm<\/span><\/div>\n<div><span style=\"font-family: Verdana; font-size: large;\">Gewicht:<\/span><\/div>\n<div><span style=\"font-family: Verdana; font-size: large;\">11.5kg<\/span><\/div>\n<div><span style=\"font-family: Verdana; font-size: large;\">\u00a0<\/span><\/div>\n<div><b>You are not prepared! \ud83d\ude42<\/b><\/div>\n<div><\/div>\n<div><b>\u00a0<\/b><\/div>\n<div><b>We do ship worldwide!<\/b><\/div>","protected":false},"excerpt":{"rendered":"<p>World of Warcraft &#8211; Illidan Stormrage (Sturmgrimm) Statue | vom AL Studio . Versand mit DHL Paket bis 31.5 kg (11.5 kg Statue) \u00a0 I do ship EU-wide, please contact me, should questions arise. Update 22.10.2020 &#8211; Ware vor Ort lagernd und versandbereit innerhalb von 3 Werktagen. Bei dieser Statue profitiert ihr bereits von unserer [&hellip;]<\/p>\n","protected":false},"featured_media":596,"comment_status":"closed","ping_status":"closed","template":"","meta":[],"product_brand":[],"product_cat":[85,81,567],"product_tag":[134,135,139,138,136,137],"class_list":{"0":"post-595","1":"product","2":"type-product","3":"status-publish","4":"has-post-thumbnail","6":"product_cat-warcraft","7":"product_cat-statuen-computerspieluniversum","8":"product_cat-in_stock_warehouse_china","9":"product_tag-al-studio","10":"product_tag-al-studio-resin","11":"product_tag-illidan-stormrage-resin","12":"product_tag-illidan-stormrage-statue","13":"product_tag-resin-statuen","14":"product_tag-resin-statuen-kaufen","15":"pa_brand-al-studio","16":"pa_scale-1_to_4","18":"first","19":"outofstock","20":"sale","21":"product-type-simple"},"_links":{"self":[{"href":"https:\/\/store.handsomecake.com\/en\/wp-json\/wp\/v2\/product\/595","targetHints":{"allow":["GET"]}}],"collection":[{"href":"https:\/\/store.handsomecake.com\/en\/wp-json\/wp\/v2\/product"}],"about":[{"href":"https:\/\/store.handsomecake.com\/en\/wp-json\/wp\/v2\/types\/product"}],"replies":[{"embeddable":true,"href":"https:\/\/store.handsomecake.com\/en\/wp-json\/wp\/v2\/comments?post=595"}],"wp:featuredmedia":[{"embeddable":true,"href":"https:\/\/store.handsomecake.com\/en\/wp-json\/wp\/v2\/media\/596"}],"wp:attachment":[{"href":"https:\/\/store.handsomecake.com\/en\/wp-json\/wp\/v2\/media?parent=595"}],"wp:term":[{"taxonomy":"product_brand","embeddable":true,"href":"https:\/\/store.handsomecake.com\/en\/wp-json\/wp\/v2\/product_brand?post=595"},{"taxonomy":"product_cat","embeddable":true,"href":"https:\/\/store.handsomecake.com\/en\/wp-json\/wp\/v2\/product_cat?post=595"},{"taxonomy":"product_tag","embeddable":true,"href":"https:\/\/store.handsomecake.com\/en\/wp-json\/wp\/v2\/product_tag?post=595"}],"curies":[{"name":"wp","href":"https:\/\/api.w.org\/{rel}","templated":true}]}}