{"id":5932,"date":"2021-09-27T14:30:47","date_gmt":"2021-09-27T14:30:47","guid":{"rendered":"https:\/\/store.handsomecake.com\/product\/bleach-ichigo-kurosaki-11-resin-lifesize-bust-von-evil-studio\/"},"modified":"2024-06-12T14:56:44","modified_gmt":"2024-06-12T14:56:44","slug":"bleach-ichigo-kurosaki-11-resin-lifesize-bust-von-evil-studio","status":"publish","type":"product","link":"https:\/\/store.handsomecake.com\/en\/product\/bleach-ichigo-kurosaki-11-resin-lifesize-bust-von-evil-studio\/","title":{"rendered":"Bleach &#8211; Ichigo Kurosaki | 1:1 Resin Lifesize Bust | von Evil Studio"},"content":{"rendered":"<p>Bleach &#8211; Ichigo Kurosaki &#8218; 1:1 Resin Lifesize Bust &#8218; von Evil Studio<br \/>\nEU Taxfree! I do ship EU-wide, please contact me, should questions arise.<\/p>\n<p>Tolle Statue des ber\u00fchmten (Ersatz-) Shinigami<br \/>\nWunderbar verarbeitete und sehr detaillierte Statue von Ichigo aus Polystone &#8211; k\u00fcnstlichem Stein-Harz-Gemisch.<\/p>\n<p>Besonderheiten:<\/p>\n<ul>\n<li>1:1 Variante (es gibt noch 1:2)<\/li>\n<li>Schwarze Variante (es gibt noch eine wei\u00dfe)<\/li>\n<\/ul>\n<p>Release-Status:<\/p>\n<ul>\n<li>In Stock<\/li>\n<\/ul>\n<p>Wie immer bei meinen Artikeln &#8211; s\u00e4mtliche Geb\u00fchren sind, im Gegensatz zu anderen Angeboten, bereits inkludiert. Versand erfolgt ausschlie\u00dflich aus Deutschland, es fallen keine Zoll- und Importgeb\u00fchren an. Ihr kauft keine Katze im Sack \ud83d\ude42<\/p>\n<p>Ma\u00dfe der Statue:<br \/>\nGr\u00f6\u00dfe: ca. 100cm x 100cm x 70cm<br \/>\nGewicht: ca. 22kg (gesch\u00e4tzt)<\/p>\n<p>You are not prepared! \ud83d\ude42<\/p>","protected":false},"excerpt":{"rendered":"<p>Bleach &#8211; Ichigo Kurosaki &#8218; 1:1 Resin Lifesize Bust &#8218; von Evil Studio EU Taxfree! I do ship EU-wide, please contact me, should questions arise. Tolle Statue des ber\u00fchmten (Ersatz-) Shinigami Wunderbar verarbeitete und sehr detaillierte Statue von Ichigo aus Polystone &#8211; k\u00fcnstlichem Stein-Harz-Gemisch. Besonderheiten: 1:1 Variante (es gibt noch 1:2) Schwarze Variante (es gibt [&hellip;]<\/p>\n","protected":false},"featured_media":5933,"comment_status":"closed","ping_status":"closed","template":"","meta":[],"product_brand":[],"product_cat":[826,184,84,567],"product_tag":[612,659,666,658,991,992,995,993,994,996,147,251,383,553,795,997,998,999,1000,1001,514,469,470,154,136,554,379,381,552,547],"class_list":{"0":"post-5932","1":"product","2":"type-product","3":"status-publish","4":"has-post-thumbnail","6":"product_cat-lagernd-vor-ort","7":"product_cat-sonstige-resin-statuen","8":"product_cat-statuen-anime-comic-universum","9":"product_cat-in_stock_warehouse_china","10":"product_tag-anime","11":"product_tag-anime-figuren","12":"product_tag-anime-figuren-shop","13":"product_tag-anime-toys","14":"product_tag-bleach-statue","15":"product_tag-bleach-collectibles","16":"product_tag-bleach","17":"product_tag-bleach-resin","18":"product_tag-bleach-statues","19":"product_tag-bleach-toys","20":"product_tag-collectibles","21":"product_tag-collectibles-kaufen","22":"product_tag-collector","23":"product_tag-figure-collector","24":"product_tag-handsomecake","25":"product_tag-ichigo-kurosaki","26":"product_tag-ichigo-kurosaki-collectibles","27":"product_tag-ichigo-kurosaki-resin","28":"product_tag-ichigo-kurosaki-statues","29":"product_tag-ichigo-kurosaki-toys","30":"product_tag-lifesize","31":"product_tag-lifesize-collectibles","32":"product_tag-lifesize-statuen","33":"product_tag-resin-collectibles","34":"product_tag-resin-statuen","35":"product_tag-resin-statues","36":"product_tag-statue-collectible","37":"product_tag-statue-collectibles","38":"product_tag-statue-collector","39":"product_tag-statues-collector","40":"pa_brand-evil-studio","41":"pa_scale-1_to_1","43":"first","44":"outofstock","45":"taxable","46":"shipping-taxable","47":"product-type-simple"},"_links":{"self":[{"href":"https:\/\/store.handsomecake.com\/en\/wp-json\/wp\/v2\/product\/5932","targetHints":{"allow":["GET"]}}],"collection":[{"href":"https:\/\/store.handsomecake.com\/en\/wp-json\/wp\/v2\/product"}],"about":[{"href":"https:\/\/store.handsomecake.com\/en\/wp-json\/wp\/v2\/types\/product"}],"replies":[{"embeddable":true,"href":"https:\/\/store.handsomecake.com\/en\/wp-json\/wp\/v2\/comments?post=5932"}],"wp:featuredmedia":[{"embeddable":true,"href":"https:\/\/store.handsomecake.com\/en\/wp-json\/wp\/v2\/media\/5933"}],"wp:attachment":[{"href":"https:\/\/store.handsomecake.com\/en\/wp-json\/wp\/v2\/media?parent=5932"}],"wp:term":[{"taxonomy":"product_brand","embeddable":true,"href":"https:\/\/store.handsomecake.com\/en\/wp-json\/wp\/v2\/product_brand?post=5932"},{"taxonomy":"product_cat","embeddable":true,"href":"https:\/\/store.handsomecake.com\/en\/wp-json\/wp\/v2\/product_cat?post=5932"},{"taxonomy":"product_tag","embeddable":true,"href":"https:\/\/store.handsomecake.com\/en\/wp-json\/wp\/v2\/product_tag?post=5932"}],"curies":[{"name":"wp","href":"https:\/\/api.w.org\/{rel}","templated":true}]}}