{"id":5918,"date":"2021-09-27T14:29:11","date_gmt":"2021-09-27T14:29:11","guid":{"rendered":"https:\/\/store.handsomecake.com\/product\/bayonetta-bayonetta-14-resin-statue-von-acy-ft-force-studios\/"},"modified":"2024-06-12T14:56:36","modified_gmt":"2024-06-12T14:56:36","slug":"bayonetta-bayonetta-14-resin-statue-von-acy-ft-force-studios","status":"publish","type":"product","link":"https:\/\/store.handsomecake.com\/en\/product\/bayonetta-bayonetta-14-resin-statue-von-acy-ft-force-studios\/","title":{"rendered":"Bayonetta &#8211; Bayonetta | 1:6 Resin Statue | von Acy ft. Force Studios"},"content":{"rendered":"<p>Bayonetta &#8211; Bayonetta &#8218; 1:6 Resin Statue &#8218; von Acy ft. Force Studios<\/p>\n<p>EU Taxfree! I do ship EU-wide, please contact me, should questions arise.<br \/>\nEU shipping costs are more an estimate and will be recalculated (and you will receive a refund, if shippings costs turn out to be lower in the end).<br \/>\nExample &#8211; some statues are stated as 58cm width. Until they arrive we can&#8217;t guarantee if its the width WITH packaging or without. If it&#8217;s WITH, we fit under the 60cm rule and if the weight is under 31.5kg as well, shipping will be as low as 43.86\u20ac (current DHL price), if the statue is over 60cm with packaging, we will need to engage a hauling company&#8230;<\/p>\n<p>Tolle Statue des ger\u00fchmten Hexte und Gestaltwandlerin<\/p>\n<p>Wunderbar verarbeitete und sehr detaillierte Statue von Bayonetta aus Polystone &#8211; k\u00fcnstlichem Stein-Harz-Gemisch.<\/p>\n<p>Besonderheiten:<\/p>\n<ul>\n<li>EX Variante mit abnehmbarem Top<\/li>\n<li>Es gibt noch eine Variante komplett ohne Bekleidung, ich bitte um einen entsprechenden Kommentar bei der Bestellung<\/li>\n<\/ul>\n<p>Release-Status:<\/p>\n<ul>\n<li>Preorder. Statue wird voraussichtlich Q1 2022 erscheinen und wir erwarten sie voraussichtlich Ende Mai 2022 im Warenlager.<\/li>\n<\/ul>\n<p>Wie immer bei meinen Artikeln &#8211; s\u00e4mtliche Geb\u00fchren sind, im Gegensatz zu anderen Angeboten, bereits inkludiert. Versand erfolgt ausschlie\u00dflich aus Deutschland, es fallen keine Zoll- und Importgeb\u00fchren an. Ihr kauft keine Katze im Sack \ud83d\ude42<\/p>\n<p>Preis-Hinweis:<br \/>\nSolltet ihr die Statue direkt \u00fcber unseren Online-Shop (einfach den Benutzernamen googeln) kaufen, so erhaltet ihr auf jeden Fall die Tiefstpreisgarantie &#8211; sollte beispielsweise der Versand, Zoll oder die Einfuhrumsatzsteuer am Ende, also wenn die Statue bei uns im Warenlager angekommen ist, geringer ausfallen, so leiten wir die Preisreduzierung 1:1 an euch weiter! Der Catfish Arthas war z.b. urspr\u00fcnglich f\u00fcr 1850\u20ac drin, Endpreis war 1569\u20ac.<\/p>\n<p>Ma\u00dfe der Statue:<br \/>\nGr\u00f6\u00dfe: ca. 47cm x 40cm x 39cm<br \/>\nGewicht: ca. 12kg (gesch\u00e4tzt)<\/p>\n<p>You are not prepared! \ud83d\ude42<\/p>","protected":false},"excerpt":{"rendered":"<p>Bayonetta &#8211; Bayonetta &#8218; 1:6 Resin Statue &#8218; von Acy ft. Force Studios EU Taxfree! I do ship EU-wide, please contact me, should questions arise. EU shipping costs are more an estimate and will be recalculated (and you will receive a refund, if shippings costs turn out to be lower in the end). Example &#8211; [&hellip;]<\/p>\n","protected":false},"featured_media":5919,"comment_status":"closed","ping_status":"closed","template":"","meta":[],"product_brand":[],"product_cat":[568,184],"product_tag":[612,659,666,658,989,986,987,985,988,990,147,251,383,553,795,154,136,554,379,381,552,547],"class_list":{"0":"post-5918","1":"product","2":"type-product","3":"status-publish","4":"has-post-thumbnail","6":"product_cat-preorder","7":"product_cat-sonstige-resin-statuen","8":"product_tag-anime","9":"product_tag-anime-figuren","10":"product_tag-anime-figuren-shop","11":"product_tag-anime-toys","12":"product_tag-bayonetta","13":"product_tag-bayonetta-collectibles","14":"product_tag-bayonetta-resin","15":"product_tag-bayonetta-statue","16":"product_tag-bayonetta-statues","17":"product_tag-bayonetta-toys","18":"product_tag-collectibles","19":"product_tag-collectibles-kaufen","20":"product_tag-collector","21":"product_tag-figure-collector","22":"product_tag-handsomecake","23":"product_tag-resin-collectibles","24":"product_tag-resin-statuen","25":"product_tag-resin-statues","26":"product_tag-statue-collectible","27":"product_tag-statue-collectibles","28":"product_tag-statue-collector","29":"product_tag-statues-collector","30":"pa_brand-acy-studio","31":"pa_brand-force-studio","32":"pa_scale-1_to_6","34":"first","35":"outofstock","36":"taxable","37":"shipping-taxable","38":"product-type-variable"},"_links":{"self":[{"href":"https:\/\/store.handsomecake.com\/en\/wp-json\/wp\/v2\/product\/5918","targetHints":{"allow":["GET"]}}],"collection":[{"href":"https:\/\/store.handsomecake.com\/en\/wp-json\/wp\/v2\/product"}],"about":[{"href":"https:\/\/store.handsomecake.com\/en\/wp-json\/wp\/v2\/types\/product"}],"replies":[{"embeddable":true,"href":"https:\/\/store.handsomecake.com\/en\/wp-json\/wp\/v2\/comments?post=5918"}],"wp:featuredmedia":[{"embeddable":true,"href":"https:\/\/store.handsomecake.com\/en\/wp-json\/wp\/v2\/media\/5919"}],"wp:attachment":[{"href":"https:\/\/store.handsomecake.com\/en\/wp-json\/wp\/v2\/media?parent=5918"}],"wp:term":[{"taxonomy":"product_brand","embeddable":true,"href":"https:\/\/store.handsomecake.com\/en\/wp-json\/wp\/v2\/product_brand?post=5918"},{"taxonomy":"product_cat","embeddable":true,"href":"https:\/\/store.handsomecake.com\/en\/wp-json\/wp\/v2\/product_cat?post=5918"},{"taxonomy":"product_tag","embeddable":true,"href":"https:\/\/store.handsomecake.com\/en\/wp-json\/wp\/v2\/product_tag?post=5918"}],"curies":[{"name":"wp","href":"https:\/\/api.w.org\/{rel}","templated":true}]}}